{"id":24705,"date":"2026-01-26T18:06:02","date_gmt":"2026-01-26T17:06:02","guid":{"rendered":"https:\/\/www.pasovi-verona.si\/?post_type=product&#038;p=24705"},"modified":"2026-01-26T18:13:07","modified_gmt":"2026-01-26T17:13:07","slug":"uzda-usnjena-za-hladnokrvne-konje-2","status":"publish","type":"product","link":"https:\/\/www.pasovi-verona.si\/en\/izdelek\/uzda-usnjena-za-hladnokrvne-konje-2\/","title":{"rendered":"Uzda usnjena za hladnokrvne konje &#8211; Vodoodporen trak"},"content":{"rendered":"<p><span dir=\"auto\">Vodoodporen trak v barvi sladko rde\u010de barve, \u0161irine 25 mm. Ta vodoodporni trak je prevle\u010den s PVC-jem. Je veliko bolj trpe\u017een kot obi\u010dajni polipropilenski trak. Je odporen proti obrabi, 100 % odporen na vodo in bakterije ter se ne razteza. Najraje se uporablja za pasje ovratnice, povodce, konjske povodce in uzde.<\/span><\/p>\n<p><span dir=\"auto\">Vsaka \u0161irina traku je bila temeljito preizku\u0161ena v certificiranem laboratoriju. To nam omogo\u010da, da poznamo natan\u010dne vrednosti pretr\u017ene obremenitve<\/span><\/p>\n","protected":false},"excerpt":{"rendered":"<p>Vodoodporen trak v barvi sladko rde\u010de barve, \u0161irine 25 mm. Ta vodoodporni trak je prevle\u010den s PVC-jem. Je veliko bolj trpe\u017een kot obi\u010dajni polipropilenski trak&#8230;.<\/p>\n","protected":false},"featured_media":24703,"comment_status":"open","ping_status":"closed","template":"","meta":{"_seopress_robots_primary_cat":"none","_seopress_titles_title":"","_seopress_titles_desc":"","_seopress_robots_index":""},"etheme_brands":[],"product_brand":[],"product_cat":[204],"product_tag":[],"class_list":{"0":"post-24705","1":"product","2":"type-product","3":"status-publish","4":"has-post-thumbnail","6":"product_cat-bridle","8":"first","9":"instock","10":"shipping-taxable","11":"purchasable","12":"product-type-variable"},"_links":{"self":[{"href":"https:\/\/www.pasovi-verona.si\/en\/wp-json\/wp\/v2\/product\/24705","targetHints":{"allow":["GET"]}}],"collection":[{"href":"https:\/\/www.pasovi-verona.si\/en\/wp-json\/wp\/v2\/product"}],"about":[{"href":"https:\/\/www.pasovi-verona.si\/en\/wp-json\/wp\/v2\/types\/product"}],"replies":[{"embeddable":true,"href":"https:\/\/www.pasovi-verona.si\/en\/wp-json\/wp\/v2\/comments?post=24705"}],"wp:featuredmedia":[{"embeddable":true,"href":"https:\/\/www.pasovi-verona.si\/en\/wp-json\/wp\/v2\/media\/24703"}],"wp:attachment":[{"href":"https:\/\/www.pasovi-verona.si\/en\/wp-json\/wp\/v2\/media?parent=24705"}],"wp:term":[{"taxonomy":"brand","embeddable":true,"href":"https:\/\/www.pasovi-verona.si\/en\/wp-json\/wp\/v2\/etheme_brands?post=24705"},{"taxonomy":"product_brand","embeddable":true,"href":"https:\/\/www.pasovi-verona.si\/en\/wp-json\/wp\/v2\/product_brand?post=24705"},{"taxonomy":"product_cat","embeddable":true,"href":"https:\/\/www.pasovi-verona.si\/en\/wp-json\/wp\/v2\/product_cat?post=24705"},{"taxonomy":"product_tag","embeddable":true,"href":"https:\/\/www.pasovi-verona.si\/en\/wp-json\/wp\/v2\/product_tag?post=24705"}],"curies":[{"name":"wp","href":"https:\/\/api.w.org\/{rel}","templated":true}]}}