{"id":24658,"date":"2025-12-25T13:23:32","date_gmt":"2025-12-25T12:23:32","guid":{"rendered":"https:\/\/www.pasovi-verona.si\/?post_type=product&#038;p=24658"},"modified":"2025-12-25T13:23:32","modified_gmt":"2025-12-25T12:23:32","slug":"kingman-4x-bullhide-klobuk-siv","status":"publish","type":"product","link":"https:\/\/www.pasovi-verona.si\/en\/izdelek\/kingman-4x-bullhide-klobuk-siv\/","title":{"rendered":"KINGMAN 4X- Bullhide klobuk &#8211; siv"},"content":{"rendered":"<p>Oblikovalen zahodni slamnati klobuk z zanimivo barvo in okrasnim trakom.\u00a0Z elasti\u010dnim notranjim trakom.<\/p>\n<p>Slamnati klobuk je sicer uporabljen in zasnovan za za\u0161\u010dito glave pred soncem, danes pa se nosi veliko bolj kot modno obla\u010dilo<\/p>\n","protected":false},"excerpt":{"rendered":"<p>Oblikovalen zahodni slamnati klobuk z zanimivo barvo in okrasnim trakom.\u00a0Z elasti\u010dnim notranjim trakom. Slamnati klobuk je sicer uporabljen in zasnovan za za\u0161\u010dito glave pred soncem,&#8230;<\/p>\n","protected":false},"featured_media":24676,"comment_status":"open","ping_status":"closed","template":"","meta":{"_seopress_robots_primary_cat":"","_seopress_titles_title":"","_seopress_titles_desc":"","_seopress_robots_index":""},"etheme_brands":[],"product_brand":[],"product_cat":[548],"product_tag":[],"class_list":{"0":"post-24658","1":"product","2":"type-product","3":"status-publish","4":"has-post-thumbnail","6":"product_cat-country-klobuki","8":"first","9":"instock","10":"shipping-taxable","11":"purchasable","12":"product-type-variable"},"_links":{"self":[{"href":"https:\/\/www.pasovi-verona.si\/en\/wp-json\/wp\/v2\/product\/24658","targetHints":{"allow":["GET"]}}],"collection":[{"href":"https:\/\/www.pasovi-verona.si\/en\/wp-json\/wp\/v2\/product"}],"about":[{"href":"https:\/\/www.pasovi-verona.si\/en\/wp-json\/wp\/v2\/types\/product"}],"replies":[{"embeddable":true,"href":"https:\/\/www.pasovi-verona.si\/en\/wp-json\/wp\/v2\/comments?post=24658"}],"wp:featuredmedia":[{"embeddable":true,"href":"https:\/\/www.pasovi-verona.si\/en\/wp-json\/wp\/v2\/media\/24676"}],"wp:attachment":[{"href":"https:\/\/www.pasovi-verona.si\/en\/wp-json\/wp\/v2\/media?parent=24658"}],"wp:term":[{"taxonomy":"brand","embeddable":true,"href":"https:\/\/www.pasovi-verona.si\/en\/wp-json\/wp\/v2\/etheme_brands?post=24658"},{"taxonomy":"product_brand","embeddable":true,"href":"https:\/\/www.pasovi-verona.si\/en\/wp-json\/wp\/v2\/product_brand?post=24658"},{"taxonomy":"product_cat","embeddable":true,"href":"https:\/\/www.pasovi-verona.si\/en\/wp-json\/wp\/v2\/product_cat?post=24658"},{"taxonomy":"product_tag","embeddable":true,"href":"https:\/\/www.pasovi-verona.si\/en\/wp-json\/wp\/v2\/product_tag?post=24658"}],"curies":[{"name":"wp","href":"https:\/\/api.w.org\/{rel}","templated":true}]}}