{"id":24610,"date":"2025-12-07T10:52:57","date_gmt":"2025-12-07T09:52:57","guid":{"rendered":"https:\/\/www.pasovi-verona.si\/?post_type=product&#038;p=24610"},"modified":"2025-12-07T11:05:38","modified_gmt":"2025-12-07T10:05:38","slug":"kovinski-logotip-snapback-klobuk-edinstven-etnicni-slog","status":"publish","type":"product","link":"https:\/\/www.pasovi-verona.si\/en\/izdelek\/kovinski-logotip-snapback-klobuk-edinstven-etnicni-slog\/","title":{"rendered":"Kovinski logotip Snapback klobuk edinstven etni\u010dni slog"},"content":{"rendered":"<p><label class=\"index_module_idAiSummary__content__p__label__174b454c\"><span dir=\"auto\">Poudarki <\/span><span dir=\"auto\">:<\/span><\/label><span dir=\"auto\">\u00a0Ta tovornjakarska kapa v zahodnja\u0161kem slogu ima\u00a0<\/span><span class=\"index_module_idAiSummary__content__p__bold__174b454c\"><span dir=\"auto\">zra\u010den mre\u017east dizajn<\/span><\/span><span dir=\"auto\">\u00a0z ne\u017enim kovinskim vezenjem, izdelana pa je iz\u00a0<\/span><span class=\"index_module_idAiSummary__content__p__bold__174b454c\"><span dir=\"auto\">trpe\u017ene cinkove zlitine<\/span><\/span><span dir=\"auto\">\u00a0. Ponuja prilagodljivost z velikostmi od 54 do 60 cm in se prilega razli\u010dnim obla\u010dilom za aktivnosti na prostem, kot so ribolov, smu\u010danje in izleti na pla\u017eo. S hitrim \u010dasom izdelave 5-7 dni in MOQ le 2 kosa je idealna za butike in proizvajalce velikih koli\u010din.<\/span><\/p>\n","protected":false},"excerpt":{"rendered":"<p>Poudarki :\u00a0Ta tovornjakarska kapa v zahodnja\u0161kem slogu ima\u00a0zra\u010den mre\u017east dizajn\u00a0z ne\u017enim kovinskim vezenjem, izdelana pa je iz\u00a0trpe\u017ene cinkove zlitine\u00a0. Ponuja prilagodljivost z velikostmi od 54&#8230;<\/p>\n","protected":false},"featured_media":24598,"comment_status":"open","ping_status":"closed","template":"","meta":{"_seopress_robots_primary_cat":"","_seopress_titles_title":"","_seopress_titles_desc":"","_seopress_robots_index":""},"etheme_brands":[],"product_brand":[],"product_cat":[693],"product_tag":[],"class_list":{"0":"post-24610","1":"product","2":"type-product","3":"status-publish","4":"has-post-thumbnail","6":"product_cat-country-cepice","8":"first","9":"instock","10":"featured","11":"shipping-taxable","12":"purchasable","13":"product-type-simple"},"_links":{"self":[{"href":"https:\/\/www.pasovi-verona.si\/en\/wp-json\/wp\/v2\/product\/24610","targetHints":{"allow":["GET"]}}],"collection":[{"href":"https:\/\/www.pasovi-verona.si\/en\/wp-json\/wp\/v2\/product"}],"about":[{"href":"https:\/\/www.pasovi-verona.si\/en\/wp-json\/wp\/v2\/types\/product"}],"replies":[{"embeddable":true,"href":"https:\/\/www.pasovi-verona.si\/en\/wp-json\/wp\/v2\/comments?post=24610"}],"wp:featuredmedia":[{"embeddable":true,"href":"https:\/\/www.pasovi-verona.si\/en\/wp-json\/wp\/v2\/media\/24598"}],"wp:attachment":[{"href":"https:\/\/www.pasovi-verona.si\/en\/wp-json\/wp\/v2\/media?parent=24610"}],"wp:term":[{"taxonomy":"brand","embeddable":true,"href":"https:\/\/www.pasovi-verona.si\/en\/wp-json\/wp\/v2\/etheme_brands?post=24610"},{"taxonomy":"product_brand","embeddable":true,"href":"https:\/\/www.pasovi-verona.si\/en\/wp-json\/wp\/v2\/product_brand?post=24610"},{"taxonomy":"product_cat","embeddable":true,"href":"https:\/\/www.pasovi-verona.si\/en\/wp-json\/wp\/v2\/product_cat?post=24610"},{"taxonomy":"product_tag","embeddable":true,"href":"https:\/\/www.pasovi-verona.si\/en\/wp-json\/wp\/v2\/product_tag?post=24610"}],"curies":[{"name":"wp","href":"https:\/\/api.w.org\/{rel}","templated":true}]}}