{"id":24562,"date":"2025-12-07T10:15:34","date_gmt":"2025-12-07T09:15:34","guid":{"rendered":"https:\/\/www.pasovi-verona.si\/?post_type=product&#038;p=24562"},"modified":"2025-12-07T10:17:28","modified_gmt":"2025-12-07T09:17:28","slug":"zahodna-kovinska-3d-logotip-snapback-ball-cap-modna-jeans-platnena","status":"publish","type":"product","link":"https:\/\/www.pasovi-verona.si\/en\/izdelek\/zahodna-kovinska-3d-logotip-snapback-ball-cap-modna-jeans-platnena\/","title":{"rendered":"Zahodna kovinska 3D logotip Snapback Ball Cap Modna jeans platnena"},"content":{"rendered":"<p><label class=\"index_module_idAiSummary__content__p__label__174b454c\"><span dir=\"auto\">Poudarki\u00a0<\/span><span dir=\"auto\">:<\/span><\/label><span dir=\"auto\">\u00a0Ta klobuk v zahodnja\u0161kem slogu s klju\u010davnico ima\u00a0<\/span><span class=\"index_module_idAiSummary__content__p__bold__174b454c\"><span dir=\"auto\">edinstven kovinski logotip v obliki podkve<\/span><\/span><span dir=\"auto\">\u00a0, ki zdru\u017euje etni\u010dni \u010dar z modno mre\u017easto tkanino. Ponuja prilagodljivost z velikostmi od 54 do 60 cm in je izdelan iz trpe\u017enih cinkovih zlitin.\u00a0<\/span><span class=\"index_module_idAiSummary__content__p__bold__174b454c\"><span dir=\"auto\">Zra\u010dna mre\u017easta zasnova<\/span><\/span><span dir=\"auto\">\u00a0zagotavlja udobje, njegov vsestranski slog pa se poda k razli\u010dnim obla\u010dilom za prosti \u010das, ribolov ali pustolov\u0161\u010dine na prostem.<\/span><\/p>\n","protected":false},"excerpt":{"rendered":"<p>Poudarki\u00a0:\u00a0Ta klobuk v zahodnja\u0161kem slogu s klju\u010davnico ima\u00a0edinstven kovinski logotip v obliki podkve\u00a0, ki zdru\u017euje etni\u010dni \u010dar z modno mre\u017easto tkanino. Ponuja prilagodljivost z velikostmi&#8230;<\/p>\n","protected":false},"featured_media":24538,"comment_status":"open","ping_status":"closed","template":"","meta":{"_seopress_robots_primary_cat":"none","_seopress_titles_title":"","_seopress_titles_desc":"","_seopress_robots_index":""},"etheme_brands":[],"product_brand":[],"product_cat":[693],"product_tag":[],"class_list":{"0":"post-24562","1":"product","2":"type-product","3":"status-publish","4":"has-post-thumbnail","6":"product_cat-country-cepice","8":"first","9":"instock","10":"shipping-taxable","11":"purchasable","12":"product-type-simple"},"_links":{"self":[{"href":"https:\/\/www.pasovi-verona.si\/en\/wp-json\/wp\/v2\/product\/24562","targetHints":{"allow":["GET"]}}],"collection":[{"href":"https:\/\/www.pasovi-verona.si\/en\/wp-json\/wp\/v2\/product"}],"about":[{"href":"https:\/\/www.pasovi-verona.si\/en\/wp-json\/wp\/v2\/types\/product"}],"replies":[{"embeddable":true,"href":"https:\/\/www.pasovi-verona.si\/en\/wp-json\/wp\/v2\/comments?post=24562"}],"wp:featuredmedia":[{"embeddable":true,"href":"https:\/\/www.pasovi-verona.si\/en\/wp-json\/wp\/v2\/media\/24538"}],"wp:attachment":[{"href":"https:\/\/www.pasovi-verona.si\/en\/wp-json\/wp\/v2\/media?parent=24562"}],"wp:term":[{"taxonomy":"brand","embeddable":true,"href":"https:\/\/www.pasovi-verona.si\/en\/wp-json\/wp\/v2\/etheme_brands?post=24562"},{"taxonomy":"product_brand","embeddable":true,"href":"https:\/\/www.pasovi-verona.si\/en\/wp-json\/wp\/v2\/product_brand?post=24562"},{"taxonomy":"product_cat","embeddable":true,"href":"https:\/\/www.pasovi-verona.si\/en\/wp-json\/wp\/v2\/product_cat?post=24562"},{"taxonomy":"product_tag","embeddable":true,"href":"https:\/\/www.pasovi-verona.si\/en\/wp-json\/wp\/v2\/product_tag?post=24562"}],"curies":[{"name":"wp","href":"https:\/\/api.w.org\/{rel}","templated":true}]}}