{"id":24531,"date":"2025-12-07T10:07:27","date_gmt":"2025-12-07T09:07:27","guid":{"rendered":"https:\/\/www.pasovi-verona.si\/?post_type=product&#038;p=24531"},"modified":"2025-12-07T10:07:28","modified_gmt":"2025-12-07T09:07:28","slug":"prilagodljiv-3d-podkev-klobuk-edinstven-etnicni-mehiski-dizajn","status":"publish","type":"product","link":"https:\/\/www.pasovi-verona.si\/en\/izdelek\/prilagodljiv-3d-podkev-klobuk-edinstven-etnicni-mehiski-dizajn\/","title":{"rendered":"Prilagodljiv 3D podkev klobuk edinstven etni\u010dni mehi\u0161ki dizajn"},"content":{"rendered":"<p><span dir=\"auto\">Ta klobuk v zahodnja\u0161kem slogu ima\u00a0<\/span><span class=\"index_module_idAiSummary__content__p__bold__174b454c\"><span dir=\"auto\">edinstven \u010dar z mo\u017enostjo prilagajanja velikosti<\/span><\/span><span dir=\"auto\">\u00a0od 54 do 60 cm, izdelan je iz trpe\u017enih cinkovih zlitin. Ima\u00a0<\/span><span class=\"index_module_idAiSummary__content__p__bold__174b454c\"><span dir=\"auto\">zra\u010dno mre\u017easto kapo<\/span><\/span><span dir=\"auto\"> s tankim kovinskim vezenjem, primerno za razli\u010dne obleke in prilo\u017enosti, kot so pla\u017ea, ribolov in potovanja.<\/span><\/p>\n","protected":false},"excerpt":{"rendered":"<p>Ta klobuk v zahodnja\u0161kem slogu ima\u00a0edinstven \u010dar z mo\u017enostjo prilagajanja velikosti\u00a0od 54 do 60 cm, izdelan je iz trpe\u017enih cinkovih zlitin. Ima\u00a0zra\u010dno mre\u017easto kapo s&#8230;<\/p>\n","protected":false},"featured_media":24544,"comment_status":"open","ping_status":"closed","template":"","meta":{"_seopress_robots_primary_cat":"","_seopress_titles_title":"","_seopress_titles_desc":"","_seopress_robots_index":""},"etheme_brands":[],"product_brand":[],"product_cat":[693],"product_tag":[],"class_list":{"0":"post-24531","1":"product","2":"type-product","3":"status-publish","4":"has-post-thumbnail","6":"product_cat-country-cepice","8":"first","9":"instock","10":"shipping-taxable","11":"purchasable","12":"product-type-simple"},"_links":{"self":[{"href":"https:\/\/www.pasovi-verona.si\/en\/wp-json\/wp\/v2\/product\/24531","targetHints":{"allow":["GET"]}}],"collection":[{"href":"https:\/\/www.pasovi-verona.si\/en\/wp-json\/wp\/v2\/product"}],"about":[{"href":"https:\/\/www.pasovi-verona.si\/en\/wp-json\/wp\/v2\/types\/product"}],"replies":[{"embeddable":true,"href":"https:\/\/www.pasovi-verona.si\/en\/wp-json\/wp\/v2\/comments?post=24531"}],"wp:featuredmedia":[{"embeddable":true,"href":"https:\/\/www.pasovi-verona.si\/en\/wp-json\/wp\/v2\/media\/24544"}],"wp:attachment":[{"href":"https:\/\/www.pasovi-verona.si\/en\/wp-json\/wp\/v2\/media?parent=24531"}],"wp:term":[{"taxonomy":"brand","embeddable":true,"href":"https:\/\/www.pasovi-verona.si\/en\/wp-json\/wp\/v2\/etheme_brands?post=24531"},{"taxonomy":"product_brand","embeddable":true,"href":"https:\/\/www.pasovi-verona.si\/en\/wp-json\/wp\/v2\/product_brand?post=24531"},{"taxonomy":"product_cat","embeddable":true,"href":"https:\/\/www.pasovi-verona.si\/en\/wp-json\/wp\/v2\/product_cat?post=24531"},{"taxonomy":"product_tag","embeddable":true,"href":"https:\/\/www.pasovi-verona.si\/en\/wp-json\/wp\/v2\/product_tag?post=24531"}],"curies":[{"name":"wp","href":"https:\/\/api.w.org\/{rel}","templated":true}]}}