{"id":24460,"date":"2025-11-21T09:39:07","date_gmt":"2025-11-21T08:39:07","guid":{"rendered":"https:\/\/www.pasovi-verona.si\/?post_type=product&#038;p=24460"},"modified":"2025-11-21T09:39:40","modified_gmt":"2025-11-21T08:39:40","slug":"moska-denarnica-tillberg-dizajn-tovornjaka-100-usnje-vodnega-bivola-jc104w-82-goba","status":"publish","type":"product","link":"https:\/\/www.pasovi-verona.si\/en\/izdelek\/moska-denarnica-tillberg-dizajn-tovornjaka-100-usnje-vodnega-bivola-jc104w-82-goba\/","title":{"rendered":"Mo\u0161ka denarnica Tillberg, dizajn tovornjaka, 100 % usnje vodnega bivola,  JC104W\/82 &#8211; goba"},"content":{"rendered":"<p><span dir=\"auto\">Linija izdelkov Tillberg je specializirana za visokokakovostne izdelke iz trpe\u017enih materialov. Blagovna znamka daje velik poudarek prvovrstni izdelavi, zato se te edinstvene denarnice izka\u017eejo za zanesljive spremljevalke \u0161e vrsto let.<\/span><br \/>\n<span dir=\"auto\">To zagotovo velja za to fantasti\u010dno vodoravno denarnico, ki meri 10 x 12 x 2,5 cm. Ta denarnica ima na sprednji in zadnji strani sodoben potisk orla.<\/span><br \/>\n<span dir=\"auto\">Poleg tega ima robustna denarnica skupno 11 re\u017e za kreditne kartice, od katerih sta dve prozorni, kar vam omogo\u010da enostaven pregled vsebine denarnice, kot so osebna izkaznica, vozni\u0161ko dovoljenje ali lovska izkaznica. Zahvaljujo\u010d varnostni zaponki z zapiranjem na klik so vse va\u0161e stvari vedno varne.<\/span><br \/>\n<span dir=\"auto\">Za manj\u0161e predmete, kot so klju\u010di ali nakit, denarnica vklju\u010duje majhen varnostni \u017eep z zadrgo in skriti predal. Dva lo\u010dena predala za bankovce nudita dovolj prostora za bankovce. Druga prednost je \u017eep za kovance z zanesljivim zapiranjem na klik, kjer lahko varno shranite drobi\u017e. Predal ima integriran \u017eeton za nakupovalno ko\u0161arico, tako da ga lahko uporabite za nakupovalno ko\u0161arico in ga imate vedno pri roki.<\/span><\/p>\n","protected":false},"excerpt":{"rendered":"<p>Linija izdelkov Tillberg je specializirana za visokokakovostne izdelke iz trpe\u017enih materialov. Blagovna znamka daje velik poudarek prvovrstni izdelavi, zato se te edinstvene denarnice izka\u017eejo za&#8230;<\/p>\n","protected":false},"featured_media":24463,"comment_status":"open","ping_status":"closed","template":"","meta":{"_seopress_robots_primary_cat":"none","_seopress_titles_title":"","_seopress_titles_desc":"","_seopress_robots_index":""},"etheme_brands":[],"product_brand":[],"product_cat":[563,708],"product_tag":[],"class_list":{"0":"post-24460","1":"product","2":"type-product","3":"status-publish","4":"has-post-thumbnail","6":"product_cat-moske-usnjene-denarnice","7":"product_cat-z-razlicnimi-dodatki","9":"first","10":"instock","11":"shipping-taxable","12":"purchasable","13":"product-type-simple"},"_links":{"self":[{"href":"https:\/\/www.pasovi-verona.si\/en\/wp-json\/wp\/v2\/product\/24460","targetHints":{"allow":["GET"]}}],"collection":[{"href":"https:\/\/www.pasovi-verona.si\/en\/wp-json\/wp\/v2\/product"}],"about":[{"href":"https:\/\/www.pasovi-verona.si\/en\/wp-json\/wp\/v2\/types\/product"}],"replies":[{"embeddable":true,"href":"https:\/\/www.pasovi-verona.si\/en\/wp-json\/wp\/v2\/comments?post=24460"}],"wp:featuredmedia":[{"embeddable":true,"href":"https:\/\/www.pasovi-verona.si\/en\/wp-json\/wp\/v2\/media\/24463"}],"wp:attachment":[{"href":"https:\/\/www.pasovi-verona.si\/en\/wp-json\/wp\/v2\/media?parent=24460"}],"wp:term":[{"taxonomy":"brand","embeddable":true,"href":"https:\/\/www.pasovi-verona.si\/en\/wp-json\/wp\/v2\/etheme_brands?post=24460"},{"taxonomy":"product_brand","embeddable":true,"href":"https:\/\/www.pasovi-verona.si\/en\/wp-json\/wp\/v2\/product_brand?post=24460"},{"taxonomy":"product_cat","embeddable":true,"href":"https:\/\/www.pasovi-verona.si\/en\/wp-json\/wp\/v2\/product_cat?post=24460"},{"taxonomy":"product_tag","embeddable":true,"href":"https:\/\/www.pasovi-verona.si\/en\/wp-json\/wp\/v2\/product_tag?post=24460"}],"curies":[{"name":"wp","href":"https:\/\/api.w.org\/{rel}","templated":true}]}}