{"id":24440,"date":"2025-11-21T09:25:47","date_gmt":"2025-11-21T08:25:47","guid":{"rendered":"https:\/\/www.pasovi-verona.si\/?post_type=product&#038;p=24440"},"modified":"2025-11-21T09:25:47","modified_gmt":"2025-11-21T08:25:47","slug":"moska-denarnica-pravo-usnje-95x12x2-cm-989-a-l-notranjost-iz-usnja-rdeckasto-rjava","status":"publish","type":"product","link":"https:\/\/www.pasovi-verona.si\/en\/izdelek\/moska-denarnica-pravo-usnje-95x12x2-cm-989-a-l-notranjost-iz-usnja-rdeckasto-rjava\/","title":{"rendered":"Mo\u0161ka denarnica, pravo usnje, 9,5x12x2 cm, 989\/A\/L, notranjost iz usnja &#8211; rde\u010dkasto rjava"},"content":{"rendered":"<p><strong><span dir=\"auto\">\u00a0denarnica iz pravega usnja<\/span><\/strong><\/p>\n<ul>\n<li><span dir=\"auto\">Dol\u017eina 9,5 cm, \u0161irina 12 cm, vi\u0161ina 2 cm<\/span><\/li>\n<li><span dir=\"auto\">2 predala za bankovce<\/span><\/li>\n<li><span dir=\"auto\">Predal za kovance z zapiranjem na gumb<\/span><\/li>\n<li><span dir=\"auto\">8 re\u017e za debetne in kreditne kartice<\/span><\/li>\n<li><span dir=\"auto\">2 prozorna predala za osebne izkaznice<\/span><\/li>\n<li><span dir=\"auto\">majhen predal z zadrgo<\/span><\/li>\n<li><span dir=\"auto\">robustna in visokokakovostna<\/span><\/li>\n<\/ul>\n","protected":false},"excerpt":{"rendered":"<p>\u00a0denarnica iz pravega usnja Dol\u017eina 9,5 cm, \u0161irina 12 cm, vi\u0161ina 2 cm 2 predala za bankovce Predal za kovance z zapiranjem na gumb 8&#8230;<\/p>\n","protected":false},"featured_media":24443,"comment_status":"open","ping_status":"closed","template":"","meta":{"_seopress_robots_primary_cat":"","_seopress_titles_title":"","_seopress_titles_desc":"","_seopress_robots_index":""},"etheme_brands":[],"product_brand":[],"product_cat":[563],"product_tag":[],"class_list":{"0":"post-24440","1":"product","2":"type-product","3":"status-publish","4":"has-post-thumbnail","6":"product_cat-moske-usnjene-denarnice","8":"first","9":"instock","10":"shipping-taxable","11":"purchasable","12":"product-type-simple"},"_links":{"self":[{"href":"https:\/\/www.pasovi-verona.si\/en\/wp-json\/wp\/v2\/product\/24440","targetHints":{"allow":["GET"]}}],"collection":[{"href":"https:\/\/www.pasovi-verona.si\/en\/wp-json\/wp\/v2\/product"}],"about":[{"href":"https:\/\/www.pasovi-verona.si\/en\/wp-json\/wp\/v2\/types\/product"}],"replies":[{"embeddable":true,"href":"https:\/\/www.pasovi-verona.si\/en\/wp-json\/wp\/v2\/comments?post=24440"}],"wp:featuredmedia":[{"embeddable":true,"href":"https:\/\/www.pasovi-verona.si\/en\/wp-json\/wp\/v2\/media\/24443"}],"wp:attachment":[{"href":"https:\/\/www.pasovi-verona.si\/en\/wp-json\/wp\/v2\/media?parent=24440"}],"wp:term":[{"taxonomy":"brand","embeddable":true,"href":"https:\/\/www.pasovi-verona.si\/en\/wp-json\/wp\/v2\/etheme_brands?post=24440"},{"taxonomy":"product_brand","embeddable":true,"href":"https:\/\/www.pasovi-verona.si\/en\/wp-json\/wp\/v2\/product_brand?post=24440"},{"taxonomy":"product_cat","embeddable":true,"href":"https:\/\/www.pasovi-verona.si\/en\/wp-json\/wp\/v2\/product_cat?post=24440"},{"taxonomy":"product_tag","embeddable":true,"href":"https:\/\/www.pasovi-verona.si\/en\/wp-json\/wp\/v2\/product_tag?post=24440"}],"curies":[{"name":"wp","href":"https:\/\/api.w.org\/{rel}","templated":true}]}}