{"id":24430,"date":"2025-11-21T09:18:22","date_gmt":"2025-11-21T08:18:22","guid":{"rendered":"https:\/\/www.pasovi-verona.si\/?post_type=product&#038;p=24430"},"modified":"2025-12-13T13:33:39","modified_gmt":"2025-12-13T12:33:39","slug":"denarnica-iz-pravega-usnja-tillberg-z-motivom-volka-temno-rjava","status":"publish","type":"product","link":"https:\/\/www.pasovi-verona.si\/en\/izdelek\/denarnica-iz-pravega-usnja-tillberg-z-motivom-volka-temno-rjava\/","title":{"rendered":"Denarnica iz pravega usnja Tillberg z motivom volka, temno rjava"},"content":{"rendered":"<div class=\"desc\">\n<p><span dir=\"auto\">Blagovna znamka Tillberg je sinonim za trpe\u017eno kakovost v kombinaciji s privla\u010dnim dizajnom. Usnjeni izdelki Tillberg govorijo sami zase s svojo brez\u010dasno obliko in visoko kakovostjo. Ta denarnica iz pravega usnja se pona\u0161a z elegantnim videzom in prakti\u010dnim vodoravnim formatom, na sprednji strani pa ima motiv volka in lune. Z devetimi re\u017eami za kartice denarnica ponuja veliko prostora za debetne in kreditne kartice. Na voljo sta tudi dva \u017eepa za osebne izkaznice, registracijo vozila in druge pomembne dokumente, ki jih lahko enostavno vidite skozi prozorna okna. Poleg tega ima denarnica varnostni predal z zadrgo in dva stranska \u017eepa. Kreditne kartice so varno pritrjene z zapiranjem na zaponko. Dva lo\u010dena predala za bankovce in \u017eep za kovance, ki je prav tako zavarovan s zaponko, zagotavljata priro\u010dno shranjevanje gotovine. Prilo\u017een je \u017eeton za nakupovalno ko\u0161arico. \u0160tevilni predali so omogo\u010deni zaradi velikodu\u0161nih dimenzij denarnice: dol\u017eina 9,5 cm, \u0161irina 11,5 cm in vi\u0161ina 2 cm.<\/span><\/p>\n<\/div>\n<div class=\"product-attributes\"><\/div>\n","protected":false},"excerpt":{"rendered":"<p>Blagovna znamka Tillberg je sinonim za trpe\u017eno kakovost v kombinaciji s privla\u010dnim dizajnom. Usnjeni izdelki Tillberg govorijo sami zase s svojo brez\u010dasno obliko in visoko&#8230;<\/p>\n","protected":false},"featured_media":24433,"comment_status":"open","ping_status":"closed","template":"","meta":{"_seopress_robots_primary_cat":"","_seopress_titles_title":"","_seopress_titles_desc":"","_seopress_robots_index":""},"etheme_brands":[],"product_brand":[],"product_cat":[563],"product_tag":[],"class_list":{"0":"post-24430","1":"product","2":"type-product","3":"status-publish","4":"has-post-thumbnail","6":"product_cat-moske-usnjene-denarnice","8":"first","9":"outofstock","10":"shipping-taxable","11":"purchasable","12":"product-type-simple"},"_links":{"self":[{"href":"https:\/\/www.pasovi-verona.si\/en\/wp-json\/wp\/v2\/product\/24430","targetHints":{"allow":["GET"]}}],"collection":[{"href":"https:\/\/www.pasovi-verona.si\/en\/wp-json\/wp\/v2\/product"}],"about":[{"href":"https:\/\/www.pasovi-verona.si\/en\/wp-json\/wp\/v2\/types\/product"}],"replies":[{"embeddable":true,"href":"https:\/\/www.pasovi-verona.si\/en\/wp-json\/wp\/v2\/comments?post=24430"}],"wp:featuredmedia":[{"embeddable":true,"href":"https:\/\/www.pasovi-verona.si\/en\/wp-json\/wp\/v2\/media\/24433"}],"wp:attachment":[{"href":"https:\/\/www.pasovi-verona.si\/en\/wp-json\/wp\/v2\/media?parent=24430"}],"wp:term":[{"taxonomy":"brand","embeddable":true,"href":"https:\/\/www.pasovi-verona.si\/en\/wp-json\/wp\/v2\/etheme_brands?post=24430"},{"taxonomy":"product_brand","embeddable":true,"href":"https:\/\/www.pasovi-verona.si\/en\/wp-json\/wp\/v2\/product_brand?post=24430"},{"taxonomy":"product_cat","embeddable":true,"href":"https:\/\/www.pasovi-verona.si\/en\/wp-json\/wp\/v2\/product_cat?post=24430"},{"taxonomy":"product_tag","embeddable":true,"href":"https:\/\/www.pasovi-verona.si\/en\/wp-json\/wp\/v2\/product_tag?post=24430"}],"curies":[{"name":"wp","href":"https:\/\/api.w.org\/{rel}","templated":true}]}}