{"id":24427,"date":"2025-11-21T09:15:56","date_gmt":"2025-11-21T08:15:56","guid":{"rendered":"https:\/\/www.pasovi-verona.si\/?post_type=product&#038;p=24427"},"modified":"2025-11-21T09:15:56","modified_gmt":"2025-11-21T08:15:56","slug":"visokokakovostna-robustna-denarnica-iz-usnja-vodnega-bivola-18-x-11-x-3-cm-jc315-71-crne-barve","status":"publish","type":"product","link":"https:\/\/www.pasovi-verona.si\/en\/izdelek\/visokokakovostna-robustna-denarnica-iz-usnja-vodnega-bivola-18-x-11-x-3-cm-jc315-71-crne-barve\/","title":{"rendered":"Visokokakovostna, robustna denarnica iz usnja vodnega bivola, 18 x 11 x 3 cm \/ JC315\/71 \u010drne barve"},"content":{"rendered":"<p><span dir=\"auto\">Blagovna znamka Tillberg je sinonim za trpe\u017eno kakovost v kombinaciji s privla\u010dnim dizajnom. Usnjeni izdelki Tillberg govorijo sami zase s svojo brez\u010dasno obliko in visoko kakovostjo.<\/span><br \/>\n<span dir=\"auto\">Ta denarnica, izdelana iz usnja vodnega bivola, se pona\u0161a z elegantnim videzom in prakti\u010dnim vodoravnim formatom. Z 10 predali ponuja veliko prostora za osebne izkaznice, registracijske dokumente za vozila, debetne in kreditne kartice.<\/span><br \/>\n<span dir=\"auto\">Poleg tega ima varnostni predal z zadrgo in dva stranska \u017eepa. \u0160tirje lo\u010deni predali za bankovce in dva lo\u010dena \u017eepa za kovance, ki se zapirajo z zaponko, zagotavljajo priro\u010dno shranjevanje gotovine. Stranke bodo cenile prilo\u017eeni \u017eeton za nakupovalno ko\u0161arico.<\/span><br \/>\n<span dir=\"auto\">\u0160tevilni predali so omogo\u010deni zaradi velikodu\u0161nih dimenzij denarnice: 9 cm v dol\u017eino, 17 cm v \u0161irino in 4 cm v vi\u0161ino. Ta visokokakovostna, dobro izdelana denarnica se zapira z zaponko.<\/span><\/p>\n","protected":false},"excerpt":{"rendered":"<p>Blagovna znamka Tillberg je sinonim za trpe\u017eno kakovost v kombinaciji s privla\u010dnim dizajnom. Usnjeni izdelki Tillberg govorijo sami zase s svojo brez\u010dasno obliko in visoko&#8230;<\/p>\n","protected":false},"featured_media":24425,"comment_status":"open","ping_status":"closed","template":"","meta":{"_seopress_robots_primary_cat":"","_seopress_titles_title":"","_seopress_titles_desc":"","_seopress_robots_index":""},"etheme_brands":[],"product_brand":[],"product_cat":[563],"product_tag":[],"class_list":{"0":"post-24427","1":"product","2":"type-product","3":"status-publish","4":"has-post-thumbnail","6":"product_cat-moske-usnjene-denarnice","8":"first","9":"instock","10":"shipping-taxable","11":"purchasable","12":"product-type-simple"},"_links":{"self":[{"href":"https:\/\/www.pasovi-verona.si\/en\/wp-json\/wp\/v2\/product\/24427","targetHints":{"allow":["GET"]}}],"collection":[{"href":"https:\/\/www.pasovi-verona.si\/en\/wp-json\/wp\/v2\/product"}],"about":[{"href":"https:\/\/www.pasovi-verona.si\/en\/wp-json\/wp\/v2\/types\/product"}],"replies":[{"embeddable":true,"href":"https:\/\/www.pasovi-verona.si\/en\/wp-json\/wp\/v2\/comments?post=24427"}],"wp:featuredmedia":[{"embeddable":true,"href":"https:\/\/www.pasovi-verona.si\/en\/wp-json\/wp\/v2\/media\/24425"}],"wp:attachment":[{"href":"https:\/\/www.pasovi-verona.si\/en\/wp-json\/wp\/v2\/media?parent=24427"}],"wp:term":[{"taxonomy":"brand","embeddable":true,"href":"https:\/\/www.pasovi-verona.si\/en\/wp-json\/wp\/v2\/etheme_brands?post=24427"},{"taxonomy":"product_brand","embeddable":true,"href":"https:\/\/www.pasovi-verona.si\/en\/wp-json\/wp\/v2\/product_brand?post=24427"},{"taxonomy":"product_cat","embeddable":true,"href":"https:\/\/www.pasovi-verona.si\/en\/wp-json\/wp\/v2\/product_cat?post=24427"},{"taxonomy":"product_tag","embeddable":true,"href":"https:\/\/www.pasovi-verona.si\/en\/wp-json\/wp\/v2\/product_tag?post=24427"}],"curies":[{"name":"wp","href":"https:\/\/api.w.org\/{rel}","templated":true}]}}