{"id":24368,"date":"2025-11-20T09:23:09","date_gmt":"2025-11-20T08:23:09","guid":{"rendered":"https:\/\/www.pasovi-verona.si\/?post_type=product&#038;p=24368"},"modified":"2025-11-20T09:23:10","modified_gmt":"2025-11-20T08:23:10","slug":"samo-prava-divjina-denarnica-etui-za-kreditne-kartice-iz-usnja-vodnega-bivola-s-sponko-za-dolar-rfid-zascita-barva-taupe","status":"publish","type":"product","link":"https:\/\/www.pasovi-verona.si\/en\/izdelek\/samo-prava-divjina-denarnica-etui-za-kreditne-kartice-iz-usnja-vodnega-bivola-s-sponko-za-dolar-rfid-zascita-barva-taupe\/","title":{"rendered":"Samo prava divjina!!! Denarnica\/etui za kreditne kartice iz usnja vodnega bivola s sponko za dolar, RFID za\u0161\u010dita, barva taupe"},"content":{"rendered":"<ul id=\"product-tabs\" class=\"nav nav-tabs \" role=\"tablist\">\n<li id=\"label-description\" class=\"nav-item \" title=\"Opis\" role=\"presentation\"><a id=\"tab-link-description\" class=\"nav-link active\" role=\"tab\" href=\"https:\/\/www.surjeet-reena-gmbh.de\/Wild-Real-Only-Geldboerse-Kreditkartenetui-aus-Wasserbueffelleder-mit-Dollarclip-RFID-Schutz-taupe#tab-description\" data-toggle=\"tab\" aria-controls=\"tab-description\"><span dir=\"auto\">Opis<\/span><\/a><\/li>\n<\/ul>\n<div id=\"tab-content-product-tabs\" class=\"tab-content\">\n<div id=\"tab-description\" class=\"tab-pane fade  show active\" role=\"tabpanel\" aria-labelledby=\"tab-link-description\">\n<div class=\"desc\">\n<p><span dir=\"auto\">Denarnica iz pravega usnja &#8211; Dimenzije: 8,5 cm x 11,5 cm x 1 cm &#8211; Sponka za bankovce &#8211; 1 \u017eep za kovance z zadrgo &#8211; 1 prozorno okence za osebno izkaznico &#8211; 3 re\u017ee za debetne in kreditne kartice &#8211; 1 \u017eep za naramnice &#8211; RFID za\u0161\u010dita<\/span><\/p>\n<\/div>\n<\/div>\n<\/div>\n","protected":false},"excerpt":{"rendered":"<p>Opis Denarnica iz pravega usnja &#8211; Dimenzije: 8,5 cm x 11,5 cm x 1 cm &#8211; Sponka za bankovce &#8211; 1 \u017eep za kovance z&#8230;<\/p>\n","protected":false},"featured_media":24371,"comment_status":"open","ping_status":"closed","template":"","meta":{"_seopress_robots_primary_cat":"","_seopress_titles_title":"","_seopress_titles_desc":"","_seopress_robots_index":""},"etheme_brands":[],"product_brand":[],"product_cat":[563],"product_tag":[],"class_list":{"0":"post-24368","1":"product","2":"type-product","3":"status-publish","4":"has-post-thumbnail","6":"product_cat-moske-usnjene-denarnice","8":"first","9":"instock","10":"shipping-taxable","11":"purchasable","12":"product-type-simple"},"_links":{"self":[{"href":"https:\/\/www.pasovi-verona.si\/en\/wp-json\/wp\/v2\/product\/24368","targetHints":{"allow":["GET"]}}],"collection":[{"href":"https:\/\/www.pasovi-verona.si\/en\/wp-json\/wp\/v2\/product"}],"about":[{"href":"https:\/\/www.pasovi-verona.si\/en\/wp-json\/wp\/v2\/types\/product"}],"replies":[{"embeddable":true,"href":"https:\/\/www.pasovi-verona.si\/en\/wp-json\/wp\/v2\/comments?post=24368"}],"wp:featuredmedia":[{"embeddable":true,"href":"https:\/\/www.pasovi-verona.si\/en\/wp-json\/wp\/v2\/media\/24371"}],"wp:attachment":[{"href":"https:\/\/www.pasovi-verona.si\/en\/wp-json\/wp\/v2\/media?parent=24368"}],"wp:term":[{"taxonomy":"brand","embeddable":true,"href":"https:\/\/www.pasovi-verona.si\/en\/wp-json\/wp\/v2\/etheme_brands?post=24368"},{"taxonomy":"product_brand","embeddable":true,"href":"https:\/\/www.pasovi-verona.si\/en\/wp-json\/wp\/v2\/product_brand?post=24368"},{"taxonomy":"product_cat","embeddable":true,"href":"https:\/\/www.pasovi-verona.si\/en\/wp-json\/wp\/v2\/product_cat?post=24368"},{"taxonomy":"product_tag","embeddable":true,"href":"https:\/\/www.pasovi-verona.si\/en\/wp-json\/wp\/v2\/product_tag?post=24368"}],"curies":[{"name":"wp","href":"https:\/\/api.w.org\/{rel}","templated":true}]}}