{"id":24359,"date":"2025-11-20T09:19:21","date_gmt":"2025-11-20T08:19:21","guid":{"rendered":"https:\/\/www.pasovi-verona.si\/?post_type=product&#038;p=24359"},"modified":"2025-11-20T09:19:21","modified_gmt":"2025-11-20T08:19:21","slug":"samo-prava-divjina-denarnica-etui-za-kreditne-kartice-iz-vodnega-bivoljega-usnja-s-sponko-za-dolar-rfid-zascita-crna","status":"publish","type":"product","link":"https:\/\/www.pasovi-verona.si\/en\/izdelek\/samo-prava-divjina-denarnica-etui-za-kreditne-kartice-iz-vodnega-bivoljega-usnja-s-sponko-za-dolar-rfid-zascita-crna\/","title":{"rendered":"Samo prava divjina!!! Denarnica\/etui za kreditne kartice iz vodnega bivoljega usnja s sponko za dolar, RFID za\u0161\u010dita, \u010drna"},"content":{"rendered":"<div class=\"desc\">\n<p><span dir=\"auto\">Denarnica iz pravega usnja &#8211; Dimenzije: 8,5 cm x 11,5 cm x 1 cm &#8211; Sponka za bankovce &#8211; 1 \u017eep za kovance z zadrgo &#8211; 1 prozorno okence za osebno izkaznico &#8211; 3 re\u017ee za debetne in kreditne kartice &#8211; 1 \u017eep za naramnice &#8211; RFID za\u0161\u010dita<\/span><\/p>\n<\/div>\n<div class=\"product-attributes\"><\/div>\n","protected":false},"excerpt":{"rendered":"<p>Denarnica iz pravega usnja &#8211; Dimenzije: 8,5 cm x 11,5 cm x 1 cm &#8211; Sponka za bankovce &#8211; 1 \u017eep za kovance z zadrgo&#8230;<\/p>\n","protected":false},"featured_media":24362,"comment_status":"open","ping_status":"closed","template":"","meta":{"_seopress_robots_primary_cat":"","_seopress_titles_title":"","_seopress_titles_desc":"","_seopress_robots_index":""},"etheme_brands":[],"product_brand":[],"product_cat":[563],"product_tag":[],"class_list":{"0":"post-24359","1":"product","2":"type-product","3":"status-publish","4":"has-post-thumbnail","6":"product_cat-moske-usnjene-denarnice","8":"first","9":"instock","10":"shipping-taxable","11":"purchasable","12":"product-type-simple"},"_links":{"self":[{"href":"https:\/\/www.pasovi-verona.si\/en\/wp-json\/wp\/v2\/product\/24359","targetHints":{"allow":["GET"]}}],"collection":[{"href":"https:\/\/www.pasovi-verona.si\/en\/wp-json\/wp\/v2\/product"}],"about":[{"href":"https:\/\/www.pasovi-verona.si\/en\/wp-json\/wp\/v2\/types\/product"}],"replies":[{"embeddable":true,"href":"https:\/\/www.pasovi-verona.si\/en\/wp-json\/wp\/v2\/comments?post=24359"}],"wp:featuredmedia":[{"embeddable":true,"href":"https:\/\/www.pasovi-verona.si\/en\/wp-json\/wp\/v2\/media\/24362"}],"wp:attachment":[{"href":"https:\/\/www.pasovi-verona.si\/en\/wp-json\/wp\/v2\/media?parent=24359"}],"wp:term":[{"taxonomy":"brand","embeddable":true,"href":"https:\/\/www.pasovi-verona.si\/en\/wp-json\/wp\/v2\/etheme_brands?post=24359"},{"taxonomy":"product_brand","embeddable":true,"href":"https:\/\/www.pasovi-verona.si\/en\/wp-json\/wp\/v2\/product_brand?post=24359"},{"taxonomy":"product_cat","embeddable":true,"href":"https:\/\/www.pasovi-verona.si\/en\/wp-json\/wp\/v2\/product_cat?post=24359"},{"taxonomy":"product_tag","embeddable":true,"href":"https:\/\/www.pasovi-verona.si\/en\/wp-json\/wp\/v2\/product_tag?post=24359"}],"curies":[{"name":"wp","href":"https:\/\/api.w.org\/{rel}","templated":true}]}}