{"id":24344,"date":"2025-11-20T09:11:24","date_gmt":"2025-11-20T08:11:24","guid":{"rendered":"https:\/\/www.pasovi-verona.si\/?post_type=product&#038;p=24344"},"modified":"2025-11-20T09:11:24","modified_gmt":"2025-11-20T08:11:24","slug":"denarnica-iz-pravega-usnja-v-rjavi-barvi","status":"publish","type":"product","link":"https:\/\/www.pasovi-verona.si\/en\/izdelek\/denarnica-iz-pravega-usnja-v-rjavi-barvi\/","title":{"rendered":"Denarnica iz pravega usnja v rjavi barvi"},"content":{"rendered":"<div class=\"desc\">\n<p><strong><span dir=\"auto\">Denarnica iz pravega usnja<\/span><\/strong><\/p>\n<ul>\n<li><span dir=\"auto\">Dol\u017eina 9,5 cm, \u0161irina 12 cm, vi\u0161ina 3 cm<\/span><\/li>\n<li><span dir=\"auto\">2 predala za bankovce<\/span><\/li>\n<li><span dir=\"auto\">Predal za kovance z zapiranjem na gumb<\/span><\/li>\n<li><span dir=\"auto\">6 re\u017e za debetne in kreditne kartice<\/span><\/li>\n<li><span dir=\"auto\">prozoren predal za osebne izkaznice<\/span><\/li>\n<li><span dir=\"auto\">Vklju\u010den nakupovalni \u010dip<\/span><\/li>\n<li><span dir=\"auto\">RFID za\u0161\u010dita<\/span><\/li>\n<li><span dir=\"auto\">robustna in visokokakovostna<\/span><\/li>\n<\/ul>\n<\/div>\n<div class=\"product-attributes\"><\/div>\n","protected":false},"excerpt":{"rendered":"<p>Denarnica iz pravega usnja Dol\u017eina 9,5 cm, \u0161irina 12 cm, vi\u0161ina 3 cm 2 predala za bankovce Predal za kovance z zapiranjem na gumb 6&#8230;<\/p>\n","protected":false},"featured_media":24339,"comment_status":"open","ping_status":"closed","template":"","meta":{"_seopress_robots_primary_cat":"","_seopress_titles_title":"","_seopress_titles_desc":"","_seopress_robots_index":""},"etheme_brands":[],"product_brand":[],"product_cat":[563],"product_tag":[],"class_list":{"0":"post-24344","1":"product","2":"type-product","3":"status-publish","4":"has-post-thumbnail","6":"product_cat-moske-usnjene-denarnice","8":"first","9":"instock","10":"shipping-taxable","11":"purchasable","12":"product-type-simple"},"_links":{"self":[{"href":"https:\/\/www.pasovi-verona.si\/en\/wp-json\/wp\/v2\/product\/24344","targetHints":{"allow":["GET"]}}],"collection":[{"href":"https:\/\/www.pasovi-verona.si\/en\/wp-json\/wp\/v2\/product"}],"about":[{"href":"https:\/\/www.pasovi-verona.si\/en\/wp-json\/wp\/v2\/types\/product"}],"replies":[{"embeddable":true,"href":"https:\/\/www.pasovi-verona.si\/en\/wp-json\/wp\/v2\/comments?post=24344"}],"wp:featuredmedia":[{"embeddable":true,"href":"https:\/\/www.pasovi-verona.si\/en\/wp-json\/wp\/v2\/media\/24339"}],"wp:attachment":[{"href":"https:\/\/www.pasovi-verona.si\/en\/wp-json\/wp\/v2\/media?parent=24344"}],"wp:term":[{"taxonomy":"brand","embeddable":true,"href":"https:\/\/www.pasovi-verona.si\/en\/wp-json\/wp\/v2\/etheme_brands?post=24344"},{"taxonomy":"product_brand","embeddable":true,"href":"https:\/\/www.pasovi-verona.si\/en\/wp-json\/wp\/v2\/product_brand?post=24344"},{"taxonomy":"product_cat","embeddable":true,"href":"https:\/\/www.pasovi-verona.si\/en\/wp-json\/wp\/v2\/product_cat?post=24344"},{"taxonomy":"product_tag","embeddable":true,"href":"https:\/\/www.pasovi-verona.si\/en\/wp-json\/wp\/v2\/product_tag?post=24344"}],"curies":[{"name":"wp","href":"https:\/\/api.w.org\/{rel}","templated":true}]}}