{"id":24325,"date":"2025-11-20T09:00:15","date_gmt":"2025-11-20T08:00:15","guid":{"rendered":"https:\/\/www.pasovi-verona.si\/?post_type=product&#038;p=24325"},"modified":"2025-11-20T09:00:15","modified_gmt":"2025-11-20T08:00:15","slug":"motoristicna-denarnica-iz-pravega-usnja-z-motivom-konja-svetlejsa-rjava","status":"publish","type":"product","link":"https:\/\/www.pasovi-verona.si\/en\/izdelek\/motoristicna-denarnica-iz-pravega-usnja-z-motivom-konja-svetlejsa-rjava\/","title":{"rendered":"Motoristi\u010dna denarnica iz pravega usnja z motivom konja,  svetlej\u0161a rjava"},"content":{"rendered":"<div class=\"desc\">\n<p><strong><span dir=\"auto\">Denarnica iz pravega usnja<\/span><\/strong><\/p>\n<ul>\n<li><span dir=\"auto\">Dol\u017eina 10 cm, \u0161irina 12 cm, vi\u0161ina 2 cm<\/span><\/li>\n<li><span dir=\"auto\">2 predala za bankovce<\/span><\/li>\n<li><span dir=\"auto\">Predal za kovance z zapiranjem na gumb<\/span><\/li>\n<li><span dir=\"auto\">9 re\u017e za debetne in kreditne kartice<\/span><\/li>\n<li><span dir=\"auto\">2 prozorna predala za osebne izkaznice itd.<\/span><\/li>\n<li><span dir=\"auto\">majhen predal z zadrgo<\/span><\/li>\n<li><span dir=\"auto\">50 cm dolga veriga<\/span><\/li>\n<li><span dir=\"auto\">robustna in visokokakovostna<\/span><\/li>\n<\/ul>\n<\/div>\n<div class=\"product-attributes\"><\/div>\n","protected":false},"excerpt":{"rendered":"<p>Denarnica iz pravega usnja Dol\u017eina 10 cm, \u0161irina 12 cm, vi\u0161ina 2 cm 2 predala za bankovce Predal za kovance z zapiranjem na gumb 9&#8230;<\/p>\n","protected":false},"featured_media":24318,"comment_status":"open","ping_status":"closed","template":"","meta":{"_seopress_robots_primary_cat":"","_seopress_titles_title":"","_seopress_titles_desc":"","_seopress_robots_index":""},"etheme_brands":[],"product_brand":[],"product_cat":[563],"product_tag":[],"class_list":{"0":"post-24325","1":"product","2":"type-product","3":"status-publish","4":"has-post-thumbnail","6":"product_cat-moske-usnjene-denarnice","8":"first","9":"instock","10":"shipping-taxable","11":"purchasable","12":"product-type-simple"},"_links":{"self":[{"href":"https:\/\/www.pasovi-verona.si\/en\/wp-json\/wp\/v2\/product\/24325","targetHints":{"allow":["GET"]}}],"collection":[{"href":"https:\/\/www.pasovi-verona.si\/en\/wp-json\/wp\/v2\/product"}],"about":[{"href":"https:\/\/www.pasovi-verona.si\/en\/wp-json\/wp\/v2\/types\/product"}],"replies":[{"embeddable":true,"href":"https:\/\/www.pasovi-verona.si\/en\/wp-json\/wp\/v2\/comments?post=24325"}],"wp:featuredmedia":[{"embeddable":true,"href":"https:\/\/www.pasovi-verona.si\/en\/wp-json\/wp\/v2\/media\/24318"}],"wp:attachment":[{"href":"https:\/\/www.pasovi-verona.si\/en\/wp-json\/wp\/v2\/media?parent=24325"}],"wp:term":[{"taxonomy":"brand","embeddable":true,"href":"https:\/\/www.pasovi-verona.si\/en\/wp-json\/wp\/v2\/etheme_brands?post=24325"},{"taxonomy":"product_brand","embeddable":true,"href":"https:\/\/www.pasovi-verona.si\/en\/wp-json\/wp\/v2\/product_brand?post=24325"},{"taxonomy":"product_cat","embeddable":true,"href":"https:\/\/www.pasovi-verona.si\/en\/wp-json\/wp\/v2\/product_cat?post=24325"},{"taxonomy":"product_tag","embeddable":true,"href":"https:\/\/www.pasovi-verona.si\/en\/wp-json\/wp\/v2\/product_tag?post=24325"}],"curies":[{"name":"wp","href":"https:\/\/api.w.org\/{rel}","templated":true}]}}