{"id":24299,"date":"2025-11-20T08:51:28","date_gmt":"2025-11-20T07:51:28","guid":{"rendered":"https:\/\/www.pasovi-verona.si\/?post_type=product&#038;p=24299"},"modified":"2025-11-20T08:51:28","modified_gmt":"2025-11-20T07:51:28","slug":"visokokakovostna-robustna-denarnica-iz-usnja-vodnega-bivola-lezeci-format-motiv-konja-rjava","status":"publish","type":"product","link":"https:\/\/www.pasovi-verona.si\/en\/izdelek\/visokokakovostna-robustna-denarnica-iz-usnja-vodnega-bivola-lezeci-format-motiv-konja-rjava\/","title":{"rendered":"Visokokakovostna, robustna denarnica iz usnja vodnega bivola, le\u017ee\u010di format, motiv konja, -rjava"},"content":{"rendered":"<div class=\"desc\">\n<p><strong><span dir=\"auto\">Denarnica iz pravega usnja\u00a0 z motivom konja<\/span><\/strong><\/p>\n<ul>\n<li><span dir=\"auto\">Dol\u017eina 12 cm, \u0161irina 9,5 cm, vi\u0161ina 3 cm<\/span><\/li>\n<li><span dir=\"auto\">2 predala za bankovce<\/span><\/li>\n<li><span dir=\"auto\">Predal za kovance z zapiranjem na gumb<\/span><\/li>\n<li><span dir=\"auto\">11 re\u017e za debetne in kreditne kartice<\/span><\/li>\n<li><span dir=\"auto\">2 predala za osebne izkaznice<\/span><\/li>\n<li><span dir=\"auto\">Predal z zadrgo<\/span><\/li>\n<li><span dir=\"auto\">RFID za\u0161\u010dita<\/span><\/li>\n<li><span dir=\"auto\">robustna in visokokakovostna<\/span><\/li>\n<\/ul>\n<\/div>\n<div class=\"product-attributes\"><\/div>\n","protected":false},"excerpt":{"rendered":"<p>Denarnica iz pravega usnja\u00a0 z motivom konja Dol\u017eina 12 cm, \u0161irina 9,5 cm, vi\u0161ina 3 cm 2 predala za bankovce Predal za kovance z zapiranjem&#8230;<\/p>\n","protected":false},"featured_media":24302,"comment_status":"open","ping_status":"closed","template":"","meta":{"_seopress_robots_primary_cat":"","_seopress_titles_title":"","_seopress_titles_desc":"","_seopress_robots_index":""},"etheme_brands":[],"product_brand":[],"product_cat":[563],"product_tag":[],"class_list":{"0":"post-24299","1":"product","2":"type-product","3":"status-publish","4":"has-post-thumbnail","6":"product_cat-moske-usnjene-denarnice","8":"first","9":"instock","10":"shipping-taxable","11":"purchasable","12":"product-type-simple"},"_links":{"self":[{"href":"https:\/\/www.pasovi-verona.si\/en\/wp-json\/wp\/v2\/product\/24299","targetHints":{"allow":["GET"]}}],"collection":[{"href":"https:\/\/www.pasovi-verona.si\/en\/wp-json\/wp\/v2\/product"}],"about":[{"href":"https:\/\/www.pasovi-verona.si\/en\/wp-json\/wp\/v2\/types\/product"}],"replies":[{"embeddable":true,"href":"https:\/\/www.pasovi-verona.si\/en\/wp-json\/wp\/v2\/comments?post=24299"}],"wp:featuredmedia":[{"embeddable":true,"href":"https:\/\/www.pasovi-verona.si\/en\/wp-json\/wp\/v2\/media\/24302"}],"wp:attachment":[{"href":"https:\/\/www.pasovi-verona.si\/en\/wp-json\/wp\/v2\/media?parent=24299"}],"wp:term":[{"taxonomy":"brand","embeddable":true,"href":"https:\/\/www.pasovi-verona.si\/en\/wp-json\/wp\/v2\/etheme_brands?post=24299"},{"taxonomy":"product_brand","embeddable":true,"href":"https:\/\/www.pasovi-verona.si\/en\/wp-json\/wp\/v2\/product_brand?post=24299"},{"taxonomy":"product_cat","embeddable":true,"href":"https:\/\/www.pasovi-verona.si\/en\/wp-json\/wp\/v2\/product_cat?post=24299"},{"taxonomy":"product_tag","embeddable":true,"href":"https:\/\/www.pasovi-verona.si\/en\/wp-json\/wp\/v2\/product_tag?post=24299"}],"curies":[{"name":"wp","href":"https:\/\/api.w.org\/{rel}","templated":true}]}}