{"id":24287,"date":"2025-11-20T08:46:19","date_gmt":"2025-11-20T07:46:19","guid":{"rendered":"https:\/\/www.pasovi-verona.si\/?post_type=product&#038;p=24287"},"modified":"2025-12-12T10:46:45","modified_gmt":"2025-12-12T09:46:45","slug":"moska-denarnica-tillberg-iz-pravega-usnja-z-motivom-rjavega-volka-pred-luno","status":"publish","type":"product","link":"https:\/\/www.pasovi-verona.si\/en\/izdelek\/moska-denarnica-tillberg-iz-pravega-usnja-z-motivom-rjavega-volka-pred-luno\/","title":{"rendered":"Mo\u0161ka denarnica Tillberg iz pravega usnja z motivom rjavega volka pred luno"},"content":{"rendered":"<p><span dir=\"auto\">&#8211; Mo\u0161ka denarnica iz pravega usnja v le\u017ee\u010dem formatu<\/span><\/p>\n<p><span dir=\"auto\">&#8211; Barva: temno rjava z be\u017e \u0161ivi in \u200b\u200bmotivom volka pred luno na sprednji strani<\/span><br \/>\n<span dir=\"auto\">&#8211; Dol\u017eina 9,5 cm, \u0161irina 12 cm, vi\u0161ina 2 cm, te\u017ea 120 g<\/span><br \/>\n<span dir=\"auto\">&#8211; 9 re\u017e za kreditne kartice, od katerih ima 1 prozorno okno.<\/span><br \/>\n<span dir=\"auto\">&#8211; 2 dodatna predala s prozornimi okenci za osebne izkaznice, dokumente itd.<\/span><br \/>\n<span dir=\"auto\">&#8211; Poklopec z varnostnim zapiranjem na gumb<\/span><br \/>\n<span dir=\"auto\">&#8211; 2 lo\u010dena predala za bankovce<\/span><br \/>\n<span dir=\"auto\">&#8211; En \u017eep za kovance z zapiranjem na gumb, vklju\u010duje \u017eeton za nakupovalno ko\u0161arico z integriranim dr\u017ealom za \u017eetone<\/span><br \/>\n<span dir=\"auto\">&#8211; 3 dodatni stranski \u017eepi, od katerih ima 1 zadrgo<\/span><br \/>\n<span dir=\"auto\">&#8211; Skrbno izdelana in visokokakovostna<\/span><\/p>\n","protected":false},"excerpt":{"rendered":"<p>&#8211; Mo\u0161ka denarnica iz pravega usnja v le\u017ee\u010dem formatu &#8211; Barva: temno rjava z be\u017e \u0161ivi in \u200b\u200bmotivom volka pred luno na sprednji strani &#8211;&#8230;<\/p>\n","protected":false},"featured_media":24290,"comment_status":"open","ping_status":"closed","template":"","meta":{"_seopress_robots_primary_cat":"","_seopress_titles_title":"","_seopress_titles_desc":"","_seopress_robots_index":""},"etheme_brands":[],"product_brand":[],"product_cat":[563],"product_tag":[],"class_list":{"0":"post-24287","1":"product","2":"type-product","3":"status-publish","4":"has-post-thumbnail","6":"product_cat-moske-usnjene-denarnice","8":"first","9":"instock","10":"shipping-taxable","11":"purchasable","12":"product-type-simple"},"_links":{"self":[{"href":"https:\/\/www.pasovi-verona.si\/en\/wp-json\/wp\/v2\/product\/24287","targetHints":{"allow":["GET"]}}],"collection":[{"href":"https:\/\/www.pasovi-verona.si\/en\/wp-json\/wp\/v2\/product"}],"about":[{"href":"https:\/\/www.pasovi-verona.si\/en\/wp-json\/wp\/v2\/types\/product"}],"replies":[{"embeddable":true,"href":"https:\/\/www.pasovi-verona.si\/en\/wp-json\/wp\/v2\/comments?post=24287"}],"wp:featuredmedia":[{"embeddable":true,"href":"https:\/\/www.pasovi-verona.si\/en\/wp-json\/wp\/v2\/media\/24290"}],"wp:attachment":[{"href":"https:\/\/www.pasovi-verona.si\/en\/wp-json\/wp\/v2\/media?parent=24287"}],"wp:term":[{"taxonomy":"brand","embeddable":true,"href":"https:\/\/www.pasovi-verona.si\/en\/wp-json\/wp\/v2\/etheme_brands?post=24287"},{"taxonomy":"product_brand","embeddable":true,"href":"https:\/\/www.pasovi-verona.si\/en\/wp-json\/wp\/v2\/product_brand?post=24287"},{"taxonomy":"product_cat","embeddable":true,"href":"https:\/\/www.pasovi-verona.si\/en\/wp-json\/wp\/v2\/product_cat?post=24287"},{"taxonomy":"product_tag","embeddable":true,"href":"https:\/\/www.pasovi-verona.si\/en\/wp-json\/wp\/v2\/product_tag?post=24287"}],"curies":[{"name":"wp","href":"https:\/\/api.w.org\/{rel}","templated":true}]}}