{"id":23873,"date":"2024-10-19T17:41:01","date_gmt":"2024-10-19T15:41:01","guid":{"rendered":"https:\/\/www.pasovi-verona.si\/?post_type=product&#038;p=23873"},"modified":"2025-02-21T14:46:46","modified_gmt":"2025-02-21T13:46:46","slug":"revolver-45-cavalry-colt-bel-rocaj","status":"publish","type":"product","link":"https:\/\/www.pasovi-verona.si\/en\/izdelek\/revolver-45-cavalry-colt-bel-rocaj\/","title":{"rendered":"Revolver &#8211; 45 Cavalry Colt, bel ro\u010daj &#8211; emitacija"},"content":{"rendered":"<p>Colt Model Single Action Army (SAA), ki se igra kot &#8220;Peacemaker&#8221; TE\u017dA ODGOVARJA ORIGINALU<\/p>\n<div id=\"story_long\">igral pomembno vlogo pri naselitvi ameri\u0161kega zahoda.<br \/>\nPeacemaker je Coltov prvi revolver s kovinskimi naboji. Vendar je bil izdelan z razli\u010dnimi dol\u017einami cevi. Sedanja, najkraj\u0161a razli\u010dica je bila zelo priljubljena zaradi svoje priro\u010dnosti &#8211; vendar sta bila izstrelka in pih iz ustja &#8220;osupljiva&#8221;. Najbolj znane osebnosti Divjega zahoda so imele SAA, kot so Billy the Kid, Butch Cassidy in Sundance Kid ter zloglasna tolpa Dalton.<br \/>\nKer sta oro\u017eje odlikovali enostavnost uporabe in robustnost, je hitro postalo priljubljeno med civilisti. K temu je na Divjem zahodu pripomoglo tudi to, da so civilne razli\u010dice iz leta 1877 streljale tudi naboje iz pu\u0161ke Winchester. Kavboji so morali nositi le eno vrsto nabojev za vsako oro\u017eje. Colt Peacemaker je bil uspe\u0161en, saj je skupna predvojna proizvodnja presegla 350.000 enot. Proizvodnja se je ustavila leta 1941 in nadaljevala leta 1956 zaradi velikega povpra\u0161evanja.<br \/>\nNjegova priljubljenost je privedla do vzdevkov, kot so Peacemaker, Equalizer in Widowmaker.<br \/>\nFilmska industrija je iz \u00bbMirovnika\u00ab v vesternih 40. in 50. let naredila mit in povezovali so ga z velikimi filmskimi zvezdami, kot sta John Wayne in Gary Cooper. Roosevelt je dal v enega vgravirati svoje za\u010detnice, George S. Patton pa je uporabil dva. .<br \/>\nPosebnost modelov Cavalry je bila podalj\u0161ana cev, ki je strelcu omogo\u010dala ve\u010djo natan\u010dnost pri streljanju.<\/div>\n","protected":false},"excerpt":{"rendered":"<p>Colt Model Single Action Army (SAA), ki se igra kot &#8220;Peacemaker&#8221; TE\u017dA ODGOVARJA ORIGINALU igral pomembno vlogo pri naselitvi ameri\u0161kega zahoda. Peacemaker je Coltov prvi&#8230;<\/p>\n","protected":false},"featured_media":23871,"comment_status":"open","ping_status":"closed","template":"","meta":{"_seopress_robots_primary_cat":"none","_seopress_titles_title":"","_seopress_titles_desc":"","_seopress_robots_index":""},"etheme_brands":[],"product_brand":[],"product_cat":[531],"product_tag":[],"class_list":{"0":"post-23873","1":"product","2":"type-product","3":"status-publish","4":"has-post-thumbnail","6":"product_cat-revolverji","8":"first","9":"instock","10":"shipping-taxable","11":"purchasable","12":"product-type-simple"},"_links":{"self":[{"href":"https:\/\/www.pasovi-verona.si\/en\/wp-json\/wp\/v2\/product\/23873","targetHints":{"allow":["GET"]}}],"collection":[{"href":"https:\/\/www.pasovi-verona.si\/en\/wp-json\/wp\/v2\/product"}],"about":[{"href":"https:\/\/www.pasovi-verona.si\/en\/wp-json\/wp\/v2\/types\/product"}],"replies":[{"embeddable":true,"href":"https:\/\/www.pasovi-verona.si\/en\/wp-json\/wp\/v2\/comments?post=23873"}],"wp:featuredmedia":[{"embeddable":true,"href":"https:\/\/www.pasovi-verona.si\/en\/wp-json\/wp\/v2\/media\/23871"}],"wp:attachment":[{"href":"https:\/\/www.pasovi-verona.si\/en\/wp-json\/wp\/v2\/media?parent=23873"}],"wp:term":[{"taxonomy":"brand","embeddable":true,"href":"https:\/\/www.pasovi-verona.si\/en\/wp-json\/wp\/v2\/etheme_brands?post=23873"},{"taxonomy":"product_brand","embeddable":true,"href":"https:\/\/www.pasovi-verona.si\/en\/wp-json\/wp\/v2\/product_brand?post=23873"},{"taxonomy":"product_cat","embeddable":true,"href":"https:\/\/www.pasovi-verona.si\/en\/wp-json\/wp\/v2\/product_cat?post=23873"},{"taxonomy":"product_tag","embeddable":true,"href":"https:\/\/www.pasovi-verona.si\/en\/wp-json\/wp\/v2\/product_tag?post=23873"}],"curies":[{"name":"wp","href":"https:\/\/api.w.org\/{rel}","templated":true}]}}