{"id":23716,"date":"2024-10-10T09:23:50","date_gmt":"2024-10-10T07:23:50","guid":{"rendered":"https:\/\/www.pasovi-verona.si\/?post_type=product&#038;p=23716"},"modified":"2024-10-10T09:25:20","modified_gmt":"2024-10-10T07:25:20","slug":"kovinska-prisrcnica-cutara-24-2","status":"publish","type":"product","link":"https:\/\/www.pasovi-verona.si\/en\/izdelek\/kovinska-prisrcnica-cutara-24-2\/","title":{"rendered":"Kovinska prisr\u010dnica -\u010dutara 25"},"content":{"rendered":"<p>Zraven dobite \u0161e 4 kozarce v usnjenem etuiju.Prisr\u010dnica je ro\u010dno barvana lahko pride razlika v barvnih odtenkih.<\/p>\n","protected":false},"excerpt":{"rendered":"<p>Zraven dobite \u0161e 4 kozarce v usnjenem etuiju.Prisr\u010dnica je ro\u010dno barvana lahko pride razlika v barvnih odtenkih.<\/p>\n","protected":false},"featured_media":23662,"comment_status":"open","ping_status":"closed","template":"","meta":{"_seopress_robots_primary_cat":"none","_seopress_titles_title":"","_seopress_titles_desc":"","_seopress_robots_index":""},"etheme_brands":[],"product_brand":[],"product_cat":[565],"product_tag":[],"class_list":{"0":"post-23716","1":"product","2":"type-product","3":"status-publish","4":"has-post-thumbnail","6":"product_cat-prisrcnica-kovinska-cutara","8":"first","9":"instock","10":"shipping-taxable","11":"purchasable","12":"product-type-simple"},"_links":{"self":[{"href":"https:\/\/www.pasovi-verona.si\/en\/wp-json\/wp\/v2\/product\/23716","targetHints":{"allow":["GET"]}}],"collection":[{"href":"https:\/\/www.pasovi-verona.si\/en\/wp-json\/wp\/v2\/product"}],"about":[{"href":"https:\/\/www.pasovi-verona.si\/en\/wp-json\/wp\/v2\/types\/product"}],"replies":[{"embeddable":true,"href":"https:\/\/www.pasovi-verona.si\/en\/wp-json\/wp\/v2\/comments?post=23716"}],"wp:featuredmedia":[{"embeddable":true,"href":"https:\/\/www.pasovi-verona.si\/en\/wp-json\/wp\/v2\/media\/23662"}],"wp:attachment":[{"href":"https:\/\/www.pasovi-verona.si\/en\/wp-json\/wp\/v2\/media?parent=23716"}],"wp:term":[{"taxonomy":"brand","embeddable":true,"href":"https:\/\/www.pasovi-verona.si\/en\/wp-json\/wp\/v2\/etheme_brands?post=23716"},{"taxonomy":"product_brand","embeddable":true,"href":"https:\/\/www.pasovi-verona.si\/en\/wp-json\/wp\/v2\/product_brand?post=23716"},{"taxonomy":"product_cat","embeddable":true,"href":"https:\/\/www.pasovi-verona.si\/en\/wp-json\/wp\/v2\/product_cat?post=23716"},{"taxonomy":"product_tag","embeddable":true,"href":"https:\/\/www.pasovi-verona.si\/en\/wp-json\/wp\/v2\/product_tag?post=23716"}],"curies":[{"name":"wp","href":"https:\/\/api.w.org\/{rel}","templated":true}]}}