{"id":23372,"date":"2024-06-21T08:29:46","date_gmt":"2024-06-21T06:29:46","guid":{"rendered":"https:\/\/www.pasovi-verona.si\/?post_type=product&#038;p=23372"},"modified":"2024-06-21T08:29:46","modified_gmt":"2024-06-21T06:29:46","slug":"usnjena-torbica-za-na-pas-podkev-cowboy","status":"publish","type":"product","link":"https:\/\/www.pasovi-verona.si\/en\/izdelek\/usnjena-torbica-za-na-pas-podkev-cowboy\/","title":{"rendered":"Usnjena torbica za na pas \u2013 podkev cowboy"},"content":{"rendered":"<p>Prakti\u010dna torba  iz pravega usnja. Torba se zapira z magnetnim gumbom, zaradi \u010desar je odpiranje torbe zelo enostavno.<br \/>\nTorba je zahvaljujo\u010d svojim dimenzijam: dol\u017eina 19 cm, \u0161irina 10 cm.<br \/>\nTorbico lahko uporabite za vsako prilo\u017enost, namenjena je za mobitel zadaj je narejena, da se prilagodi na pas.Narejena je ro\u010dno motivi se lahko prilagodijo, \u010de imate  kak\u0161ne \u017eelje mi lahko sporo\u010dite in se bomo potrudili, da jih izvedemo.<\/p>\n","protected":false},"excerpt":{"rendered":"<p>Prakti\u010dna torba iz pravega usnja. Torba se zapira z magnetnim gumbom, zaradi \u010desar je odpiranje torbe zelo enostavno. Torba je zahvaljujo\u010d svojim dimenzijam: dol\u017eina 19&#8230;<\/p>\n","protected":false},"featured_media":23367,"comment_status":"open","ping_status":"closed","template":"","meta":{"_seopress_robots_primary_cat":"","_seopress_titles_title":"","_seopress_titles_desc":"","_seopress_robots_index":""},"etheme_brands":[],"product_brand":[],"product_cat":[562],"product_tag":[],"class_list":{"0":"post-23372","1":"product","2":"type-product","3":"status-publish","4":"has-post-thumbnail","6":"product_cat-country-usnjene-torbice","8":"first","9":"instock","10":"shipping-taxable","11":"purchasable","12":"product-type-simple"},"_links":{"self":[{"href":"https:\/\/www.pasovi-verona.si\/en\/wp-json\/wp\/v2\/product\/23372","targetHints":{"allow":["GET"]}}],"collection":[{"href":"https:\/\/www.pasovi-verona.si\/en\/wp-json\/wp\/v2\/product"}],"about":[{"href":"https:\/\/www.pasovi-verona.si\/en\/wp-json\/wp\/v2\/types\/product"}],"replies":[{"embeddable":true,"href":"https:\/\/www.pasovi-verona.si\/en\/wp-json\/wp\/v2\/comments?post=23372"}],"wp:featuredmedia":[{"embeddable":true,"href":"https:\/\/www.pasovi-verona.si\/en\/wp-json\/wp\/v2\/media\/23367"}],"wp:attachment":[{"href":"https:\/\/www.pasovi-verona.si\/en\/wp-json\/wp\/v2\/media?parent=23372"}],"wp:term":[{"taxonomy":"brand","embeddable":true,"href":"https:\/\/www.pasovi-verona.si\/en\/wp-json\/wp\/v2\/etheme_brands?post=23372"},{"taxonomy":"product_brand","embeddable":true,"href":"https:\/\/www.pasovi-verona.si\/en\/wp-json\/wp\/v2\/product_brand?post=23372"},{"taxonomy":"product_cat","embeddable":true,"href":"https:\/\/www.pasovi-verona.si\/en\/wp-json\/wp\/v2\/product_cat?post=23372"},{"taxonomy":"product_tag","embeddable":true,"href":"https:\/\/www.pasovi-verona.si\/en\/wp-json\/wp\/v2\/product_tag?post=23372"}],"curies":[{"name":"wp","href":"https:\/\/api.w.org\/{rel}","templated":true}]}}