{"id":23267,"date":"2024-06-10T10:33:50","date_gmt":"2024-06-10T08:33:50","guid":{"rendered":"https:\/\/www.pasovi-verona.si\/?post_type=product&#038;p=23267"},"modified":"2024-06-10T10:56:47","modified_gmt":"2024-06-10T08:56:47","slug":"western-pas-rm66","status":"publish","type":"product","link":"https:\/\/www.pasovi-verona.si\/en\/izdelek\/western-pas-rm66\/","title":{"rendered":"Western pas RM66"},"content":{"rendered":"<p>Pasovi so izdelani v Sloveniji.<\/p>\n<p>\u010cudovit\u00a0<b>western pas<\/b>\u00a0iz pravega usnja. Diskretno reliefni cvetovi.<\/p>\n<p>Western pasu ne morete nositi samo za western jahanje in ples na liniji, ampak tudi za prosti \u010das.<\/p>\n<p>Primeren je za \u017eenske, mo\u0161ke in otroke.<\/p>\n<p><strong>Western pasovi se merijo od konca traku na strani zaponke do sredi\u0161\u010da srednje luknje.\u00a0<\/strong><\/p>\n<p>Pas vam izdelamo na mero. V opombe le vpi\u0161ite \u017eeleno dol\u017eino pasu.<\/p>\n<p>Za kraj\u0161anje doma potrebujete \u0161karje, luknja\u010d ter izvija\u010d.<\/p>\n<h2><span style=\"color: #ff0000\"><strong>Cena je brez zaponke!!!!!<\/strong><\/span><\/h2>\n<p><strong><a href=\"https:\/\/www.pasovi-verona.si\/kategorija-izdelka\/western-buckles\/\">Klikni tukaj za izbiro zaponke<\/a><br \/>\n<a href=\"https:\/\/www.pasovi-verona.si\/kako-pomerimo-pas\/\">Klikni tukaj da vidi\u0161 kako izmeriti pas<\/a><\/strong><\/p>\n<p><b>Lastnosti:<\/b><\/p>\n<ul>\n<li>Razli\u010dne dol\u017eine in barve<\/li>\n<li>Enovit kos govejega usnja<\/li>\n<li>Kvalitetna kovinska sponka sodobno elegantnega videza<\/li>\n<li>\u0160irina:\u00a0\u00a0<strong>\u00a03,8 cm<\/strong><\/li>\n<\/ul>\n<\/div>\n<\/div>\n<\/div>\n","protected":false},"excerpt":{"rendered":"<p>Pasovi so izdelani v Sloveniji. \u010cudovit\u00a0western pas\u00a0iz pravega usnja. Diskretno reliefni cvetovi. Western pasu ne morete nositi samo za western jahanje in ples na liniji,&#8230;<\/p>\n","protected":false},"featured_media":23215,"comment_status":"open","ping_status":"closed","template":"","meta":{"_seopress_robots_primary_cat":"none","_seopress_titles_title":"","_seopress_titles_desc":"","_seopress_robots_index":""},"etheme_brands":[],"product_brand":[],"product_cat":[545],"product_tag":[],"class_list":{"0":"post-23267","1":"product","2":"type-product","3":"status-publish","4":"has-post-thumbnail","6":"product_cat-razlicni-motivi","8":"first","9":"instock","10":"shipping-taxable","11":"purchasable","12":"product-type-variable"},"_links":{"self":[{"href":"https:\/\/www.pasovi-verona.si\/en\/wp-json\/wp\/v2\/product\/23267","targetHints":{"allow":["GET"]}}],"collection":[{"href":"https:\/\/www.pasovi-verona.si\/en\/wp-json\/wp\/v2\/product"}],"about":[{"href":"https:\/\/www.pasovi-verona.si\/en\/wp-json\/wp\/v2\/types\/product"}],"replies":[{"embeddable":true,"href":"https:\/\/www.pasovi-verona.si\/en\/wp-json\/wp\/v2\/comments?post=23267"}],"wp:featuredmedia":[{"embeddable":true,"href":"https:\/\/www.pasovi-verona.si\/en\/wp-json\/wp\/v2\/media\/23215"}],"wp:attachment":[{"href":"https:\/\/www.pasovi-verona.si\/en\/wp-json\/wp\/v2\/media?parent=23267"}],"wp:term":[{"taxonomy":"brand","embeddable":true,"href":"https:\/\/www.pasovi-verona.si\/en\/wp-json\/wp\/v2\/etheme_brands?post=23267"},{"taxonomy":"product_brand","embeddable":true,"href":"https:\/\/www.pasovi-verona.si\/en\/wp-json\/wp\/v2\/product_brand?post=23267"},{"taxonomy":"product_cat","embeddable":true,"href":"https:\/\/www.pasovi-verona.si\/en\/wp-json\/wp\/v2\/product_cat?post=23267"},{"taxonomy":"product_tag","embeddable":true,"href":"https:\/\/www.pasovi-verona.si\/en\/wp-json\/wp\/v2\/product_tag?post=23267"}],"curies":[{"name":"wp","href":"https:\/\/api.w.org\/{rel}","templated":true}]}}