{"id":23168,"date":"2024-05-31T12:55:38","date_gmt":"2024-05-31T10:55:38","guid":{"rendered":"https:\/\/www.pasovi-verona.si\/?post_type=product&#038;p=23168"},"modified":"2026-01-14T17:37:33","modified_gmt":"2026-01-14T16:37:33","slug":"western-pas-rc59","status":"publish","type":"product","link":"https:\/\/www.pasovi-verona.si\/en\/izdelek\/western-pas-rc59\/","title":{"rendered":"Western pas RD1"},"content":{"rendered":"<p>Super fino tanko usnje z ble\u0161\u010dicami.<span style=\"color: #ff0000\"><strong>CENA JE Z TO ZAPONKO, KI JE NA SLIKI,<\/strong>\u00a0\u010de izberete drugo zaponko se cena ne spremeni \u2013\u00a0pri kon\u010dni ceni od\u0161tejem ceno zaponke.<\/span><\/p>\n<h2>Pasovi so izdelani v Sloveniji.<\/h2>\n<p>\u010cudovit\u00a0<b>western pas<\/b>\u00a0iz pravega usnja. Diskretno reliefni cvetovi.<\/p>\n<p>Western pasu ne morete nositi samo za western jahanje in ples na liniji, ampak tudi za prosti \u010das.<\/p>\n<p>Primeren je za \u017eenske, mo\u0161ke in otroke.<\/p>\n<p><strong>Western pasovi se merijo od konca traku na strani zaponke do sredi\u0161\u010da srednje luknje.\u00a0<\/strong><\/p>\n<p>Pas vam izdelamo na mero. V opombe le vpi\u0161ite \u017eeleno dol\u017eino pasu.<\/p>\n<p>Za kraj\u0161anje doma potrebujete \u0161karje, luknja\u010d ter izvija\u010d.<\/p>\n<h2><span style=\"color: #ff0000\"><strong>Cena je brez zaponke!!!!!<\/strong><\/span><\/h2>\n<p><strong><a href=\"https:\/\/www.pasovi-verona.si\/kategorija-izdelka\/western-buckles\/\">Klikni tukaj za izbiro zaponke<\/a><br \/>\n<a href=\"https:\/\/www.pasovi-verona.si\/kako-pomerimo-pas\/\">Klikni tukaj da vidi\u0161 kako izmeriti pas<\/a><\/strong><\/p>\n","protected":false},"excerpt":{"rendered":"<p>Super fino tanko usnje z ble\u0161\u010dicami.CENA JE Z TO ZAPONKO, KI JE NA SLIKI,\u00a0\u010de izberete drugo zaponko se cena ne spremeni \u2013\u00a0pri kon\u010dni ceni od\u0161tejem&#8230;<\/p>\n","protected":false},"featured_media":23288,"comment_status":"open","ping_status":"closed","template":"","meta":{"_seopress_robots_primary_cat":"none","_seopress_titles_title":"","_seopress_titles_desc":"","_seopress_robots_index":"","_seopress_analysis_target_kw":""},"etheme_brands":[],"product_brand":[],"product_cat":[540],"product_tag":[],"class_list":{"0":"post-23168","1":"product","2":"type-product","3":"status-publish","4":"has-post-thumbnail","6":"product_cat-z-motivom-roz-2","8":"first","9":"instock","10":"featured","11":"shipping-taxable","12":"purchasable","13":"product-type-simple"},"_links":{"self":[{"href":"https:\/\/www.pasovi-verona.si\/en\/wp-json\/wp\/v2\/product\/23168","targetHints":{"allow":["GET"]}}],"collection":[{"href":"https:\/\/www.pasovi-verona.si\/en\/wp-json\/wp\/v2\/product"}],"about":[{"href":"https:\/\/www.pasovi-verona.si\/en\/wp-json\/wp\/v2\/types\/product"}],"replies":[{"embeddable":true,"href":"https:\/\/www.pasovi-verona.si\/en\/wp-json\/wp\/v2\/comments?post=23168"}],"wp:featuredmedia":[{"embeddable":true,"href":"https:\/\/www.pasovi-verona.si\/en\/wp-json\/wp\/v2\/media\/23288"}],"wp:attachment":[{"href":"https:\/\/www.pasovi-verona.si\/en\/wp-json\/wp\/v2\/media?parent=23168"}],"wp:term":[{"taxonomy":"brand","embeddable":true,"href":"https:\/\/www.pasovi-verona.si\/en\/wp-json\/wp\/v2\/etheme_brands?post=23168"},{"taxonomy":"product_brand","embeddable":true,"href":"https:\/\/www.pasovi-verona.si\/en\/wp-json\/wp\/v2\/product_brand?post=23168"},{"taxonomy":"product_cat","embeddable":true,"href":"https:\/\/www.pasovi-verona.si\/en\/wp-json\/wp\/v2\/product_cat?post=23168"},{"taxonomy":"product_tag","embeddable":true,"href":"https:\/\/www.pasovi-verona.si\/en\/wp-json\/wp\/v2\/product_tag?post=23168"}],"curies":[{"name":"wp","href":"https:\/\/api.w.org\/{rel}","templated":true}]}}