{"id":23151,"date":"2024-05-31T11:52:53","date_gmt":"2024-05-31T09:52:53","guid":{"rendered":"https:\/\/www.pasovi-verona.si\/?post_type=product&#038;p=23151"},"modified":"2025-10-22T07:52:55","modified_gmt":"2025-10-22T05:52:55","slug":"klobuki-za-zascito-pred-soncem-na-prostem","status":"publish","type":"product","link":"https:\/\/www.pasovi-verona.si\/en\/izdelek\/klobuki-za-zascito-pred-soncem-na-prostem\/","title":{"rendered":"Klobuki za za\u0161\u010dito pred soncem na prostem"},"content":{"rendered":"<p>Trakastih trakov s potiskom\u00a0 vzorca in \u0161\u010ditniki,\u00a0 klobuki za za\u0161\u010dito pred soncem na prostem.<\/p>\n<p>Sestava: 100% Bomba\u017e Na zalogi\u00a0 vsakuj po 1 kom<\/p>\n","protected":false},"excerpt":{"rendered":"<p>Trakastih trakov s potiskom\u00a0 vzorca in \u0161\u010ditniki,\u00a0 klobuki za za\u0161\u010dito pred soncem na prostem. Sestava: 100% Bomba\u017e Na zalogi\u00a0 vsakuj po 1 kom<\/p>\n","protected":false},"featured_media":23158,"comment_status":"open","ping_status":"closed","template":"","meta":{"_seopress_robots_primary_cat":"none","_seopress_titles_title":"","_seopress_titles_desc":"","_seopress_robots_index":""},"etheme_brands":[],"product_brand":[],"product_cat":[568],"product_tag":[],"class_list":{"0":"post-23151","1":"product","2":"type-product","3":"status-publish","4":"has-post-thumbnail","6":"product_cat-western-dodatki","8":"first","9":"outofstock","10":"shipping-taxable","11":"purchasable","12":"product-type-simple"},"_links":{"self":[{"href":"https:\/\/www.pasovi-verona.si\/en\/wp-json\/wp\/v2\/product\/23151","targetHints":{"allow":["GET"]}}],"collection":[{"href":"https:\/\/www.pasovi-verona.si\/en\/wp-json\/wp\/v2\/product"}],"about":[{"href":"https:\/\/www.pasovi-verona.si\/en\/wp-json\/wp\/v2\/types\/product"}],"replies":[{"embeddable":true,"href":"https:\/\/www.pasovi-verona.si\/en\/wp-json\/wp\/v2\/comments?post=23151"}],"wp:featuredmedia":[{"embeddable":true,"href":"https:\/\/www.pasovi-verona.si\/en\/wp-json\/wp\/v2\/media\/23158"}],"wp:attachment":[{"href":"https:\/\/www.pasovi-verona.si\/en\/wp-json\/wp\/v2\/media?parent=23151"}],"wp:term":[{"taxonomy":"brand","embeddable":true,"href":"https:\/\/www.pasovi-verona.si\/en\/wp-json\/wp\/v2\/etheme_brands?post=23151"},{"taxonomy":"product_brand","embeddable":true,"href":"https:\/\/www.pasovi-verona.si\/en\/wp-json\/wp\/v2\/product_brand?post=23151"},{"taxonomy":"product_cat","embeddable":true,"href":"https:\/\/www.pasovi-verona.si\/en\/wp-json\/wp\/v2\/product_cat?post=23151"},{"taxonomy":"product_tag","embeddable":true,"href":"https:\/\/www.pasovi-verona.si\/en\/wp-json\/wp\/v2\/product_tag?post=23151"}],"curies":[{"name":"wp","href":"https:\/\/api.w.org\/{rel}","templated":true}]}}