{"id":23133,"date":"2024-05-31T11:08:26","date_gmt":"2024-05-31T09:08:26","guid":{"rendered":"https:\/\/www.pasovi-verona.si\/?post_type=product&#038;p=23133"},"modified":"2025-02-21T14:46:46","modified_gmt":"2025-02-21T13:46:46","slug":"western-pas-rc56-2","status":"publish","type":"product","link":"https:\/\/www.pasovi-verona.si\/en\/izdelek\/western-pas-rc56-2\/","title":{"rendered":"Western pas RD3"},"content":{"rendered":"<p>Super fino tanko usnje z ble\u0161\u010dicami.Super fino tanko usnje z ble\u0161\u010dicami.<span style=\"color: #ff0000\"><strong>CENA JE Z TO ZAPONKO, KI JE NA SLIKI,<\/strong> \u010de izberete drugo zaponko se cena ne spremeni &#8211; <span style=\"color: #000000\">pri kon\u010dni ceni od\u0161tejem ceno zaponk<\/span><\/span><\/p>\n<h2>Pasovi so izdelani v Sloveniji.<\/h2>\n<p>\u010cudovit\u00a0<b>western pas<\/b> iz pravega usnja. Diskretno reliefni cvetovi.<\/p>\n<p>Western pasu ne morete nositi samo za western jahanje in ples na liniji, ampak tudi za prosti \u010das.<\/p>\n<p>Primeren je za \u017eenske, mo\u0161ke in otroke.<\/p>\n<p><strong>Western pasovi se merijo od konca traku na strani zaponke do sredi\u0161\u010da srednje luknje.\u00a0<\/strong><\/p>\n<p>Pas vam izdelamo na mero. V opombe le vpi\u0161ite \u017eeleno dol\u017eino pasu.<\/p>\n<p>Za kraj\u0161anje doma potrebujete \u0161karje, luknja\u010d ter izvija\u010d.<\/p>\n<h2><span style=\"color: #ff0000\"><strong>Cena je brez zaponke!!!!!<\/strong><\/span><\/h2>\n<p><strong><a href=\"https:\/\/www.pasovi-verona.si\/kategorija-izdelka\/western-buckles\/\">Klikni tukaj za izbiro zaponke<\/a><br \/>\n<a href=\"https:\/\/www.pasovi-verona.si\/kako-pomerimo-pas\/\">Klikni tukaj da vidi\u0161 kako izmeriti pas<\/a><\/strong><\/p>\n","protected":false},"excerpt":{"rendered":"<p>Super fino tanko usnje z ble\u0161\u010dicami.Super fino tanko usnje z ble\u0161\u010dicami.CENA JE Z TO ZAPONKO, KI JE NA SLIKI, \u010de izberete drugo zaponko se cena&#8230;<\/p>\n","protected":false},"featured_media":23298,"comment_status":"open","ping_status":"closed","template":"","meta":{"_seopress_robots_primary_cat":"none","_seopress_titles_title":"","_seopress_titles_desc":"","_seopress_robots_index":""},"etheme_brands":[],"product_brand":[],"product_cat":[708,540],"product_tag":[],"class_list":{"0":"post-23133","1":"product","2":"type-product","3":"status-publish","4":"has-post-thumbnail","6":"product_cat-z-razlicnimi-dodatki","7":"product_cat-z-motivom-roz-2","9":"first","10":"instock","11":"featured","12":"shipping-taxable","13":"purchasable","14":"product-type-variable"},"_links":{"self":[{"href":"https:\/\/www.pasovi-verona.si\/en\/wp-json\/wp\/v2\/product\/23133","targetHints":{"allow":["GET"]}}],"collection":[{"href":"https:\/\/www.pasovi-verona.si\/en\/wp-json\/wp\/v2\/product"}],"about":[{"href":"https:\/\/www.pasovi-verona.si\/en\/wp-json\/wp\/v2\/types\/product"}],"replies":[{"embeddable":true,"href":"https:\/\/www.pasovi-verona.si\/en\/wp-json\/wp\/v2\/comments?post=23133"}],"wp:featuredmedia":[{"embeddable":true,"href":"https:\/\/www.pasovi-verona.si\/en\/wp-json\/wp\/v2\/media\/23298"}],"wp:attachment":[{"href":"https:\/\/www.pasovi-verona.si\/en\/wp-json\/wp\/v2\/media?parent=23133"}],"wp:term":[{"taxonomy":"brand","embeddable":true,"href":"https:\/\/www.pasovi-verona.si\/en\/wp-json\/wp\/v2\/etheme_brands?post=23133"},{"taxonomy":"product_brand","embeddable":true,"href":"https:\/\/www.pasovi-verona.si\/en\/wp-json\/wp\/v2\/product_brand?post=23133"},{"taxonomy":"product_cat","embeddable":true,"href":"https:\/\/www.pasovi-verona.si\/en\/wp-json\/wp\/v2\/product_cat?post=23133"},{"taxonomy":"product_tag","embeddable":true,"href":"https:\/\/www.pasovi-verona.si\/en\/wp-json\/wp\/v2\/product_tag?post=23133"}],"curies":[{"name":"wp","href":"https:\/\/api.w.org\/{rel}","templated":true}]}}