{"id":23082,"date":"2024-05-29T17:27:54","date_gmt":"2024-05-29T15:27:54","guid":{"rendered":"https:\/\/www.pasovi-verona.si\/?post_type=product&#038;p=23082"},"modified":"2025-10-21T08:53:49","modified_gmt":"2025-10-21T06:53:49","slug":"kavbojski-klobuk-houstonski","status":"publish","type":"product","link":"https:\/\/www.pasovi-verona.si\/en\/izdelek\/kavbojski-klobuk-houstonski\/","title":{"rendered":"Western kavbojski klobuk, HOUSTONSKI &#8211; pesek"},"content":{"rendered":"<p>Visokokakovosten klobuk iz filca z notranjo podlogo. Trak klobuka je okra\u0161en z majhno kovinsko zaponko. Nastavljiv notranji trak. Idealen klobuk za jaha\u010de v zahodnja\u0161kem slogu.<\/p>\n<p>&nbsp;<\/p>\n<p>&nbsp;<\/p>\n<p><span class=\"label\"><span dir=\"auto\"><strong>Material<\/strong>:<\/span><\/span><span class=\"value\"><span dir=\"auto\">100 % volnena filc &#8211; podloga 100 % poliester<\/span><\/span><\/p>\n<p>&nbsp;<\/p>\n","protected":false},"excerpt":{"rendered":"<p>Visokokakovosten klobuk iz filca z notranjo podlogo. Trak klobuka je okra\u0161en z majhno kovinsko zaponko. Nastavljiv notranji trak. Idealen klobuk za jaha\u010de v zahodnja\u0161kem slogu&#8230;.<\/p>\n","protected":false},"featured_media":24210,"comment_status":"open","ping_status":"closed","template":"","meta":{"_seopress_robots_primary_cat":"none","_seopress_titles_title":"","_seopress_titles_desc":"","_seopress_robots_index":""},"etheme_brands":[],"product_brand":[],"product_cat":[548],"product_tag":[],"class_list":{"0":"post-23082","1":"product","2":"type-product","3":"status-publish","4":"has-post-thumbnail","6":"product_cat-country-klobuki","8":"first","9":"instock","10":"featured","11":"shipping-taxable","12":"purchasable","13":"product-type-variable"},"_links":{"self":[{"href":"https:\/\/www.pasovi-verona.si\/en\/wp-json\/wp\/v2\/product\/23082","targetHints":{"allow":["GET"]}}],"collection":[{"href":"https:\/\/www.pasovi-verona.si\/en\/wp-json\/wp\/v2\/product"}],"about":[{"href":"https:\/\/www.pasovi-verona.si\/en\/wp-json\/wp\/v2\/types\/product"}],"replies":[{"embeddable":true,"href":"https:\/\/www.pasovi-verona.si\/en\/wp-json\/wp\/v2\/comments?post=23082"}],"wp:featuredmedia":[{"embeddable":true,"href":"https:\/\/www.pasovi-verona.si\/en\/wp-json\/wp\/v2\/media\/24210"}],"wp:attachment":[{"href":"https:\/\/www.pasovi-verona.si\/en\/wp-json\/wp\/v2\/media?parent=23082"}],"wp:term":[{"taxonomy":"brand","embeddable":true,"href":"https:\/\/www.pasovi-verona.si\/en\/wp-json\/wp\/v2\/etheme_brands?post=23082"},{"taxonomy":"product_brand","embeddable":true,"href":"https:\/\/www.pasovi-verona.si\/en\/wp-json\/wp\/v2\/product_brand?post=23082"},{"taxonomy":"product_cat","embeddable":true,"href":"https:\/\/www.pasovi-verona.si\/en\/wp-json\/wp\/v2\/product_cat?post=23082"},{"taxonomy":"product_tag","embeddable":true,"href":"https:\/\/www.pasovi-verona.si\/en\/wp-json\/wp\/v2\/product_tag?post=23082"}],"curies":[{"name":"wp","href":"https:\/\/api.w.org\/{rel}","templated":true}]}}