{"id":23017,"date":"2024-05-29T08:05:37","date_gmt":"2024-05-29T06:05:37","guid":{"rendered":"https:\/\/www.pasovi-verona.si\/?post_type=product&#038;p=23017"},"modified":"2025-10-21T09:41:00","modified_gmt":"2025-10-21T07:41:00","slug":"western-kavbojski-klobuk-d","status":"publish","type":"product","link":"https:\/\/www.pasovi-verona.si\/en\/izdelek\/western-kavbojski-klobuk-d\/","title":{"rendered":"Western kavbojski klobuk &#8211; DALLAS \u010drna"},"content":{"rendered":"<p>Oblikovalen zahodnja\u0161ki klobuk iz volnene filca z visokokakovostnim usnjenim trakom, udoben za no\u0161enje zaradi nastavljive velikosti notranjega traku.<\/p>\n<p>&nbsp;<\/p>\n<p><span class=\"label\"><span dir=\"auto\"><strong>Material<\/strong>:<\/span><\/span><span class=\"value\"><span dir=\"auto\">100% volnena filc<\/span><\/span><\/p>\n","protected":false},"excerpt":{"rendered":"<p>Oblikovalen zahodnja\u0161ki klobuk iz volnene filca z visokokakovostnim usnjenim trakom, udoben za no\u0161enje zaradi nastavljive velikosti notranjega traku. &nbsp; Material:100% volnena filc<\/p>\n","protected":false},"featured_media":24228,"comment_status":"open","ping_status":"closed","template":"","meta":{"_seopress_robots_primary_cat":"none","_seopress_titles_title":"","_seopress_titles_desc":"","_seopress_robots_index":""},"etheme_brands":[],"product_brand":[],"product_cat":[548],"product_tag":[],"class_list":{"0":"post-23017","1":"product","2":"type-product","3":"status-publish","4":"has-post-thumbnail","6":"product_cat-country-klobuki","8":"first","9":"instock","10":"shipping-taxable","11":"purchasable","12":"product-type-variable"},"_links":{"self":[{"href":"https:\/\/www.pasovi-verona.si\/en\/wp-json\/wp\/v2\/product\/23017","targetHints":{"allow":["GET"]}}],"collection":[{"href":"https:\/\/www.pasovi-verona.si\/en\/wp-json\/wp\/v2\/product"}],"about":[{"href":"https:\/\/www.pasovi-verona.si\/en\/wp-json\/wp\/v2\/types\/product"}],"replies":[{"embeddable":true,"href":"https:\/\/www.pasovi-verona.si\/en\/wp-json\/wp\/v2\/comments?post=23017"}],"wp:featuredmedia":[{"embeddable":true,"href":"https:\/\/www.pasovi-verona.si\/en\/wp-json\/wp\/v2\/media\/24228"}],"wp:attachment":[{"href":"https:\/\/www.pasovi-verona.si\/en\/wp-json\/wp\/v2\/media?parent=23017"}],"wp:term":[{"taxonomy":"brand","embeddable":true,"href":"https:\/\/www.pasovi-verona.si\/en\/wp-json\/wp\/v2\/etheme_brands?post=23017"},{"taxonomy":"product_brand","embeddable":true,"href":"https:\/\/www.pasovi-verona.si\/en\/wp-json\/wp\/v2\/product_brand?post=23017"},{"taxonomy":"product_cat","embeddable":true,"href":"https:\/\/www.pasovi-verona.si\/en\/wp-json\/wp\/v2\/product_cat?post=23017"},{"taxonomy":"product_tag","embeddable":true,"href":"https:\/\/www.pasovi-verona.si\/en\/wp-json\/wp\/v2\/product_tag?post=23017"}],"curies":[{"name":"wp","href":"https:\/\/api.w.org\/{rel}","templated":true}]}}