{"id":23005,"date":"2024-05-25T11:28:52","date_gmt":"2024-05-25T09:28:52","guid":{"rendered":"https:\/\/www.pasovi-verona.si\/?post_type=product&#038;p=23005"},"modified":"2025-10-21T10:05:14","modified_gmt":"2025-10-21T08:05:14","slug":"western-klobuk-rdeca-skala","status":"publish","type":"product","link":"https:\/\/www.pasovi-verona.si\/en\/izdelek\/western-klobuk-rdeca-skala\/","title":{"rendered":"Western klobuk &#8211; RDE\u010cA SKALA"},"content":{"rendered":"<p>Western slamnik, ki ga je mogo\u010de oblikovati z robom, ki ga je mogo\u010de oblikovati sam, z usnjenim trakom in usnjeno kravato.<\/p>\n<p>&nbsp;<\/p>\n<p><span class=\"label\"><span dir=\"auto\">Material:<\/span><\/span><span class=\"value\"><span dir=\"auto\">100 % slama<\/span><\/span><\/p>\n","protected":false},"excerpt":{"rendered":"<p>Western slamnik, ki ga je mogo\u010de oblikovati z robom, ki ga je mogo\u010de oblikovati sam, z usnjenim trakom in usnjeno kravato. &nbsp; Material:100 % slama<\/p>\n","protected":false},"featured_media":22976,"comment_status":"open","ping_status":"closed","template":"","meta":{"_seopress_robots_primary_cat":"none","_seopress_titles_title":"","_seopress_titles_desc":"","_seopress_robots_index":""},"etheme_brands":[],"product_brand":[],"product_cat":[548],"product_tag":[],"class_list":{"0":"post-23005","1":"product","2":"type-product","3":"status-publish","4":"has-post-thumbnail","6":"product_cat-country-klobuki","8":"first","9":"instock","10":"sale","11":"featured","12":"shipping-taxable","13":"purchasable","14":"product-type-variable"},"_links":{"self":[{"href":"https:\/\/www.pasovi-verona.si\/en\/wp-json\/wp\/v2\/product\/23005","targetHints":{"allow":["GET"]}}],"collection":[{"href":"https:\/\/www.pasovi-verona.si\/en\/wp-json\/wp\/v2\/product"}],"about":[{"href":"https:\/\/www.pasovi-verona.si\/en\/wp-json\/wp\/v2\/types\/product"}],"replies":[{"embeddable":true,"href":"https:\/\/www.pasovi-verona.si\/en\/wp-json\/wp\/v2\/comments?post=23005"}],"wp:featuredmedia":[{"embeddable":true,"href":"https:\/\/www.pasovi-verona.si\/en\/wp-json\/wp\/v2\/media\/22976"}],"wp:attachment":[{"href":"https:\/\/www.pasovi-verona.si\/en\/wp-json\/wp\/v2\/media?parent=23005"}],"wp:term":[{"taxonomy":"brand","embeddable":true,"href":"https:\/\/www.pasovi-verona.si\/en\/wp-json\/wp\/v2\/etheme_brands?post=23005"},{"taxonomy":"product_brand","embeddable":true,"href":"https:\/\/www.pasovi-verona.si\/en\/wp-json\/wp\/v2\/product_brand?post=23005"},{"taxonomy":"product_cat","embeddable":true,"href":"https:\/\/www.pasovi-verona.si\/en\/wp-json\/wp\/v2\/product_cat?post=23005"},{"taxonomy":"product_tag","embeddable":true,"href":"https:\/\/www.pasovi-verona.si\/en\/wp-json\/wp\/v2\/product_tag?post=23005"}],"curies":[{"name":"wp","href":"https:\/\/api.w.org\/{rel}","templated":true}]}}