{"id":22998,"date":"2024-05-25T11:26:07","date_gmt":"2024-05-25T09:26:07","guid":{"rendered":"https:\/\/www.pasovi-verona.si\/?post_type=product&#038;p=22998"},"modified":"2025-10-21T09:59:41","modified_gmt":"2025-10-21T07:59:41","slug":"western-klobuk-kaca","status":"publish","type":"product","link":"https:\/\/www.pasovi-verona.si\/en\/izdelek\/western-klobuk-kaca\/","title":{"rendered":"Western klobuk &#8211; KA\u010cA"},"content":{"rendered":"<p>Poletni, lahek western slamnik, mehak in voljen z zanimivimi barvnimi poudarki, ki ustvarjajo ka\u010dji u\u010dinek. Usnjen trak za klobuk je okra\u0161en s kon\u010do, nastavljivo usnjeno kravato in notranjim trakom, ki je nastavljiv po velikosti.<\/p>\n","protected":false},"excerpt":{"rendered":"<p>Poletni, lahek western slamnik, mehak in voljen z zanimivimi barvnimi poudarki, ki ustvarjajo ka\u010dji u\u010dinek. Usnjen trak za klobuk je okra\u0161en s kon\u010do, nastavljivo usnjeno&#8230;<\/p>\n","protected":false},"featured_media":22978,"comment_status":"open","ping_status":"closed","template":"","meta":{"_seopress_robots_primary_cat":"","_seopress_titles_title":"","_seopress_titles_desc":"","_seopress_robots_index":""},"etheme_brands":[],"product_brand":[],"product_cat":[548],"product_tag":[],"class_list":{"0":"post-22998","1":"product","2":"type-product","3":"status-publish","4":"has-post-thumbnail","6":"product_cat-country-klobuki","8":"first","9":"instock","10":"sale","11":"shipping-taxable","12":"purchasable","13":"product-type-variable"},"_links":{"self":[{"href":"https:\/\/www.pasovi-verona.si\/en\/wp-json\/wp\/v2\/product\/22998","targetHints":{"allow":["GET"]}}],"collection":[{"href":"https:\/\/www.pasovi-verona.si\/en\/wp-json\/wp\/v2\/product"}],"about":[{"href":"https:\/\/www.pasovi-verona.si\/en\/wp-json\/wp\/v2\/types\/product"}],"replies":[{"embeddable":true,"href":"https:\/\/www.pasovi-verona.si\/en\/wp-json\/wp\/v2\/comments?post=22998"}],"wp:featuredmedia":[{"embeddable":true,"href":"https:\/\/www.pasovi-verona.si\/en\/wp-json\/wp\/v2\/media\/22978"}],"wp:attachment":[{"href":"https:\/\/www.pasovi-verona.si\/en\/wp-json\/wp\/v2\/media?parent=22998"}],"wp:term":[{"taxonomy":"brand","embeddable":true,"href":"https:\/\/www.pasovi-verona.si\/en\/wp-json\/wp\/v2\/etheme_brands?post=22998"},{"taxonomy":"product_brand","embeddable":true,"href":"https:\/\/www.pasovi-verona.si\/en\/wp-json\/wp\/v2\/product_brand?post=22998"},{"taxonomy":"product_cat","embeddable":true,"href":"https:\/\/www.pasovi-verona.si\/en\/wp-json\/wp\/v2\/product_cat?post=22998"},{"taxonomy":"product_tag","embeddable":true,"href":"https:\/\/www.pasovi-verona.si\/en\/wp-json\/wp\/v2\/product_tag?post=22998"}],"curies":[{"name":"wp","href":"https:\/\/api.w.org\/{rel}","templated":true}]}}