{"id":22987,"date":"2024-05-25T11:16:49","date_gmt":"2024-05-25T09:16:49","guid":{"rendered":"https:\/\/www.pasovi-verona.si\/?post_type=product&#038;p=22987"},"modified":"2024-05-25T11:16:49","modified_gmt":"2024-05-25T09:16:49","slug":"line-dance","status":"publish","type":"product","link":"https:\/\/www.pasovi-verona.si\/en\/izdelek\/line-dance\/","title":{"rendered":"Line Dance"},"content":{"rendered":"<p>Dvobarvna tovornja\u0161ka kapa, sestavljena iz 5 delov brez sredinskega \u0161iva, je prava pa\u0161a za o\u010di. Vzdr\u017eljivo ohi\u0161je v videzu semi\u0161a je visokokakovostno in robustno. Zaradi dovr\u0161enega 3D vezenja na slezastem ozadju na sprednji strani, zra\u010dnega mre\u017eastega vlo\u017eka in rjavega vizirja v videzu semi\u0161a z okrasnimi \u0161ivi je kapa z ukrivljenim robom kul zbirateljski predmet. Idealen je za aktivnosti na prostem. . Nastavljiva velikost zahvaljujo\u010d klasi\u010dnemu zapiranju na zadnji strani glave. To zagotavlja popolno prileganje. Bomba\u017eni znojni trak zagotavlja optimalno regulacijo vlage.<\/p>\n","protected":false},"excerpt":{"rendered":"<p>Dvobarvna tovornja\u0161ka kapa, sestavljena iz 5 delov brez sredinskega \u0161iva, je prava pa\u0161a za o\u010di. Vzdr\u017eljivo ohi\u0161je v videzu semi\u0161a je visokokakovostno in robustno. Zaradi&#8230;<\/p>\n","protected":false},"featured_media":22974,"comment_status":"open","ping_status":"closed","template":"","meta":{"_seopress_robots_primary_cat":"","_seopress_titles_title":"","_seopress_titles_desc":"","_seopress_robots_index":""},"etheme_brands":[],"product_brand":[],"product_cat":[693],"product_tag":[],"class_list":{"0":"post-22987","1":"product","2":"type-product","3":"status-publish","4":"has-post-thumbnail","6":"product_cat-country-cepice","8":"first","9":"instock","10":"shipping-taxable","11":"purchasable","12":"product-type-simple"},"_links":{"self":[{"href":"https:\/\/www.pasovi-verona.si\/en\/wp-json\/wp\/v2\/product\/22987","targetHints":{"allow":["GET"]}}],"collection":[{"href":"https:\/\/www.pasovi-verona.si\/en\/wp-json\/wp\/v2\/product"}],"about":[{"href":"https:\/\/www.pasovi-verona.si\/en\/wp-json\/wp\/v2\/types\/product"}],"replies":[{"embeddable":true,"href":"https:\/\/www.pasovi-verona.si\/en\/wp-json\/wp\/v2\/comments?post=22987"}],"wp:featuredmedia":[{"embeddable":true,"href":"https:\/\/www.pasovi-verona.si\/en\/wp-json\/wp\/v2\/media\/22974"}],"wp:attachment":[{"href":"https:\/\/www.pasovi-verona.si\/en\/wp-json\/wp\/v2\/media?parent=22987"}],"wp:term":[{"taxonomy":"brand","embeddable":true,"href":"https:\/\/www.pasovi-verona.si\/en\/wp-json\/wp\/v2\/etheme_brands?post=22987"},{"taxonomy":"product_brand","embeddable":true,"href":"https:\/\/www.pasovi-verona.si\/en\/wp-json\/wp\/v2\/product_brand?post=22987"},{"taxonomy":"product_cat","embeddable":true,"href":"https:\/\/www.pasovi-verona.si\/en\/wp-json\/wp\/v2\/product_cat?post=22987"},{"taxonomy":"product_tag","embeddable":true,"href":"https:\/\/www.pasovi-verona.si\/en\/wp-json\/wp\/v2\/product_tag?post=22987"}],"curies":[{"name":"wp","href":"https:\/\/api.w.org\/{rel}","templated":true}]}}