{"id":22924,"date":"2024-05-21T10:23:38","date_gmt":"2024-05-21T08:23:38","guid":{"rendered":"https:\/\/www.pasovi-verona.si\/?post_type=product&#038;p=22924"},"modified":"2025-10-21T09:49:01","modified_gmt":"2025-10-21T07:49:01","slug":"western-kavbojski-klobuk-wyoming-rjava","status":"publish","type":"product","link":"https:\/\/www.pasovi-verona.si\/en\/izdelek\/western-kavbojski-klobuk-wyoming-rjava\/","title":{"rendered":"Western kavbojski klobuk &#8211; WYOMING rjava"},"content":{"rendered":"<p>Zahodnja\u0161ki klobuk iz volnenega filca. Trak klobuka z ekskluzivno zaponko je diskretno okra\u0161en z majhnimi modrimi okrasnimi kamni. Klobuk je zelo trpe\u017een, dimenzijsko stabilen, vodoodbojen in ima nastavljiv notranji trak. Na voljo tudi v \u010drni barvi.<\/p>\n<p>&nbsp;<\/p>\n<p><span class=\"label\"><span dir=\"auto\"><strong>Material<\/strong>:<\/span><\/span><span class=\"value\"><span dir=\"auto\">100 % volnen filc &#8211; podloga 100 % poliester<\/span><\/span><\/p>\n","protected":false},"excerpt":{"rendered":"<p>Zahodnja\u0161ki klobuk iz volnenega filca. Trak klobuka z ekskluzivno zaponko je diskretno okra\u0161en z majhnimi modrimi okrasnimi kamni. Klobuk je zelo trpe\u017een, dimenzijsko stabilen, vodoodbojen&#8230;<\/p>\n","protected":false},"featured_media":24212,"comment_status":"open","ping_status":"closed","template":"","meta":{"_seopress_robots_primary_cat":"none","_seopress_titles_title":"","_seopress_titles_desc":"","_seopress_robots_index":""},"etheme_brands":[],"product_brand":[],"product_cat":[548],"product_tag":[],"class_list":{"0":"post-22924","1":"product","2":"type-product","3":"status-publish","4":"has-post-thumbnail","6":"product_cat-country-klobuki","8":"first","9":"instock","10":"shipping-taxable","11":"purchasable","12":"product-type-variable"},"_links":{"self":[{"href":"https:\/\/www.pasovi-verona.si\/en\/wp-json\/wp\/v2\/product\/22924","targetHints":{"allow":["GET"]}}],"collection":[{"href":"https:\/\/www.pasovi-verona.si\/en\/wp-json\/wp\/v2\/product"}],"about":[{"href":"https:\/\/www.pasovi-verona.si\/en\/wp-json\/wp\/v2\/types\/product"}],"replies":[{"embeddable":true,"href":"https:\/\/www.pasovi-verona.si\/en\/wp-json\/wp\/v2\/comments?post=22924"}],"wp:featuredmedia":[{"embeddable":true,"href":"https:\/\/www.pasovi-verona.si\/en\/wp-json\/wp\/v2\/media\/24212"}],"wp:attachment":[{"href":"https:\/\/www.pasovi-verona.si\/en\/wp-json\/wp\/v2\/media?parent=22924"}],"wp:term":[{"taxonomy":"brand","embeddable":true,"href":"https:\/\/www.pasovi-verona.si\/en\/wp-json\/wp\/v2\/etheme_brands?post=22924"},{"taxonomy":"product_brand","embeddable":true,"href":"https:\/\/www.pasovi-verona.si\/en\/wp-json\/wp\/v2\/product_brand?post=22924"},{"taxonomy":"product_cat","embeddable":true,"href":"https:\/\/www.pasovi-verona.si\/en\/wp-json\/wp\/v2\/product_cat?post=22924"},{"taxonomy":"product_tag","embeddable":true,"href":"https:\/\/www.pasovi-verona.si\/en\/wp-json\/wp\/v2\/product_tag?post=22924"}],"curies":[{"name":"wp","href":"https:\/\/api.w.org\/{rel}","templated":true}]}}