{"id":22921,"date":"2024-05-21T10:20:46","date_gmt":"2024-05-21T08:20:46","guid":{"rendered":"https:\/\/www.pasovi-verona.si\/?post_type=product&#038;p=22921"},"modified":"2025-10-21T10:24:36","modified_gmt":"2025-10-21T08:24:36","slug":"western-kavbojski-klobuk-kaca-1","status":"publish","type":"product","link":"https:\/\/www.pasovi-verona.si\/en\/izdelek\/western-kavbojski-klobuk-kaca-1\/","title":{"rendered":"Western kavbojski klobuk &#8211; Ka\u010da 1"},"content":{"rendered":"<p>Poletni, lahek zahodnja\u0161ki slamnik, mehak in voljan z zanimivimi barvnimi poudarki, ki ustvarjajo ka\u010dji u\u010dinek. Usnjen trak klobuka je okra\u0161en s kon\u010do, nastavljivo usnjeno vezico in notranjim trakom, ki ga je mogo\u010de nastaviti po velikosti.<\/p>\n<p>&nbsp;<\/p>\n<p><span class=\"label\"><span dir=\"auto\"><strong>Material<\/strong>:<\/span><\/span><span class=\"value\"><span dir=\"auto\">100 % slama<\/span><\/span><\/p>\n","protected":false},"excerpt":{"rendered":"<p>Poletni, lahek zahodnja\u0161ki slamnik, mehak in voljan z zanimivimi barvnimi poudarki, ki ustvarjajo ka\u010dji u\u010dinek. Usnjen trak klobuka je okra\u0161en s kon\u010do, nastavljivo usnjeno vezico&#8230;<\/p>\n","protected":false},"featured_media":24255,"comment_status":"open","ping_status":"closed","template":"","meta":{"_seopress_robots_primary_cat":"none","_seopress_titles_title":"","_seopress_titles_desc":"","_seopress_robots_index":""},"etheme_brands":[],"product_brand":[],"product_cat":[548],"product_tag":[],"class_list":{"0":"post-22921","1":"product","2":"type-product","3":"status-publish","4":"has-post-thumbnail","6":"product_cat-country-klobuki","8":"first","9":"instock","10":"sale","11":"shipping-taxable","12":"purchasable","13":"product-type-variable"},"_links":{"self":[{"href":"https:\/\/www.pasovi-verona.si\/en\/wp-json\/wp\/v2\/product\/22921","targetHints":{"allow":["GET"]}}],"collection":[{"href":"https:\/\/www.pasovi-verona.si\/en\/wp-json\/wp\/v2\/product"}],"about":[{"href":"https:\/\/www.pasovi-verona.si\/en\/wp-json\/wp\/v2\/types\/product"}],"replies":[{"embeddable":true,"href":"https:\/\/www.pasovi-verona.si\/en\/wp-json\/wp\/v2\/comments?post=22921"}],"wp:featuredmedia":[{"embeddable":true,"href":"https:\/\/www.pasovi-verona.si\/en\/wp-json\/wp\/v2\/media\/24255"}],"wp:attachment":[{"href":"https:\/\/www.pasovi-verona.si\/en\/wp-json\/wp\/v2\/media?parent=22921"}],"wp:term":[{"taxonomy":"brand","embeddable":true,"href":"https:\/\/www.pasovi-verona.si\/en\/wp-json\/wp\/v2\/etheme_brands?post=22921"},{"taxonomy":"product_brand","embeddable":true,"href":"https:\/\/www.pasovi-verona.si\/en\/wp-json\/wp\/v2\/product_brand?post=22921"},{"taxonomy":"product_cat","embeddable":true,"href":"https:\/\/www.pasovi-verona.si\/en\/wp-json\/wp\/v2\/product_cat?post=22921"},{"taxonomy":"product_tag","embeddable":true,"href":"https:\/\/www.pasovi-verona.si\/en\/wp-json\/wp\/v2\/product_tag?post=22921"}],"curies":[{"name":"wp","href":"https:\/\/api.w.org\/{rel}","templated":true}]}}