{"id":22781,"date":"2024-05-16T11:36:56","date_gmt":"2024-05-16T09:36:56","guid":{"rendered":"https:\/\/www.pasovi-verona.si\/?post_type=product&#038;p=22781"},"modified":"2025-07-01T00:24:02","modified_gmt":"2025-06-30T22:24:02","slug":"zlozljive-pahljace","status":"publish","type":"product","link":"https:\/\/www.pasovi-verona.si\/en\/izdelek\/zlozljive-pahljace\/","title":{"rendered":"Zlo\u017eljive Pahlja\u010de"},"content":{"rendered":"<p>Pahlja\u010de razli\u010dnih barv, oblik, materialov in velikosti so idealni pripomo\u010dek v poletnih mesecih.<\/p>\n<p>Pahlja\u010de niso le pripomo\u010dek za hlajenje, ampak imajo veliko ve\u010djo vlogo v dru\u017ebenem \u017eivljenju.<\/p>\n<p>Pahlja\u010da je tudi zelo hvale\u017een predmet za zbiranje zaradi svoje velikosti, izdelave in poslikave.<\/p>\n<p><strong>Velikost 38&#215;22<\/strong><\/p>\n","protected":false},"excerpt":{"rendered":"<p>Pahlja\u010de razli\u010dnih barv, oblik, materialov in velikosti so idealni pripomo\u010dek v poletnih mesecih. Pahlja\u010de niso le pripomo\u010dek za hlajenje, ampak imajo veliko ve\u010djo vlogo v&#8230;<\/p>\n","protected":false},"featured_media":22762,"comment_status":"open","ping_status":"closed","template":"","meta":{"_seopress_robots_primary_cat":"none","_seopress_titles_title":"","_seopress_titles_desc":"","_seopress_robots_index":""},"etheme_brands":[],"product_brand":[],"product_cat":[568],"product_tag":[],"class_list":{"0":"post-22781","1":"product","2":"type-product","3":"status-publish","4":"has-post-thumbnail","6":"product_cat-western-dodatki","8":"first","9":"instock","10":"shipping-taxable","11":"purchasable","12":"product-type-variable"},"_links":{"self":[{"href":"https:\/\/www.pasovi-verona.si\/en\/wp-json\/wp\/v2\/product\/22781","targetHints":{"allow":["GET"]}}],"collection":[{"href":"https:\/\/www.pasovi-verona.si\/en\/wp-json\/wp\/v2\/product"}],"about":[{"href":"https:\/\/www.pasovi-verona.si\/en\/wp-json\/wp\/v2\/types\/product"}],"replies":[{"embeddable":true,"href":"https:\/\/www.pasovi-verona.si\/en\/wp-json\/wp\/v2\/comments?post=22781"}],"wp:featuredmedia":[{"embeddable":true,"href":"https:\/\/www.pasovi-verona.si\/en\/wp-json\/wp\/v2\/media\/22762"}],"wp:attachment":[{"href":"https:\/\/www.pasovi-verona.si\/en\/wp-json\/wp\/v2\/media?parent=22781"}],"wp:term":[{"taxonomy":"brand","embeddable":true,"href":"https:\/\/www.pasovi-verona.si\/en\/wp-json\/wp\/v2\/etheme_brands?post=22781"},{"taxonomy":"product_brand","embeddable":true,"href":"https:\/\/www.pasovi-verona.si\/en\/wp-json\/wp\/v2\/product_brand?post=22781"},{"taxonomy":"product_cat","embeddable":true,"href":"https:\/\/www.pasovi-verona.si\/en\/wp-json\/wp\/v2\/product_cat?post=22781"},{"taxonomy":"product_tag","embeddable":true,"href":"https:\/\/www.pasovi-verona.si\/en\/wp-json\/wp\/v2\/product_tag?post=22781"}],"curies":[{"name":"wp","href":"https:\/\/api.w.org\/{rel}","templated":true}]}}