{"id":22286,"date":"2024-05-09T09:27:02","date_gmt":"2024-05-09T07:27:02","guid":{"rendered":"https:\/\/www.pasovi-verona.si\/?post_type=product&#038;p=22286"},"modified":"2024-05-09T09:27:02","modified_gmt":"2024-05-09T07:27:02","slug":"western-pas-rm56","status":"publish","type":"product","link":"https:\/\/www.pasovi-verona.si\/en\/izdelek\/western-pas-rm56\/","title":{"rendered":"Western pas RM56"},"content":{"rendered":"<p>Pasovi so izdelani v Sloveniji.<\/p>\n<p>\u010cudovit\u00a0western pas usnjeni pasovi so pomemben modni dodatek vsakega mo\u0161kega ali \u017eenske.<\/p>\n<p>Western pasu ne morete nositi samo za western jahanje in ples na liniji, ampak tudi za prosti \u010das.<\/p>\n<p>Za razliko od drugih materialov, so usnjeni pasovi kompakni in vzdr\u017eljivi, zaradi preverjene kvalitete materiala ne pokajo.<\/p>\n<p>Pas je narejen iz enovitega kosa usnja, je brez umetnih dodatkov.<\/p>\n<p>Western pasovi se merijo od konca traku na strani zaponke do sredi\u0161\u010da srednje luknje.<\/p>\n<p>Pas vam izdelamo na mero.<\/p>\n<p>Za kraj\u0161anje doma potrebujete \u0161karje, luknja\u010d ter izvija\u010d.<\/p>\n<h2><span style=\"color: #ff0000\"><strong>Cena je brez zaponke!!!!!<\/strong><\/span><\/h2>\n<p><strong><a href=\"https:\/\/www.pasovi-verona.si\/kategorija-izdelka\/western-buckles\/\">Klikni tukaj za izbiro zaponke<\/a><br \/>\n<a href=\"https:\/\/www.pasovi-verona.si\/kako-pomerimo-pas\/\">Klikni tukaj da vidi\u0161 kako izmeriti pas<\/a><\/strong><\/p>\n","protected":false},"excerpt":{"rendered":"<p>Pasovi so izdelani v Sloveniji. \u010cudovit\u00a0western pas usnjeni pasovi so pomemben modni dodatek vsakega mo\u0161kega ali \u017eenske. Western pasu ne morete nositi samo za western&#8230;<\/p>\n","protected":false},"featured_media":22016,"comment_status":"open","ping_status":"closed","template":"","meta":{"_seopress_robots_primary_cat":"","_seopress_titles_title":"","_seopress_titles_desc":"","_seopress_robots_index":""},"etheme_brands":[],"product_brand":[],"product_cat":[545],"product_tag":[],"class_list":{"0":"post-22286","1":"product","2":"type-product","3":"status-publish","4":"has-post-thumbnail","6":"product_cat-razlicni-motivi","8":"first","9":"instock","10":"shipping-taxable","11":"purchasable","12":"product-type-variable"},"_links":{"self":[{"href":"https:\/\/www.pasovi-verona.si\/en\/wp-json\/wp\/v2\/product\/22286","targetHints":{"allow":["GET"]}}],"collection":[{"href":"https:\/\/www.pasovi-verona.si\/en\/wp-json\/wp\/v2\/product"}],"about":[{"href":"https:\/\/www.pasovi-verona.si\/en\/wp-json\/wp\/v2\/types\/product"}],"replies":[{"embeddable":true,"href":"https:\/\/www.pasovi-verona.si\/en\/wp-json\/wp\/v2\/comments?post=22286"}],"wp:featuredmedia":[{"embeddable":true,"href":"https:\/\/www.pasovi-verona.si\/en\/wp-json\/wp\/v2\/media\/22016"}],"wp:attachment":[{"href":"https:\/\/www.pasovi-verona.si\/en\/wp-json\/wp\/v2\/media?parent=22286"}],"wp:term":[{"taxonomy":"brand","embeddable":true,"href":"https:\/\/www.pasovi-verona.si\/en\/wp-json\/wp\/v2\/etheme_brands?post=22286"},{"taxonomy":"product_brand","embeddable":true,"href":"https:\/\/www.pasovi-verona.si\/en\/wp-json\/wp\/v2\/product_brand?post=22286"},{"taxonomy":"product_cat","embeddable":true,"href":"https:\/\/www.pasovi-verona.si\/en\/wp-json\/wp\/v2\/product_cat?post=22286"},{"taxonomy":"product_tag","embeddable":true,"href":"https:\/\/www.pasovi-verona.si\/en\/wp-json\/wp\/v2\/product_tag?post=22286"}],"curies":[{"name":"wp","href":"https:\/\/api.w.org\/{rel}","templated":true}]}}