{"id":22190,"date":"2024-05-08T13:25:54","date_gmt":"2024-05-08T11:25:54","guid":{"rendered":"https:\/\/www.pasovi-verona.si\/?post_type=product&#038;p=22190"},"modified":"2024-05-08T13:27:27","modified_gmt":"2024-05-08T11:27:27","slug":"western-rutke","status":"publish","type":"product","link":"https:\/\/www.pasovi-verona.si\/en\/izdelek\/western-rutke\/","title":{"rendered":"Western rutke"},"content":{"rendered":"<p>Ovratna ruta raznih barv v Western dizajnu. Ovalna ruta je kvadratne oblike, ki se obi\u010dajno nosi v laseh, glavi, vratu ali rokah. Ruta je primeren dodatek za navadna ali \u0161portna obla\u010dila, tudi za naravo za pohodni\u0161tvo, kolesarjenje, smu\u010danje ali tek ali za country plesalce.<\/p>\n<p><b>Uporaba:<\/b><br \/>\nZa vsakodnevno no\u0161enje, v hladnem vremenu kot za\u0161\u010dita pred vetrom in mrazo, tudi kot eleganten dodatek.<\/p>\n","protected":false},"excerpt":{"rendered":"<p>Ovratna ruta raznih barv v Western dizajnu. Ovalna ruta je kvadratne oblike, ki se obi\u010dajno nosi v laseh, glavi, vratu ali rokah. Ruta je primeren&#8230;<\/p>\n","protected":false},"featured_media":22195,"comment_status":"open","ping_status":"closed","template":"","meta":{"_seopress_robots_primary_cat":"none","_seopress_titles_title":"","_seopress_titles_desc":"","_seopress_robots_index":""},"etheme_brands":[],"product_brand":[],"product_cat":[568],"product_tag":[],"class_list":{"0":"post-22190","1":"product","2":"type-product","3":"status-publish","4":"has-post-thumbnail","6":"product_cat-western-dodatki","8":"first","9":"instock","10":"shipping-taxable","11":"purchasable","12":"product-type-variable"},"_links":{"self":[{"href":"https:\/\/www.pasovi-verona.si\/en\/wp-json\/wp\/v2\/product\/22190","targetHints":{"allow":["GET"]}}],"collection":[{"href":"https:\/\/www.pasovi-verona.si\/en\/wp-json\/wp\/v2\/product"}],"about":[{"href":"https:\/\/www.pasovi-verona.si\/en\/wp-json\/wp\/v2\/types\/product"}],"replies":[{"embeddable":true,"href":"https:\/\/www.pasovi-verona.si\/en\/wp-json\/wp\/v2\/comments?post=22190"}],"wp:featuredmedia":[{"embeddable":true,"href":"https:\/\/www.pasovi-verona.si\/en\/wp-json\/wp\/v2\/media\/22195"}],"wp:attachment":[{"href":"https:\/\/www.pasovi-verona.si\/en\/wp-json\/wp\/v2\/media?parent=22190"}],"wp:term":[{"taxonomy":"brand","embeddable":true,"href":"https:\/\/www.pasovi-verona.si\/en\/wp-json\/wp\/v2\/etheme_brands?post=22190"},{"taxonomy":"product_brand","embeddable":true,"href":"https:\/\/www.pasovi-verona.si\/en\/wp-json\/wp\/v2\/product_brand?post=22190"},{"taxonomy":"product_cat","embeddable":true,"href":"https:\/\/www.pasovi-verona.si\/en\/wp-json\/wp\/v2\/product_cat?post=22190"},{"taxonomy":"product_tag","embeddable":true,"href":"https:\/\/www.pasovi-verona.si\/en\/wp-json\/wp\/v2\/product_tag?post=22190"}],"curies":[{"name":"wp","href":"https:\/\/api.w.org\/{rel}","templated":true}]}}