{"id":21761,"date":"2024-05-04T10:51:00","date_gmt":"2024-05-04T08:51:00","guid":{"rendered":"https:\/\/www.pasovi-verona.si\/?post_type=product&#038;p=21761"},"modified":"2024-05-05T13:23:35","modified_gmt":"2024-05-05T11:23:35","slug":"lesen-sezuvalnik-za-skornje-4","status":"publish","type":"product","link":"https:\/\/www.pasovi-verona.si\/en\/izdelek\/lesen-sezuvalnik-za-skornje-4\/","title":{"rendered":"Lesen sezuvalnik za \u0161kornje 4"},"content":{"rendered":"<div dir=\"auto\">Lesen sezuvalnik za \u0161kornje in \u010devlje, v\u010dasih so mu rekli &#8216;zajec&#8217; ali &#8216;hlapec&#8217;.<\/div>\n<div dir=\"auto\"><\/div>\n<div dir=\"auto\">Odli\u010den pripomo\u010dek za vse, saj je sezuvanje preprosto ; peto \u010devlja enostavno zataknemo v izrez ter po\u010dasi potegnemo.<\/div>\n<div dir=\"auto\"><\/div>\n<div dir=\"auto\">V zarezi sem dodal usnje, da ne po\u0161koduje \u0161kornja.<\/div>\n<div dir=\"auto\"><\/div>\n<div dir=\"auto\">Motivi so lahko razli\u010dni.Izdelek je okolju prijazen.<\/div>\n<div dir=\"auto\"><span style=\"color: #ff0000\">NA ZALOGI<\/span><\/div>\n","protected":false},"excerpt":{"rendered":"<p>Lesen sezuvalnik za \u0161kornje in \u010devlje, v\u010dasih so mu rekli &#8216;zajec&#8217; ali &#8216;hlapec&#8217;. Odli\u010den pripomo\u010dek za vse, saj je sezuvanje preprosto ; peto \u010devlja enostavno&#8230;<\/p>\n","protected":false},"featured_media":21741,"comment_status":"open","ping_status":"closed","template":"","meta":{"_seopress_robots_primary_cat":"none","_seopress_titles_title":"","_seopress_titles_desc":"","_seopress_robots_index":""},"etheme_brands":[],"product_brand":[],"product_cat":[568],"product_tag":[],"class_list":{"0":"post-21761","1":"product","2":"type-product","3":"status-publish","4":"has-post-thumbnail","6":"product_cat-western-dodatki","8":"first","9":"instock","10":"shipping-taxable","11":"purchasable","12":"product-type-simple"},"_links":{"self":[{"href":"https:\/\/www.pasovi-verona.si\/en\/wp-json\/wp\/v2\/product\/21761","targetHints":{"allow":["GET"]}}],"collection":[{"href":"https:\/\/www.pasovi-verona.si\/en\/wp-json\/wp\/v2\/product"}],"about":[{"href":"https:\/\/www.pasovi-verona.si\/en\/wp-json\/wp\/v2\/types\/product"}],"replies":[{"embeddable":true,"href":"https:\/\/www.pasovi-verona.si\/en\/wp-json\/wp\/v2\/comments?post=21761"}],"wp:featuredmedia":[{"embeddable":true,"href":"https:\/\/www.pasovi-verona.si\/en\/wp-json\/wp\/v2\/media\/21741"}],"wp:attachment":[{"href":"https:\/\/www.pasovi-verona.si\/en\/wp-json\/wp\/v2\/media?parent=21761"}],"wp:term":[{"taxonomy":"brand","embeddable":true,"href":"https:\/\/www.pasovi-verona.si\/en\/wp-json\/wp\/v2\/etheme_brands?post=21761"},{"taxonomy":"product_brand","embeddable":true,"href":"https:\/\/www.pasovi-verona.si\/en\/wp-json\/wp\/v2\/product_brand?post=21761"},{"taxonomy":"product_cat","embeddable":true,"href":"https:\/\/www.pasovi-verona.si\/en\/wp-json\/wp\/v2\/product_cat?post=21761"},{"taxonomy":"product_tag","embeddable":true,"href":"https:\/\/www.pasovi-verona.si\/en\/wp-json\/wp\/v2\/product_tag?post=21761"}],"curies":[{"name":"wp","href":"https:\/\/api.w.org\/{rel}","templated":true}]}}