{"id":21595,"date":"2024-04-25T13:39:49","date_gmt":"2024-04-25T11:39:49","guid":{"rendered":"https:\/\/www.pasovi-verona.si\/?post_type=product&#038;p=21595"},"modified":"2024-09-03T20:29:33","modified_gmt":"2024-09-03T18:29:33","slug":"lesen-sezuvalnik-za-skornje-konj","status":"publish","type":"product","link":"https:\/\/www.pasovi-verona.si\/en\/izdelek\/lesen-sezuvalnik-za-skornje-konj\/","title":{"rendered":"Lesen sezuvalnik za \u0161kornje &#8211; KONJ"},"content":{"rendered":"<div dir=\"auto\">Lesen sezuvalnik za \u0161kornje in \u010devlje, v\u010dasih so mu rekli &#8216;zajec&#8217; ali &#8216;hlapec&#8217;. Odli\u010den pripomo\u010dek za vse, saj je sezuvanje preprosto ; peto \u010devlja enostavno zataknemo v izrez ter po\u010dasi potegnemo.V zarezi sem dodal usnje, da ne po\u0161koduje \u0161kornja.Motivi so lahko razli\u010dni.Izdelek je okolju prijazen<\/div>\n<div dir=\"auto\">NA ZALOGI<\/div>\n","protected":false},"excerpt":{"rendered":"<p>Lesen sezuvalnik za \u0161kornje in \u010devlje, v\u010dasih so mu rekli &#8216;zajec&#8217; ali &#8216;hlapec&#8217;. Odli\u010den pripomo\u010dek za vse, saj je sezuvanje preprosto ; peto \u010devlja enostavno&#8230;<\/p>\n","protected":false},"featured_media":21598,"comment_status":"open","ping_status":"closed","template":"","meta":{"_seopress_robots_primary_cat":"","_seopress_titles_title":"","_seopress_titles_desc":"","_seopress_robots_index":""},"etheme_brands":[],"product_brand":[],"product_cat":[568],"product_tag":[],"class_list":{"0":"post-21595","1":"product","2":"type-product","3":"status-publish","4":"has-post-thumbnail","6":"product_cat-western-dodatki","8":"first","9":"outofstock","10":"shipping-taxable","11":"purchasable","12":"product-type-simple"},"_links":{"self":[{"href":"https:\/\/www.pasovi-verona.si\/en\/wp-json\/wp\/v2\/product\/21595","targetHints":{"allow":["GET"]}}],"collection":[{"href":"https:\/\/www.pasovi-verona.si\/en\/wp-json\/wp\/v2\/product"}],"about":[{"href":"https:\/\/www.pasovi-verona.si\/en\/wp-json\/wp\/v2\/types\/product"}],"replies":[{"embeddable":true,"href":"https:\/\/www.pasovi-verona.si\/en\/wp-json\/wp\/v2\/comments?post=21595"}],"wp:featuredmedia":[{"embeddable":true,"href":"https:\/\/www.pasovi-verona.si\/en\/wp-json\/wp\/v2\/media\/21598"}],"wp:attachment":[{"href":"https:\/\/www.pasovi-verona.si\/en\/wp-json\/wp\/v2\/media?parent=21595"}],"wp:term":[{"taxonomy":"brand","embeddable":true,"href":"https:\/\/www.pasovi-verona.si\/en\/wp-json\/wp\/v2\/etheme_brands?post=21595"},{"taxonomy":"product_brand","embeddable":true,"href":"https:\/\/www.pasovi-verona.si\/en\/wp-json\/wp\/v2\/product_brand?post=21595"},{"taxonomy":"product_cat","embeddable":true,"href":"https:\/\/www.pasovi-verona.si\/en\/wp-json\/wp\/v2\/product_cat?post=21595"},{"taxonomy":"product_tag","embeddable":true,"href":"https:\/\/www.pasovi-verona.si\/en\/wp-json\/wp\/v2\/product_tag?post=21595"}],"curies":[{"name":"wp","href":"https:\/\/api.w.org\/{rel}","templated":true}]}}