{"id":21508,"date":"2024-04-10T13:23:29","date_gmt":"2024-04-10T11:23:29","guid":{"rendered":"https:\/\/www.pasovi-verona.si\/?post_type=product&#038;p=21508"},"modified":"2025-02-01T10:57:27","modified_gmt":"2025-02-01T09:57:27","slug":"usnjena-torbica-za-na-pas-z-resicami-temno-rjava","status":"publish","type":"product","link":"https:\/\/www.pasovi-verona.si\/en\/izdelek\/usnjena-torbica-za-na-pas-z-resicami-temno-rjava\/","title":{"rendered":"Usnjena torbica za na pas &#8211; z resicami temno rjava"},"content":{"rendered":"<p>Celela izvirno oblikovan \u017eenske ro\u010dna torbica.No\u0161enje za pasom pritrditev z karabinam, ki pritrdimo na zanke na hla\u010dah<\/p>\n","protected":false},"excerpt":{"rendered":"<p>Celela izvirno oblikovan \u017eenske ro\u010dna torbica.No\u0161enje za pasom pritrditev z karabinam, ki pritrdimo na zanke na hla\u010dah<\/p>\n","protected":false},"featured_media":21474,"comment_status":"open","ping_status":"closed","template":"","meta":{"_seopress_robots_primary_cat":"","_seopress_titles_title":"","_seopress_titles_desc":"","_seopress_robots_index":""},"etheme_brands":[],"product_brand":[],"product_cat":[562],"product_tag":[],"class_list":{"0":"post-21508","1":"product","2":"type-product","3":"status-publish","4":"has-post-thumbnail","6":"product_cat-country-usnjene-torbice","8":"first","9":"outofstock","10":"shipping-taxable","11":"purchasable","12":"product-type-simple"},"_links":{"self":[{"href":"https:\/\/www.pasovi-verona.si\/en\/wp-json\/wp\/v2\/product\/21508","targetHints":{"allow":["GET"]}}],"collection":[{"href":"https:\/\/www.pasovi-verona.si\/en\/wp-json\/wp\/v2\/product"}],"about":[{"href":"https:\/\/www.pasovi-verona.si\/en\/wp-json\/wp\/v2\/types\/product"}],"replies":[{"embeddable":true,"href":"https:\/\/www.pasovi-verona.si\/en\/wp-json\/wp\/v2\/comments?post=21508"}],"wp:featuredmedia":[{"embeddable":true,"href":"https:\/\/www.pasovi-verona.si\/en\/wp-json\/wp\/v2\/media\/21474"}],"wp:attachment":[{"href":"https:\/\/www.pasovi-verona.si\/en\/wp-json\/wp\/v2\/media?parent=21508"}],"wp:term":[{"taxonomy":"brand","embeddable":true,"href":"https:\/\/www.pasovi-verona.si\/en\/wp-json\/wp\/v2\/etheme_brands?post=21508"},{"taxonomy":"product_brand","embeddable":true,"href":"https:\/\/www.pasovi-verona.si\/en\/wp-json\/wp\/v2\/product_brand?post=21508"},{"taxonomy":"product_cat","embeddable":true,"href":"https:\/\/www.pasovi-verona.si\/en\/wp-json\/wp\/v2\/product_cat?post=21508"},{"taxonomy":"product_tag","embeddable":true,"href":"https:\/\/www.pasovi-verona.si\/en\/wp-json\/wp\/v2\/product_tag?post=21508"}],"curies":[{"name":"wp","href":"https:\/\/api.w.org\/{rel}","templated":true}]}}