{"id":21468,"date":"2024-04-10T12:54:35","date_gmt":"2024-04-10T10:54:35","guid":{"rendered":"https:\/\/www.pasovi-verona.si\/?post_type=product&#038;p=21468"},"modified":"2025-10-17T08:38:09","modified_gmt":"2025-10-17T06:38:09","slug":"country-klobuk-crni","status":"publish","type":"product","link":"https:\/\/www.pasovi-verona.si\/en\/izdelek\/country-klobuk-crni\/","title":{"rendered":"Country klobuk &#8211; \u010drni"},"content":{"rendered":"<p>Trendovski zahodni slamnati klobuk, ki ohranja obliko, se udobno prilega zaradi mehkega notranjega traku.<\/p>\n<h3><strong>Velikosti klobukov<\/strong><\/h3>\n<p><strong><span style=\"vertical-align: inherit\">XS<\/span><\/strong><span style=\"vertical-align: inherit\"> &#8211; 52\/53 cm\u00a0 \u00a0 \u00a0 \u00a0 \u00a0 \u00a0 <\/span><strong><span style=\"vertical-align: inherit\">S<\/span><\/strong><span style=\"vertical-align: inherit\"> \u00a0&#8211; 54\/55 cm <\/span><strong><span style=\"vertical-align: inherit\">\u00a0 \u00a0 \u00a0 \u00a0 M<\/span><\/strong><span style=\"vertical-align: inherit\"> &#8211; 56\/57 cm <\/span><strong><span style=\"vertical-align: inherit\">\u00a0 \u00a0 \u00a0 L<\/span><\/strong><span style=\"vertical-align: inherit\"> &#8211; 58\/59 cm\u00a0 \u00a0\u00a0 <\/span><strong><span style=\"vertical-align: inherit\">XL<\/span><\/strong><span style=\"vertical-align: inherit\"> &#8211; 60\/61 cm\u00a0 \u00a0 \u00a0 <\/span><strong><span style=\"vertical-align: inherit\">XXL<\/span><\/strong><span style=\"vertical-align: inherit\"> &#8211; 62\/63 cm<\/span><\/p>\n<p>KAKO IZMERIM VELIKOST KLOBUKA?<\/p>\n<p>\u010ce \u017eelite izvedeti velikost klobuka, morate izmeriti obseg glave; za to boste potrebovali merilni trak in ogledalo. Vzemite merilni trak in ga polo\u017eite na zadnji del glave. Nato potegnite obe strani traku naprej, tik nad u\u0161esi in \u010dez obrvi, tako da ga zdru\u017eite pribli\u017eno na sredini \u010dela. Pazite, da merilnega traku ne zategnete premo\u010dno. Zdaj lahko z ogledalom od\u010ditate obseg glave.<\/p>\n<p>Priporo\u010damo, da \u0161tevilko, ki jo vidite, zaokro\u017eite na naslednji polni centimeter (npr. zaokro\u017eite 57,5 \u200b\u200bcm na 58 cm). \u010ce \u017eelite klobuk ali kapo nositi nekoliko bolj naprej ali navzdol \u010dez \u010delo, potem izmerjenemu obsegu glave dodajte dodaten centimeter. \u017denske morajo pri merjenju glave paziti, da si lase po\u010de\u0161ejo nazaj.<br \/>\nNa\u0161 poseben nasvet: \u010de pri roki nimate merilnega traku, lahko uporabite tudi katerikoli kos vrvice ali vrvice in ga nato postavite ob ravnilo, da ugotovite velikost. Spet je pomembno, da izmerjeno velikost zaokro\u017eite na naslednje celo \u0161tevilo. Premajhen klobuk lahko povzro\u010da preglavice, \u010de pa je klobuk malo prevelik, lahko razliko nadomestimo s klobu\u010dno peno ali pluto. Te lahko uporabite za pravilno prilagoditev velikosti. Samo vpra\u0161ajte, ko oddate naro\u010dilo, in nekaj vam bomo vklju\u010dili brezpla\u010dno.<\/p>\n<p>Pri podolgovatih oblikah glave je treba penasto ali pluto za klobuke namestiti ob straneh, pod trak za klobuke. Pri bolj okroglih oblikah glave priporo\u010damo, da na zadnji strani podloge namestite peno ali pluto. Pena za klobuke ali pluta lahko spremenita velikost klobuka za pribli\u017eno 1 cm.<\/p>\n","protected":false},"excerpt":{"rendered":"<p>Trendovski zahodni slamnati klobuk, ki ohranja obliko, se udobno prilega zaradi mehkega notranjega traku. Velikosti klobukov XS &#8211; 52\/53 cm\u00a0 \u00a0 \u00a0 \u00a0 \u00a0 \u00a0&#8230;<\/p>\n","protected":false},"featured_media":21492,"comment_status":"open","ping_status":"closed","template":"","meta":{"_seopress_robots_primary_cat":"none","_seopress_titles_title":"","_seopress_titles_desc":"","_seopress_robots_index":""},"etheme_brands":[],"product_brand":[],"product_cat":[548],"product_tag":[],"class_list":{"0":"post-21468","1":"product","2":"type-product","3":"status-publish","4":"has-post-thumbnail","6":"product_cat-country-klobuki","8":"first","9":"instock","10":"shipping-taxable","11":"purchasable","12":"product-type-variable"},"_links":{"self":[{"href":"https:\/\/www.pasovi-verona.si\/en\/wp-json\/wp\/v2\/product\/21468","targetHints":{"allow":["GET"]}}],"collection":[{"href":"https:\/\/www.pasovi-verona.si\/en\/wp-json\/wp\/v2\/product"}],"about":[{"href":"https:\/\/www.pasovi-verona.si\/en\/wp-json\/wp\/v2\/types\/product"}],"replies":[{"embeddable":true,"href":"https:\/\/www.pasovi-verona.si\/en\/wp-json\/wp\/v2\/comments?post=21468"}],"wp:featuredmedia":[{"embeddable":true,"href":"https:\/\/www.pasovi-verona.si\/en\/wp-json\/wp\/v2\/media\/21492"}],"wp:attachment":[{"href":"https:\/\/www.pasovi-verona.si\/en\/wp-json\/wp\/v2\/media?parent=21468"}],"wp:term":[{"taxonomy":"brand","embeddable":true,"href":"https:\/\/www.pasovi-verona.si\/en\/wp-json\/wp\/v2\/etheme_brands?post=21468"},{"taxonomy":"product_brand","embeddable":true,"href":"https:\/\/www.pasovi-verona.si\/en\/wp-json\/wp\/v2\/product_brand?post=21468"},{"taxonomy":"product_cat","embeddable":true,"href":"https:\/\/www.pasovi-verona.si\/en\/wp-json\/wp\/v2\/product_cat?post=21468"},{"taxonomy":"product_tag","embeddable":true,"href":"https:\/\/www.pasovi-verona.si\/en\/wp-json\/wp\/v2\/product_tag?post=21468"}],"curies":[{"name":"wp","href":"https:\/\/api.w.org\/{rel}","templated":true}]}}