{"id":21451,"date":"2024-04-10T10:56:12","date_gmt":"2024-04-10T08:56:12","guid":{"rendered":"https:\/\/www.pasovi-verona.si\/?post_type=product&#038;p=21451"},"modified":"2024-04-10T10:56:46","modified_gmt":"2024-04-10T08:56:46","slug":"usnjena-torbica-za-na-pas-bordo-rdeca","status":"publish","type":"product","link":"https:\/\/www.pasovi-verona.si\/en\/izdelek\/usnjena-torbica-za-na-pas-bordo-rdeca\/","title":{"rendered":"Usnjena torbica za na pas &#8211; bordo rde\u010da"},"content":{"rendered":"<p>Prakti\u010dna torba\u00a0 iz pravega usnja. Torba se zapira z magnetnim gumbom, zaradi \u010desar je odpiranje torbe zelo enostavno.<br \/>\nTorba je zahvaljujo\u010d svojim dimenzijam: dol\u017eina 21 cm, \u0161irina 10 cm.<br \/>\nTorbico lahko uporabite za vsako prilo\u017enost, namenjena je za mobitel zadaj je narejena, da se prilagodi na pas.Narejena je ro\u010dno motivi se lahko prilagodijo, \u010de imate\u00a0 kak\u0161ne \u017eelje mi lahko sporo\u010dite in se bomo potrudili, da jih izvedemo.<\/p>\n","protected":false},"excerpt":{"rendered":"<p>Prakti\u010dna torba\u00a0 iz pravega usnja. Torba se zapira z magnetnim gumbom, zaradi \u010desar je odpiranje torbe zelo enostavno. Torba je zahvaljujo\u010d svojim dimenzijam: dol\u017eina 21&#8230;<\/p>\n","protected":false},"featured_media":21419,"comment_status":"open","ping_status":"closed","template":"","meta":{"_seopress_robots_primary_cat":"none","_seopress_titles_title":"","_seopress_titles_desc":"","_seopress_robots_index":""},"etheme_brands":[],"product_brand":[],"product_cat":[562],"product_tag":[],"class_list":{"0":"post-21451","1":"product","2":"type-product","3":"status-publish","4":"has-post-thumbnail","6":"product_cat-country-usnjene-torbice","8":"first","9":"instock","10":"shipping-taxable","11":"purchasable","12":"product-type-simple"},"_links":{"self":[{"href":"https:\/\/www.pasovi-verona.si\/en\/wp-json\/wp\/v2\/product\/21451","targetHints":{"allow":["GET"]}}],"collection":[{"href":"https:\/\/www.pasovi-verona.si\/en\/wp-json\/wp\/v2\/product"}],"about":[{"href":"https:\/\/www.pasovi-verona.si\/en\/wp-json\/wp\/v2\/types\/product"}],"replies":[{"embeddable":true,"href":"https:\/\/www.pasovi-verona.si\/en\/wp-json\/wp\/v2\/comments?post=21451"}],"wp:featuredmedia":[{"embeddable":true,"href":"https:\/\/www.pasovi-verona.si\/en\/wp-json\/wp\/v2\/media\/21419"}],"wp:attachment":[{"href":"https:\/\/www.pasovi-verona.si\/en\/wp-json\/wp\/v2\/media?parent=21451"}],"wp:term":[{"taxonomy":"brand","embeddable":true,"href":"https:\/\/www.pasovi-verona.si\/en\/wp-json\/wp\/v2\/etheme_brands?post=21451"},{"taxonomy":"product_brand","embeddable":true,"href":"https:\/\/www.pasovi-verona.si\/en\/wp-json\/wp\/v2\/product_brand?post=21451"},{"taxonomy":"product_cat","embeddable":true,"href":"https:\/\/www.pasovi-verona.si\/en\/wp-json\/wp\/v2\/product_cat?post=21451"},{"taxonomy":"product_tag","embeddable":true,"href":"https:\/\/www.pasovi-verona.si\/en\/wp-json\/wp\/v2\/product_tag?post=21451"}],"curies":[{"name":"wp","href":"https:\/\/api.w.org\/{rel}","templated":true}]}}