{"id":21434,"date":"2024-04-10T10:27:03","date_gmt":"2024-04-10T08:27:03","guid":{"rendered":"https:\/\/www.pasovi-verona.si\/?post_type=product&#038;p=21434"},"modified":"2025-02-01T10:57:56","modified_gmt":"2025-02-01T09:57:56","slug":"usnjena-torbica-za-na-pas-rjava","status":"publish","type":"product","link":"https:\/\/www.pasovi-verona.si\/en\/izdelek\/usnjena-torbica-za-na-pas-rjava\/","title":{"rendered":"Usnjena torbica za na pas &#8211; rjava"},"content":{"rendered":"<p>Blagovna znamka Tillberg predstavlja trajno kakovost v kombinaciji s privla\u010dnim dizajnom. Usnjeni izdelki znamke Tillberg govorijo sami zase s svojo brez\u010dasno obliko in visoko kakovostjo.<br \/>\nPrakti\u010dna torba\u00a0 iz pravega usnja. Torba se zapira z magnetnim gumbom, zaradi \u010desar je odpiranje torbe zelo enostavno. Ob strani glavnega predala torbe je predal z zadrgo.<br \/>\nTorba je zahvaljujo\u010d svojim dimenzijam: dol\u017eina 21 cm, \u0161irina 14,5 cm.<br \/>\nTorbico lahko uporabite za vsako prilo\u017enost, njena majhna oblika pomeni, da lahko vanjo spravite svoje najpomembnej\u0161e stvari.<\/p>\n","protected":false},"excerpt":{"rendered":"<p>Blagovna znamka Tillberg predstavlja trajno kakovost v kombinaciji s privla\u010dnim dizajnom. Usnjeni izdelki znamke Tillberg govorijo sami zase s svojo brez\u010dasno obliko in visoko kakovostjo&#8230;.<\/p>\n","protected":false},"featured_media":21423,"comment_status":"open","ping_status":"closed","template":"","meta":{"_seopress_robots_primary_cat":"","_seopress_titles_title":"","_seopress_titles_desc":"","_seopress_robots_index":""},"etheme_brands":[],"product_brand":[],"product_cat":[562],"product_tag":[],"class_list":{"0":"post-21434","1":"product","2":"type-product","3":"status-publish","4":"has-post-thumbnail","6":"product_cat-country-usnjene-torbice","8":"first","9":"outofstock","10":"shipping-taxable","11":"purchasable","12":"product-type-simple"},"_links":{"self":[{"href":"https:\/\/www.pasovi-verona.si\/en\/wp-json\/wp\/v2\/product\/21434","targetHints":{"allow":["GET"]}}],"collection":[{"href":"https:\/\/www.pasovi-verona.si\/en\/wp-json\/wp\/v2\/product"}],"about":[{"href":"https:\/\/www.pasovi-verona.si\/en\/wp-json\/wp\/v2\/types\/product"}],"replies":[{"embeddable":true,"href":"https:\/\/www.pasovi-verona.si\/en\/wp-json\/wp\/v2\/comments?post=21434"}],"wp:featuredmedia":[{"embeddable":true,"href":"https:\/\/www.pasovi-verona.si\/en\/wp-json\/wp\/v2\/media\/21423"}],"wp:attachment":[{"href":"https:\/\/www.pasovi-verona.si\/en\/wp-json\/wp\/v2\/media?parent=21434"}],"wp:term":[{"taxonomy":"brand","embeddable":true,"href":"https:\/\/www.pasovi-verona.si\/en\/wp-json\/wp\/v2\/etheme_brands?post=21434"},{"taxonomy":"product_brand","embeddable":true,"href":"https:\/\/www.pasovi-verona.si\/en\/wp-json\/wp\/v2\/product_brand?post=21434"},{"taxonomy":"product_cat","embeddable":true,"href":"https:\/\/www.pasovi-verona.si\/en\/wp-json\/wp\/v2\/product_cat?post=21434"},{"taxonomy":"product_tag","embeddable":true,"href":"https:\/\/www.pasovi-verona.si\/en\/wp-json\/wp\/v2\/product_tag?post=21434"}],"curies":[{"name":"wp","href":"https:\/\/api.w.org\/{rel}","templated":true}]}}