{"id":21405,"date":"2024-04-09T18:00:42","date_gmt":"2024-04-09T16:00:42","guid":{"rendered":"https:\/\/www.pasovi-verona.si\/?post_type=product&#038;p=21405"},"modified":"2025-10-21T10:29:17","modified_gmt":"2025-10-21T08:29:17","slug":"zahodni-kavbojski-klobuk-z-amerisko-zastavo-2","status":"publish","type":"product","link":"https:\/\/www.pasovi-verona.si\/en\/izdelek\/zahodni-kavbojski-klobuk-z-amerisko-zastavo-2\/","title":{"rendered":"Zahodni kavbojski klobuk z ameri\u0161ko zastavo"},"content":{"rendered":"<p>Oblikovalen zahodni slamnati klobuk z zanimivo barvo in okrasnim trakom.\u00a0Z elasti\u010dnim notranjim trakom.<\/p>\n<p>Slamnati klobuk je sicer uporabljen in zasnovan za za\u0161\u010dito glave pred soncem, danes pa se nosi veliko bolj kot modno obla\u010dilo<\/p>\n<p>\u0160tevilka je <strong><span style=\"text-decoration: underline\"><span style=\"color: #ff0000;text-decoration: underline\">ENA VELIKOST<\/span><\/span><\/strong><\/p>\n<p>Zraven lahko dobite &#8211;<strong>\u00a0<\/strong><em><strong> Samolepilni trak Za Zmanj\u0161anje Velikosti Klobuka Penasti Zvitek, kot ga vidite na sliki<\/strong><\/em><\/p>\n","protected":false},"excerpt":{"rendered":"<p>Oblikovalen zahodni slamnati klobuk z zanimivo barvo in okrasnim trakom.\u00a0Z elasti\u010dnim notranjim trakom. Slamnati klobuk je sicer uporabljen in zasnovan za za\u0161\u010dito glave pred soncem,&#8230;<\/p>\n","protected":false},"featured_media":21215,"comment_status":"open","ping_status":"closed","template":"","meta":{"_seopress_robots_primary_cat":"none","_seopress_titles_title":"","_seopress_titles_desc":"","_seopress_robots_index":""},"etheme_brands":[],"product_brand":[],"product_cat":[548],"product_tag":[],"class_list":{"0":"post-21405","1":"product","2":"type-product","3":"status-publish","4":"has-post-thumbnail","6":"product_cat-country-klobuki","8":"first","9":"instock","10":"shipping-taxable","11":"purchasable","12":"product-type-simple"},"_links":{"self":[{"href":"https:\/\/www.pasovi-verona.si\/en\/wp-json\/wp\/v2\/product\/21405","targetHints":{"allow":["GET"]}}],"collection":[{"href":"https:\/\/www.pasovi-verona.si\/en\/wp-json\/wp\/v2\/product"}],"about":[{"href":"https:\/\/www.pasovi-verona.si\/en\/wp-json\/wp\/v2\/types\/product"}],"replies":[{"embeddable":true,"href":"https:\/\/www.pasovi-verona.si\/en\/wp-json\/wp\/v2\/comments?post=21405"}],"wp:featuredmedia":[{"embeddable":true,"href":"https:\/\/www.pasovi-verona.si\/en\/wp-json\/wp\/v2\/media\/21215"}],"wp:attachment":[{"href":"https:\/\/www.pasovi-verona.si\/en\/wp-json\/wp\/v2\/media?parent=21405"}],"wp:term":[{"taxonomy":"brand","embeddable":true,"href":"https:\/\/www.pasovi-verona.si\/en\/wp-json\/wp\/v2\/etheme_brands?post=21405"},{"taxonomy":"product_brand","embeddable":true,"href":"https:\/\/www.pasovi-verona.si\/en\/wp-json\/wp\/v2\/product_brand?post=21405"},{"taxonomy":"product_cat","embeddable":true,"href":"https:\/\/www.pasovi-verona.si\/en\/wp-json\/wp\/v2\/product_cat?post=21405"},{"taxonomy":"product_tag","embeddable":true,"href":"https:\/\/www.pasovi-verona.si\/en\/wp-json\/wp\/v2\/product_tag?post=21405"}],"curies":[{"name":"wp","href":"https:\/\/api.w.org\/{rel}","templated":true}]}}