{"id":21359,"date":"2024-04-09T16:49:18","date_gmt":"2024-04-09T14:49:18","guid":{"rendered":"https:\/\/www.pasovi-verona.si\/?post_type=product&#038;p=21359"},"modified":"2024-04-09T16:50:17","modified_gmt":"2024-04-09T14:50:17","slug":"western-cowboy-slamnati-klobuk","status":"publish","type":"product","link":"https:\/\/www.pasovi-verona.si\/en\/izdelek\/western-cowboy-slamnati-klobuk\/","title":{"rendered":"Western Cowboy Slamnati klobuk"},"content":{"rendered":"<p>Oblikovalen zahodni slamnati klobuk z zanimivo barvo in okrasnim trakom.\u00a0Z elasti\u010dnim notranjim trakom.<\/p>\n<p>Slamnati klobuk je sicer uporabljen in zasnovan za za\u0161\u010dito glave pred soncem, danes pa se nosi veliko bolj kot modno obla\u010dilo<\/p>\n<p>\u0160tevilka je\u00a0<strong>ENA VELIKOST<\/strong><\/p>\n<p>Zraven lahko dobite \u2013<strong>\u00a0<\/strong><em><strong>\u00a0Samolepilni trak Za Zmanj\u0161anje Velikosti Klobuka Penasti Zvitek, kot ga vidite na sliki<\/strong><\/em><\/p>\n","protected":false},"excerpt":{"rendered":"<p>Oblikovalen zahodni slamnati klobuk z zanimivo barvo in okrasnim trakom.\u00a0Z elasti\u010dnim notranjim trakom. Slamnati klobuk je sicer uporabljen in zasnovan za za\u0161\u010dito glave pred soncem,&#8230;<\/p>\n","protected":false},"featured_media":21241,"comment_status":"open","ping_status":"closed","template":"","meta":{"_seopress_robots_primary_cat":"","_seopress_titles_title":"","_seopress_titles_desc":"","_seopress_robots_index":""},"etheme_brands":[],"product_brand":[],"product_cat":[],"product_tag":[],"class_list":{"0":"post-21359","1":"product","2":"type-product","3":"status-publish","4":"has-post-thumbnail","7":"first","8":"instock","9":"shipping-taxable","10":"purchasable","11":"product-type-simple"},"_links":{"self":[{"href":"https:\/\/www.pasovi-verona.si\/en\/wp-json\/wp\/v2\/product\/21359","targetHints":{"allow":["GET"]}}],"collection":[{"href":"https:\/\/www.pasovi-verona.si\/en\/wp-json\/wp\/v2\/product"}],"about":[{"href":"https:\/\/www.pasovi-verona.si\/en\/wp-json\/wp\/v2\/types\/product"}],"replies":[{"embeddable":true,"href":"https:\/\/www.pasovi-verona.si\/en\/wp-json\/wp\/v2\/comments?post=21359"}],"wp:featuredmedia":[{"embeddable":true,"href":"https:\/\/www.pasovi-verona.si\/en\/wp-json\/wp\/v2\/media\/21241"}],"wp:attachment":[{"href":"https:\/\/www.pasovi-verona.si\/en\/wp-json\/wp\/v2\/media?parent=21359"}],"wp:term":[{"taxonomy":"brand","embeddable":true,"href":"https:\/\/www.pasovi-verona.si\/en\/wp-json\/wp\/v2\/etheme_brands?post=21359"},{"taxonomy":"product_brand","embeddable":true,"href":"https:\/\/www.pasovi-verona.si\/en\/wp-json\/wp\/v2\/product_brand?post=21359"},{"taxonomy":"product_cat","embeddable":true,"href":"https:\/\/www.pasovi-verona.si\/en\/wp-json\/wp\/v2\/product_cat?post=21359"},{"taxonomy":"product_tag","embeddable":true,"href":"https:\/\/www.pasovi-verona.si\/en\/wp-json\/wp\/v2\/product_tag?post=21359"}],"curies":[{"name":"wp","href":"https:\/\/api.w.org\/{rel}","templated":true}]}}