{"id":21203,"date":"2024-04-09T11:53:27","date_gmt":"2024-04-09T09:53:27","guid":{"rendered":"https:\/\/www.pasovi-verona.si\/?post_type=product&#038;p=21203"},"modified":"2025-03-24T10:39:25","modified_gmt":"2025-03-24T09:39:25","slug":"slamnati-klobuk-za-moske-in-zenske-kavbojski-klobuk","status":"publish","type":"product","link":"https:\/\/www.pasovi-verona.si\/en\/izdelek\/slamnati-klobuk-za-moske-in-zenske-kavbojski-klobuk\/","title":{"rendered":"Slamnati western kavbojski klobuk &#8211; 4"},"content":{"rendered":"<p>Oblikovalen zahodni slamnati klobuk z zanimivo barvo in okrasnim trakom.\u00a0Z elasti\u010dnim notranjim trakom.<\/p>\n<p>Slamnati klobuk je sicer uporabljen in zasnovan za za\u0161\u010dito glave pred soncem, danes pa se nosi veliko bolj kot modno obla\u010dilo<\/p>\n<p>\u0160tevilka je\u00a0<strong>ENA VELIKOST<\/strong><\/p>\n<p>Zraven lahko dobite &#8211;<strong>\u00a0<\/strong><em><strong> Samolepilni trak Za Zmanj\u0161anje Velikosti Klobuka Penasti Zvitek, kot ga vidite na sliki<\/strong><\/em><\/p>\n<p>&nbsp;<\/p>\n","protected":false},"excerpt":{"rendered":"<p>Oblikovalen zahodni slamnati klobuk z zanimivo barvo in okrasnim trakom.\u00a0Z elasti\u010dnim notranjim trakom. Slamnati klobuk je sicer uporabljen in zasnovan za za\u0161\u010dito glave pred soncem,&#8230;<\/p>\n","protected":false},"featured_media":21184,"comment_status":"open","ping_status":"closed","template":"","meta":{"_seopress_robots_primary_cat":"none","_seopress_titles_title":"","_seopress_titles_desc":"","_seopress_robots_index":""},"etheme_brands":[],"product_brand":[],"product_cat":[548],"product_tag":[],"class_list":{"0":"post-21203","1":"product","2":"type-product","3":"status-publish","4":"has-post-thumbnail","6":"product_cat-country-klobuki","8":"first","9":"outofstock","10":"shipping-taxable","11":"purchasable","12":"product-type-simple"},"_links":{"self":[{"href":"https:\/\/www.pasovi-verona.si\/en\/wp-json\/wp\/v2\/product\/21203","targetHints":{"allow":["GET"]}}],"collection":[{"href":"https:\/\/www.pasovi-verona.si\/en\/wp-json\/wp\/v2\/product"}],"about":[{"href":"https:\/\/www.pasovi-verona.si\/en\/wp-json\/wp\/v2\/types\/product"}],"replies":[{"embeddable":true,"href":"https:\/\/www.pasovi-verona.si\/en\/wp-json\/wp\/v2\/comments?post=21203"}],"wp:featuredmedia":[{"embeddable":true,"href":"https:\/\/www.pasovi-verona.si\/en\/wp-json\/wp\/v2\/media\/21184"}],"wp:attachment":[{"href":"https:\/\/www.pasovi-verona.si\/en\/wp-json\/wp\/v2\/media?parent=21203"}],"wp:term":[{"taxonomy":"brand","embeddable":true,"href":"https:\/\/www.pasovi-verona.si\/en\/wp-json\/wp\/v2\/etheme_brands?post=21203"},{"taxonomy":"product_brand","embeddable":true,"href":"https:\/\/www.pasovi-verona.si\/en\/wp-json\/wp\/v2\/product_brand?post=21203"},{"taxonomy":"product_cat","embeddable":true,"href":"https:\/\/www.pasovi-verona.si\/en\/wp-json\/wp\/v2\/product_cat?post=21203"},{"taxonomy":"product_tag","embeddable":true,"href":"https:\/\/www.pasovi-verona.si\/en\/wp-json\/wp\/v2\/product_tag?post=21203"}],"curies":[{"name":"wp","href":"https:\/\/api.w.org\/{rel}","templated":true}]}}