{"id":21178,"date":"2024-04-09T11:29:39","date_gmt":"2024-04-09T09:29:39","guid":{"rendered":"https:\/\/www.pasovi-verona.si\/?post_type=product&#038;p=21178"},"modified":"2024-04-09T11:33:44","modified_gmt":"2024-04-09T09:33:44","slug":"western-slamnik-ki-ohranja-obliko-s-cvetlicnim-izvezenim-usnjenim-trakom-in-okrasnimi-kamencki","status":"publish","type":"product","link":"https:\/\/www.pasovi-verona.si\/en\/izdelek\/western-slamnik-ki-ohranja-obliko-s-cvetlicnim-izvezenim-usnjenim-trakom-in-okrasnimi-kamencki\/","title":{"rendered":"Western slamnik, ki ohranja obliko s cvetli\u010dnim izvezenim usnjenim trakom,  in okrasnimi kamen\u010dki."},"content":{"rendered":"<p>Dovr\u0161eno izvezen zunanji rob je prav tako prekrit z usnjem in okra\u0161en z kamen\u010dki in majhnimi \u010depki. Udobno prileganje z mehkim notranjim trakom.<\/p>\n<p>Notri je trak , ki omogo\u010da dodatno nastavitev velikosti.<\/p>\n","protected":false},"excerpt":{"rendered":"<p>Dovr\u0161eno izvezen zunanji rob je prav tako prekrit z usnjem in okra\u0161en z kamen\u010dki in majhnimi \u010depki. Udobno prileganje z mehkim notranjim trakom. Notri je&#8230;<\/p>\n","protected":false},"featured_media":21188,"comment_status":"open","ping_status":"closed","template":"","meta":{"_seopress_robots_primary_cat":"none","_seopress_titles_title":"","_seopress_titles_desc":"","_seopress_robots_index":""},"etheme_brands":[],"product_brand":[],"product_cat":[548],"product_tag":[],"class_list":{"0":"post-21178","1":"product","2":"type-product","3":"status-publish","4":"has-post-thumbnail","6":"product_cat-country-klobuki","8":"first","9":"instock","10":"shipping-taxable","11":"purchasable","12":"product-type-variable"},"_links":{"self":[{"href":"https:\/\/www.pasovi-verona.si\/en\/wp-json\/wp\/v2\/product\/21178","targetHints":{"allow":["GET"]}}],"collection":[{"href":"https:\/\/www.pasovi-verona.si\/en\/wp-json\/wp\/v2\/product"}],"about":[{"href":"https:\/\/www.pasovi-verona.si\/en\/wp-json\/wp\/v2\/types\/product"}],"replies":[{"embeddable":true,"href":"https:\/\/www.pasovi-verona.si\/en\/wp-json\/wp\/v2\/comments?post=21178"}],"wp:featuredmedia":[{"embeddable":true,"href":"https:\/\/www.pasovi-verona.si\/en\/wp-json\/wp\/v2\/media\/21188"}],"wp:attachment":[{"href":"https:\/\/www.pasovi-verona.si\/en\/wp-json\/wp\/v2\/media?parent=21178"}],"wp:term":[{"taxonomy":"brand","embeddable":true,"href":"https:\/\/www.pasovi-verona.si\/en\/wp-json\/wp\/v2\/etheme_brands?post=21178"},{"taxonomy":"product_brand","embeddable":true,"href":"https:\/\/www.pasovi-verona.si\/en\/wp-json\/wp\/v2\/product_brand?post=21178"},{"taxonomy":"product_cat","embeddable":true,"href":"https:\/\/www.pasovi-verona.si\/en\/wp-json\/wp\/v2\/product_cat?post=21178"},{"taxonomy":"product_tag","embeddable":true,"href":"https:\/\/www.pasovi-verona.si\/en\/wp-json\/wp\/v2\/product_tag?post=21178"}],"curies":[{"name":"wp","href":"https:\/\/api.w.org\/{rel}","templated":true}]}}