{"id":20081,"date":"2023-10-21T15:51:39","date_gmt":"2023-10-21T13:51:39","guid":{"rendered":"https:\/\/www.pasovi-verona.si\/?post_type=product&#038;p=20081"},"modified":"2023-10-21T15:51:40","modified_gmt":"2023-10-21T13:51:40","slug":"western-ogrlice","status":"publish","type":"product","link":"https:\/\/www.pasovi-verona.si\/en\/izdelek\/western-ogrlice\/","title":{"rendered":"Western ogrlice"},"content":{"rendered":"<p>Western ogrlice izdelujem sam ,\u010de Vam je katera vse\u010d mi javite katera ker jih je toliko nisem slikal vsake posebej.<\/p>\n<p><span style=\"text-decoration: underline;\"><strong><span style=\"color: #ff0000; font-size: 32px; text-decoration: underline;\">Javim, \u010de je na zalogi<\/span><\/strong><\/span><\/p>\n","protected":false},"excerpt":{"rendered":"<p>Western ogrlice izdelujem sam ,\u010de Vam je katera vse\u010d mi javite katera ker jih je toliko nisem slikal vsake posebej. Javim, \u010de je na zalogi<\/p>\n","protected":false},"featured_media":19948,"comment_status":"open","ping_status":"closed","template":"","meta":{"_seopress_robots_primary_cat":"","_seopress_titles_title":"","_seopress_titles_desc":"","_seopress_robots_index":""},"etheme_brands":[],"product_brand":[],"product_cat":[214],"product_tag":[],"class_list":{"0":"post-20081","1":"product","2":"type-product","3":"status-publish","4":"has-post-thumbnail","6":"product_cat-fashion-accessories","8":"first","9":"instock","10":"shipping-taxable","11":"purchasable","12":"product-type-simple"},"_links":{"self":[{"href":"https:\/\/www.pasovi-verona.si\/en\/wp-json\/wp\/v2\/product\/20081","targetHints":{"allow":["GET"]}}],"collection":[{"href":"https:\/\/www.pasovi-verona.si\/en\/wp-json\/wp\/v2\/product"}],"about":[{"href":"https:\/\/www.pasovi-verona.si\/en\/wp-json\/wp\/v2\/types\/product"}],"replies":[{"embeddable":true,"href":"https:\/\/www.pasovi-verona.si\/en\/wp-json\/wp\/v2\/comments?post=20081"}],"wp:featuredmedia":[{"embeddable":true,"href":"https:\/\/www.pasovi-verona.si\/en\/wp-json\/wp\/v2\/media\/19948"}],"wp:attachment":[{"href":"https:\/\/www.pasovi-verona.si\/en\/wp-json\/wp\/v2\/media?parent=20081"}],"wp:term":[{"taxonomy":"brand","embeddable":true,"href":"https:\/\/www.pasovi-verona.si\/en\/wp-json\/wp\/v2\/etheme_brands?post=20081"},{"taxonomy":"product_brand","embeddable":true,"href":"https:\/\/www.pasovi-verona.si\/en\/wp-json\/wp\/v2\/product_brand?post=20081"},{"taxonomy":"product_cat","embeddable":true,"href":"https:\/\/www.pasovi-verona.si\/en\/wp-json\/wp\/v2\/product_cat?post=20081"},{"taxonomy":"product_tag","embeddable":true,"href":"https:\/\/www.pasovi-verona.si\/en\/wp-json\/wp\/v2\/product_tag?post=20081"}],"curies":[{"name":"wp","href":"https:\/\/api.w.org\/{rel}","templated":true}]}}