{"id":20072,"date":"2023-10-21T15:31:08","date_gmt":"2023-10-21T13:31:08","guid":{"rendered":"https:\/\/www.pasovi-verona.si\/?post_type=product&#038;p=20072"},"modified":"2023-10-21T15:31:54","modified_gmt":"2023-10-21T13:31:54","slug":"contry-klobuk-palmova-slama","status":"publish","type":"product","link":"https:\/\/www.pasovi-verona.si\/en\/izdelek\/contry-klobuk-palmova-slama\/","title":{"rendered":"Contry klobuk &#8211; palmova slama"},"content":{"rendered":"<p>&nbsp;<\/p>\n<p><span class=\"label\">Material:<\/span><span class=\"value\">100% palmova slama<\/span><\/p>\n<p>Slamnati klobuk je sicer uporabljen in zasnovan za za\u0161\u010dito glave pred soncem, danes pa se nosi veliko bolj kot modno obla\u010dilo<\/p>\n<p>Oblikovno stabilen western slamnik z zanimivimi barvnimi in blagovnimi u\u010dinki.\u00a0Trak za klobuk ima okrasne konho.\u00a0Z elasti\u010dnim notranjim trakom.<\/p>\n<p>&nbsp;<\/p>\n<p><span style=\"text-decoration: underline;\"><span style=\"color: #ff0000; text-decoration: underline;\">\u0160tevilka je od 56 &#8211; 58<\/span><\/span><\/p>\n","protected":false},"excerpt":{"rendered":"<p>&nbsp; Material:100% palmova slama Slamnati klobuk je sicer uporabljen in zasnovan za za\u0161\u010dito glave pred soncem, danes pa se nosi veliko bolj kot modno obla\u010dilo&#8230;<\/p>\n","protected":false},"featured_media":20020,"comment_status":"open","ping_status":"closed","template":"","meta":{"_seopress_robots_primary_cat":"","_seopress_titles_title":"","_seopress_titles_desc":"","_seopress_robots_index":""},"etheme_brands":[],"product_brand":[],"product_cat":[],"product_tag":[],"class_list":{"0":"post-20072","1":"product","2":"type-product","3":"status-publish","4":"has-post-thumbnail","7":"first","8":"instock","9":"shipping-taxable","10":"purchasable","11":"product-type-simple"},"_links":{"self":[{"href":"https:\/\/www.pasovi-verona.si\/en\/wp-json\/wp\/v2\/product\/20072","targetHints":{"allow":["GET"]}}],"collection":[{"href":"https:\/\/www.pasovi-verona.si\/en\/wp-json\/wp\/v2\/product"}],"about":[{"href":"https:\/\/www.pasovi-verona.si\/en\/wp-json\/wp\/v2\/types\/product"}],"replies":[{"embeddable":true,"href":"https:\/\/www.pasovi-verona.si\/en\/wp-json\/wp\/v2\/comments?post=20072"}],"wp:featuredmedia":[{"embeddable":true,"href":"https:\/\/www.pasovi-verona.si\/en\/wp-json\/wp\/v2\/media\/20020"}],"wp:attachment":[{"href":"https:\/\/www.pasovi-verona.si\/en\/wp-json\/wp\/v2\/media?parent=20072"}],"wp:term":[{"taxonomy":"brand","embeddable":true,"href":"https:\/\/www.pasovi-verona.si\/en\/wp-json\/wp\/v2\/etheme_brands?post=20072"},{"taxonomy":"product_brand","embeddable":true,"href":"https:\/\/www.pasovi-verona.si\/en\/wp-json\/wp\/v2\/product_brand?post=20072"},{"taxonomy":"product_cat","embeddable":true,"href":"https:\/\/www.pasovi-verona.si\/en\/wp-json\/wp\/v2\/product_cat?post=20072"},{"taxonomy":"product_tag","embeddable":true,"href":"https:\/\/www.pasovi-verona.si\/en\/wp-json\/wp\/v2\/product_tag?post=20072"}],"curies":[{"name":"wp","href":"https:\/\/api.w.org\/{rel}","templated":true}]}}