{"id":18996,"date":"2021-11-27T19:17:43","date_gmt":"2021-11-27T18:17:43","guid":{"rendered":"https:\/\/www.pasovi-verona.si\/?post_type=product&#038;p=18996"},"modified":"2025-06-30T18:50:51","modified_gmt":"2025-06-30T16:50:51","slug":"usnjeni-western-pas-s1","status":"publish","type":"product","link":"https:\/\/www.pasovi-verona.si\/en\/izdelek\/usnjeni-western-pas-s1\/","title":{"rendered":"Usnjeni pas  V1"},"content":{"rendered":"<p>Western pas <span style=\"color: #ff0000\"><strong><span style=\"text-decoration: underline\">R58<\/span><\/strong><\/span>\u00a0je \u0161irine 3 do 4 cm in je iz enega kosa usnja debeline . Pasovi so izdelani v Sloveniji in so zelo kvalitetni ter trpe\u017eni.<\/p>\n<p>Pas vam izdelamo na mero. V opombe le vpi\u0161ite \u017eeleno dol\u017eino pasu. Priporo\u010damo, da zmerite obstoje\u010d pas, ki vam je prav. \u010ce ne boste vpisali dol\u017eino pasu vam bomo poslali srednje dolg pas, ki pa ga lahko tudi sami skraj\u0161ate. Za kraj\u0161anje doma potrebujete \u0161karje, luknja\u010d ter izvija\u010d.<\/p>\n<p><strong>\u00a0<\/strong><\/p>\n<p>&nbsp;<\/p>\n<p><strong><a href=\"https:\/\/www.pasovi-verona.si\/kako-pomerimo-pas\/\">Klikni tukaj da vidi\u0161 kako izmeriti pas<\/a><\/strong><\/p>\n","protected":false},"excerpt":{"rendered":"<p>Western pas R58\u00a0je \u0161irine 3 do 4 cm in je iz enega kosa usnja debeline . Pasovi so izdelani v Sloveniji in so zelo kvalitetni&#8230;<\/p>\n","protected":false},"featured_media":18983,"comment_status":"open","ping_status":"closed","template":"","meta":{"_seopress_robots_primary_cat":"","_seopress_titles_title":"","_seopress_titles_desc":"","_seopress_robots_index":""},"etheme_brands":[],"product_brand":[],"product_cat":[199],"product_tag":[],"class_list":{"0":"post-18996","1":"product","2":"type-product","3":"status-publish","4":"has-post-thumbnail","6":"product_cat-belts","8":"first","9":"instock","10":"shipping-taxable","11":"purchasable","12":"product-type-variable"},"_links":{"self":[{"href":"https:\/\/www.pasovi-verona.si\/en\/wp-json\/wp\/v2\/product\/18996","targetHints":{"allow":["GET"]}}],"collection":[{"href":"https:\/\/www.pasovi-verona.si\/en\/wp-json\/wp\/v2\/product"}],"about":[{"href":"https:\/\/www.pasovi-verona.si\/en\/wp-json\/wp\/v2\/types\/product"}],"replies":[{"embeddable":true,"href":"https:\/\/www.pasovi-verona.si\/en\/wp-json\/wp\/v2\/comments?post=18996"}],"wp:featuredmedia":[{"embeddable":true,"href":"https:\/\/www.pasovi-verona.si\/en\/wp-json\/wp\/v2\/media\/18983"}],"wp:attachment":[{"href":"https:\/\/www.pasovi-verona.si\/en\/wp-json\/wp\/v2\/media?parent=18996"}],"wp:term":[{"taxonomy":"brand","embeddable":true,"href":"https:\/\/www.pasovi-verona.si\/en\/wp-json\/wp\/v2\/etheme_brands?post=18996"},{"taxonomy":"product_brand","embeddable":true,"href":"https:\/\/www.pasovi-verona.si\/en\/wp-json\/wp\/v2\/product_brand?post=18996"},{"taxonomy":"product_cat","embeddable":true,"href":"https:\/\/www.pasovi-verona.si\/en\/wp-json\/wp\/v2\/product_cat?post=18996"},{"taxonomy":"product_tag","embeddable":true,"href":"https:\/\/www.pasovi-verona.si\/en\/wp-json\/wp\/v2\/product_tag?post=18996"}],"curies":[{"name":"wp","href":"https:\/\/api.w.org\/{rel}","templated":true}]}}