{"id":18910,"date":"2021-07-25T10:23:53","date_gmt":"2021-07-25T08:23:53","guid":{"rendered":"https:\/\/www.pasovi-verona.si\/?post_type=product&#038;p=18910"},"modified":"2022-11-11T08:46:45","modified_gmt":"2022-11-11T07:46:45","slug":"sponka-za-lase","status":"publish","type":"product","link":"https:\/\/www.pasovi-verona.si\/en\/izdelek\/sponka-za-lase\/","title":{"rendered":"Sponka za lase"},"content":{"rendered":"<p>Sponka za lase narejena iz usnja, \u010de ima kdo \u017eeljo kak\u0161en motiv bi imel naj sporo\u010di.<\/p>\n<p>Izberite \u0161tevilko in mi javite.<\/p>\n","protected":false},"excerpt":{"rendered":"<p>Sponka za lase narejena iz usnja, \u010de ima kdo \u017eeljo kak\u0161en motiv bi imel naj sporo\u010di. Izberite \u0161tevilko in mi javite.<\/p>\n","protected":false},"featured_media":18908,"comment_status":"open","ping_status":"closed","template":"","meta":{"_seopress_robots_primary_cat":"","_seopress_titles_title":"","_seopress_titles_desc":"","_seopress_robots_index":""},"etheme_brands":[],"product_brand":[],"product_cat":[568],"product_tag":[],"class_list":{"0":"post-18910","1":"product","2":"type-product","3":"status-publish","4":"has-post-thumbnail","6":"product_cat-western-dodatki","8":"first","9":"outofstock","10":"shipping-taxable","11":"purchasable","12":"product-type-simple"},"_links":{"self":[{"href":"https:\/\/www.pasovi-verona.si\/en\/wp-json\/wp\/v2\/product\/18910","targetHints":{"allow":["GET"]}}],"collection":[{"href":"https:\/\/www.pasovi-verona.si\/en\/wp-json\/wp\/v2\/product"}],"about":[{"href":"https:\/\/www.pasovi-verona.si\/en\/wp-json\/wp\/v2\/types\/product"}],"replies":[{"embeddable":true,"href":"https:\/\/www.pasovi-verona.si\/en\/wp-json\/wp\/v2\/comments?post=18910"}],"wp:featuredmedia":[{"embeddable":true,"href":"https:\/\/www.pasovi-verona.si\/en\/wp-json\/wp\/v2\/media\/18908"}],"wp:attachment":[{"href":"https:\/\/www.pasovi-verona.si\/en\/wp-json\/wp\/v2\/media?parent=18910"}],"wp:term":[{"taxonomy":"brand","embeddable":true,"href":"https:\/\/www.pasovi-verona.si\/en\/wp-json\/wp\/v2\/etheme_brands?post=18910"},{"taxonomy":"product_brand","embeddable":true,"href":"https:\/\/www.pasovi-verona.si\/en\/wp-json\/wp\/v2\/product_brand?post=18910"},{"taxonomy":"product_cat","embeddable":true,"href":"https:\/\/www.pasovi-verona.si\/en\/wp-json\/wp\/v2\/product_cat?post=18910"},{"taxonomy":"product_tag","embeddable":true,"href":"https:\/\/www.pasovi-verona.si\/en\/wp-json\/wp\/v2\/product_tag?post=18910"}],"curies":[{"name":"wp","href":"https:\/\/api.w.org\/{rel}","templated":true}]}}