{"id":18746,"date":"2021-04-27T08:53:27","date_gmt":"2021-04-27T06:53:27","guid":{"rendered":"https:\/\/www.pasovi-verona.si\/?post_type=product&#038;p=18746"},"modified":"2024-05-10T09:47:52","modified_gmt":"2024-05-10T07:47:52","slug":"western-pas-z-navadno-zaponko-z-1","status":"publish","type":"product","link":"https:\/\/www.pasovi-verona.si\/en\/izdelek\/western-pas-z-navadno-zaponko-z-1\/","title":{"rendered":"Western pas  z navadno zaponko   Z-1"},"content":{"rendered":"<p><b>Mo\u0161ki in \u017eenski usnjeni pasovi so pomemben modni dodatek vsakega mo\u0161kega ali \u017eenske.<\/b><\/p>\n<p><b>Za razliko od drugih materialov, so usnjeni pasovi kompakni in vzdr\u017eljivi, zaradi preverjene kvalitete materiala ne pokajo.<\/b><\/p>\n<p><strong>Pas je narejen iz enovitega kosa usnja, je brez umetnih dodatkov.<\/strong><\/p>\n<p><b>Lastnosti:<\/b><\/p>\n<ul>\n<li>Razli\u010dne dol\u017eine in barve<\/li>\n<li>Enovit kos govejega usnja<\/li>\n<li>Kvalitetna kovinska sponka sodobno elegantnega videza<\/li>\n<li>\u0160irina: \u00a0<strong>3,5cm in 3,8cm<\/strong><\/li>\n<\/ul>\n","protected":false},"excerpt":{"rendered":"<p>Mo\u0161ki in \u017eenski usnjeni pasovi so pomemben modni dodatek vsakega mo\u0161kega ali \u017eenske. Za razliko od drugih materialov, so usnjeni pasovi kompakni in vzdr\u017eljivi, zaradi&#8230;<\/p>\n","protected":false},"featured_media":18731,"comment_status":"open","ping_status":"closed","template":"","meta":{"_seopress_robots_primary_cat":"none","_seopress_titles_title":"","_seopress_titles_desc":"","_seopress_robots_index":""},"etheme_brands":[],"product_brand":[],"product_cat":[575],"product_tag":[],"class_list":{"0":"post-18746","1":"product","2":"type-product","3":"status-publish","4":"has-post-thumbnail","6":"product_cat-z-navadno-zaponko","8":"first","9":"instock","10":"shipping-taxable","11":"purchasable","12":"product-type-variable"},"_links":{"self":[{"href":"https:\/\/www.pasovi-verona.si\/en\/wp-json\/wp\/v2\/product\/18746","targetHints":{"allow":["GET"]}}],"collection":[{"href":"https:\/\/www.pasovi-verona.si\/en\/wp-json\/wp\/v2\/product"}],"about":[{"href":"https:\/\/www.pasovi-verona.si\/en\/wp-json\/wp\/v2\/types\/product"}],"replies":[{"embeddable":true,"href":"https:\/\/www.pasovi-verona.si\/en\/wp-json\/wp\/v2\/comments?post=18746"}],"wp:featuredmedia":[{"embeddable":true,"href":"https:\/\/www.pasovi-verona.si\/en\/wp-json\/wp\/v2\/media\/18731"}],"wp:attachment":[{"href":"https:\/\/www.pasovi-verona.si\/en\/wp-json\/wp\/v2\/media?parent=18746"}],"wp:term":[{"taxonomy":"brand","embeddable":true,"href":"https:\/\/www.pasovi-verona.si\/en\/wp-json\/wp\/v2\/etheme_brands?post=18746"},{"taxonomy":"product_brand","embeddable":true,"href":"https:\/\/www.pasovi-verona.si\/en\/wp-json\/wp\/v2\/product_brand?post=18746"},{"taxonomy":"product_cat","embeddable":true,"href":"https:\/\/www.pasovi-verona.si\/en\/wp-json\/wp\/v2\/product_cat?post=18746"},{"taxonomy":"product_tag","embeddable":true,"href":"https:\/\/www.pasovi-verona.si\/en\/wp-json\/wp\/v2\/product_tag?post=18746"}],"curies":[{"name":"wp","href":"https:\/\/api.w.org\/{rel}","templated":true}]}}