{"id":18708,"date":"2021-03-29T19:45:37","date_gmt":"2021-03-29T17:45:37","guid":{"rendered":"https:\/\/www.pasovi-verona.si\/?post_type=product&#038;p=18708"},"modified":"2024-06-02T20:13:40","modified_gmt":"2024-06-02T18:13:40","slug":"lovski-pas-o6","status":"publish","type":"product","link":"https:\/\/www.pasovi-verona.si\/en\/izdelek\/lovski-pas-o6\/","title":{"rendered":"Lovski pas L7"},"content":{"rendered":"<p>Usnjen pas je zasnovan za udobje in mo\u010d.\u00a0 Izdelan iz visokokakovostnega polnozrnatega usnja, vam bo slu\u017eil vse \u017eivljenje.<\/p>\n<p>Ti dobro izdelani pasovi so zasnovani tako, da se udobno prilegajo ve\u010dini zank za hla\u010dne pasove in bodo zdr\u017eali leta in leta. Ne bo vam \u017eal, \u010de kupite enega od teh!<\/p>\n<p><strong>Lovski\u00a0 pasovi se merijo od konca traku na strani zaponke do sredi\u0161\u010da srednje luknje.\u00a0<\/strong><\/p>\n<p>Pas vam izdelamo na mero.<\/p>\n<p>Za kraj\u0161anje doma potrebujete \u0161karje, luknja\u010d ter izvija\u010d.<\/p>\n<p><strong>Cena z zaponko<\/strong><\/p>\n<p><strong><a href=\"https:\/\/www.pasovi-verona.si\/kako-pomerimo-pas\/\">Klikni tukaj da vidi\u0161 kako izmeriti pas<\/a><\/strong><\/p>\n<p>&nbsp;<\/p>\n","protected":false},"excerpt":{"rendered":"<p>Usnjen pas je zasnovan za udobje in mo\u010d.\u00a0 Izdelan iz visokokakovostnega polnozrnatega usnja, vam bo slu\u017eil vse \u017eivljenje. Ti dobro izdelani pasovi so zasnovani tako,&#8230;<\/p>\n","protected":false},"featured_media":18695,"comment_status":"open","ping_status":"closed","template":"","meta":{"_seopress_robots_primary_cat":"none","_seopress_titles_title":"","_seopress_titles_desc":"","_seopress_robots_index":""},"etheme_brands":[],"product_brand":[],"product_cat":[208],"product_tag":[],"class_list":{"0":"post-18708","1":"product","2":"type-product","3":"status-publish","4":"has-post-thumbnail","6":"product_cat-lovski-pasovi","8":"first","9":"instock","10":"shipping-taxable","11":"product-type-variable"},"_links":{"self":[{"href":"https:\/\/www.pasovi-verona.si\/en\/wp-json\/wp\/v2\/product\/18708","targetHints":{"allow":["GET"]}}],"collection":[{"href":"https:\/\/www.pasovi-verona.si\/en\/wp-json\/wp\/v2\/product"}],"about":[{"href":"https:\/\/www.pasovi-verona.si\/en\/wp-json\/wp\/v2\/types\/product"}],"replies":[{"embeddable":true,"href":"https:\/\/www.pasovi-verona.si\/en\/wp-json\/wp\/v2\/comments?post=18708"}],"wp:featuredmedia":[{"embeddable":true,"href":"https:\/\/www.pasovi-verona.si\/en\/wp-json\/wp\/v2\/media\/18695"}],"wp:attachment":[{"href":"https:\/\/www.pasovi-verona.si\/en\/wp-json\/wp\/v2\/media?parent=18708"}],"wp:term":[{"taxonomy":"brand","embeddable":true,"href":"https:\/\/www.pasovi-verona.si\/en\/wp-json\/wp\/v2\/etheme_brands?post=18708"},{"taxonomy":"product_brand","embeddable":true,"href":"https:\/\/www.pasovi-verona.si\/en\/wp-json\/wp\/v2\/product_brand?post=18708"},{"taxonomy":"product_cat","embeddable":true,"href":"https:\/\/www.pasovi-verona.si\/en\/wp-json\/wp\/v2\/product_cat?post=18708"},{"taxonomy":"product_tag","embeddable":true,"href":"https:\/\/www.pasovi-verona.si\/en\/wp-json\/wp\/v2\/product_tag?post=18708"}],"curies":[{"name":"wp","href":"https:\/\/api.w.org\/{rel}","templated":true}]}}