{"id":18620,"date":"2021-03-14T13:42:12","date_gmt":"2021-03-14T12:42:12","guid":{"rendered":"https:\/\/www.pasovi-verona.si\/?post_type=product&#038;p=18620"},"modified":"2023-03-07T14:53:05","modified_gmt":"2023-03-07T13:53:05","slug":"kovinska-prisrcnica-cutara-1","status":"publish","type":"product","link":"https:\/\/www.pasovi-verona.si\/en\/izdelek\/kovinska-prisrcnica-cutara-1\/","title":{"rendered":"Kovinska prisr\u010dnica &#8211; \u010dutara 1."},"content":{"rendered":"<p>Kovinska prisr\u010dnica &#8211; \u010dutara oble\u010dena v usnje motivi po \u017eelji &#8230;pi\u0161ite<\/p>\n","protected":false},"excerpt":{"rendered":"<p>Kovinska prisr\u010dnica &#8211; \u010dutara oble\u010dena v usnje motivi po \u017eelji &#8230;pi\u0161ite<\/p>\n","protected":false},"featured_media":18627,"comment_status":"open","ping_status":"closed","template":"","meta":{"_seopress_robots_primary_cat":"","_seopress_titles_title":"","_seopress_titles_desc":"","_seopress_robots_index":""},"etheme_brands":[],"product_brand":[],"product_cat":[565],"product_tag":[],"class_list":{"0":"post-18620","1":"product","2":"type-product","3":"status-publish","4":"has-post-thumbnail","6":"product_cat-prisrcnica-kovinska-cutara","8":"first","9":"instock","10":"shipping-taxable","11":"purchasable","12":"product-type-simple"},"_links":{"self":[{"href":"https:\/\/www.pasovi-verona.si\/en\/wp-json\/wp\/v2\/product\/18620","targetHints":{"allow":["GET"]}}],"collection":[{"href":"https:\/\/www.pasovi-verona.si\/en\/wp-json\/wp\/v2\/product"}],"about":[{"href":"https:\/\/www.pasovi-verona.si\/en\/wp-json\/wp\/v2\/types\/product"}],"replies":[{"embeddable":true,"href":"https:\/\/www.pasovi-verona.si\/en\/wp-json\/wp\/v2\/comments?post=18620"}],"wp:featuredmedia":[{"embeddable":true,"href":"https:\/\/www.pasovi-verona.si\/en\/wp-json\/wp\/v2\/media\/18627"}],"wp:attachment":[{"href":"https:\/\/www.pasovi-verona.si\/en\/wp-json\/wp\/v2\/media?parent=18620"}],"wp:term":[{"taxonomy":"brand","embeddable":true,"href":"https:\/\/www.pasovi-verona.si\/en\/wp-json\/wp\/v2\/etheme_brands?post=18620"},{"taxonomy":"product_brand","embeddable":true,"href":"https:\/\/www.pasovi-verona.si\/en\/wp-json\/wp\/v2\/product_brand?post=18620"},{"taxonomy":"product_cat","embeddable":true,"href":"https:\/\/www.pasovi-verona.si\/en\/wp-json\/wp\/v2\/product_cat?post=18620"},{"taxonomy":"product_tag","embeddable":true,"href":"https:\/\/www.pasovi-verona.si\/en\/wp-json\/wp\/v2\/product_tag?post=18620"}],"curies":[{"name":"wp","href":"https:\/\/api.w.org\/{rel}","templated":true}]}}