{"id":18455,"date":"2021-01-10T18:13:47","date_gmt":"2021-01-10T17:13:47","guid":{"rendered":"https:\/\/www.pasovi-verona.si\/?post_type=product&#038;p=18455"},"modified":"2025-08-19T23:23:35","modified_gmt":"2025-08-19T21:23:35","slug":"usnjena-moska-denarnica-5-4cd","status":"publish","type":"product","link":"https:\/\/www.pasovi-verona.si\/en\/izdelek\/usnjena-moska-denarnica-5-4cd\/","title":{"rendered":"Usnjena mo\u0161ka denarnica &#8211; 9"},"content":{"rendered":"<p>Udobno, nedrse\u010de\u00a0usnje , ki ga je zelo enostavno dr\u017eati<\/p>\n<p>To seveda velja tudi za to odli\u010dno borzo le\u017ee\u010dega formata dimenzij 10 x 12 x 2,5 cm.<\/p>\n<p>Poleg tega ima robustna denarnica skupno 11 predelkov za kreditne kartice, od katerih sta dva prozorna, tako da lahko vedno vidite vsebino denarnice za pomembne dokumente, kot so osebna izkaznica, vozni\u0161ko dovoljenje ali lovska izkaznica. Zahvaljujo\u010d varnostni palici s pritiskom na gumb bodo vse va\u0161e stvari vedno v varnih rokah.<br \/>\nZa majhne predmete, kot so klju\u010di ali nakit, ima denarnica majhen varnostni predal z zadrgo, na voljo pa je tudi skrivni predal. Za shranjevanje denarja sta dva lo\u010dena predala za bankovce. Druga prednost je predal za kovance z zanesljivim mehanizmom na gumb, v katerega lahko varno polo\u017eite svoj drobi\u017e. Nakupovalni \u010dip je vgrajen v predal, tako da ga lahko uporabite za nakupovalni vozi\u010dek in ga imate vedno pri roki.<\/p>\n","protected":false},"excerpt":{"rendered":"<p>Udobno, nedrse\u010de\u00a0usnje , ki ga je zelo enostavno dr\u017eati To seveda velja tudi za to odli\u010dno borzo le\u017ee\u010dega formata dimenzij 10 x 12 x 2,5&#8230;<\/p>\n","protected":false},"featured_media":23980,"comment_status":"open","ping_status":"closed","template":"","meta":{"_seopress_robots_primary_cat":"none","_seopress_titles_title":"","_seopress_titles_desc":"","_seopress_robots_index":""},"etheme_brands":[],"product_brand":[],"product_cat":[563],"product_tag":[],"class_list":{"0":"post-18455","1":"product","2":"type-product","3":"status-publish","4":"has-post-thumbnail","6":"product_cat-moske-usnjene-denarnice","8":"first","9":"instock","10":"shipping-taxable","11":"purchasable","12":"product-type-simple"},"_links":{"self":[{"href":"https:\/\/www.pasovi-verona.si\/en\/wp-json\/wp\/v2\/product\/18455","targetHints":{"allow":["GET"]}}],"collection":[{"href":"https:\/\/www.pasovi-verona.si\/en\/wp-json\/wp\/v2\/product"}],"about":[{"href":"https:\/\/www.pasovi-verona.si\/en\/wp-json\/wp\/v2\/types\/product"}],"replies":[{"embeddable":true,"href":"https:\/\/www.pasovi-verona.si\/en\/wp-json\/wp\/v2\/comments?post=18455"}],"wp:featuredmedia":[{"embeddable":true,"href":"https:\/\/www.pasovi-verona.si\/en\/wp-json\/wp\/v2\/media\/23980"}],"wp:attachment":[{"href":"https:\/\/www.pasovi-verona.si\/en\/wp-json\/wp\/v2\/media?parent=18455"}],"wp:term":[{"taxonomy":"brand","embeddable":true,"href":"https:\/\/www.pasovi-verona.si\/en\/wp-json\/wp\/v2\/etheme_brands?post=18455"},{"taxonomy":"product_brand","embeddable":true,"href":"https:\/\/www.pasovi-verona.si\/en\/wp-json\/wp\/v2\/product_brand?post=18455"},{"taxonomy":"product_cat","embeddable":true,"href":"https:\/\/www.pasovi-verona.si\/en\/wp-json\/wp\/v2\/product_cat?post=18455"},{"taxonomy":"product_tag","embeddable":true,"href":"https:\/\/www.pasovi-verona.si\/en\/wp-json\/wp\/v2\/product_tag?post=18455"}],"curies":[{"name":"wp","href":"https:\/\/api.w.org\/{rel}","templated":true}]}}